{"id":78510,"date":"2023-11-23T14:21:55","date_gmt":"2023-11-23T13:21:55","guid":{"rendered":"https:\/\/whisky.ad\/product\/bladnoch-single-malt-19-yo-467-0-7l\/"},"modified":"2023-11-23T14:21:55","modified_gmt":"2023-11-23T13:21:55","slug":"bladnoch-single-malt-19-yo-467-0-7l","status":"publish","type":"product","link":"https:\/\/whisky.ad\/ca\/producte\/bladnoch-single-malt-19-yo-467-0-7l\/","title":{"rendered":"Bladnoch Single Malt 19 YO 46,7% 0.7L."},"content":{"rendered":"","protected":false},"excerpt":{"rendered":"<p><strong>Bladnoch Single Malt 19 YO, PX Cask, 2023 release<\/strong><\/p>\n<p>Bladnoch \u00e9s la destil\u00b7leria de whisky escoc\u00e8s de propietat privada m\u00e9s antiga del m\u00f3n, el seu llegat encara flueix a la perfecci\u00f3 des de 1817.<\/p>\n<p>La rica her\u00e8ncia de Bladnoch t\u00e9 els seus or\u00edgens en John i Thomas McClelland, als quals se&#8217;ls va concedir l&#8217;estimada llic\u00e8ncia per destil\u00b7lar whisky a la seva granja Bladnoch a les terres baixes d&#8217;Esc\u00f2cia. Durant gaireb\u00e9 un segle, les successives generacions de McClelland van nodrir i modernitzar la destil\u00b7leria. En el seu zenit, el lloc va presumir de sis rentats i una producci\u00f3 anual d&#8217;aproximadament 230.000 litres d&#8217;alcohol, consolidant la seva estatura com la &#8220;Reina de les terres baixes&#8221;.<\/p>\n<p><strong>NICK SAVAGE<\/strong> <em>THE MASTER DISTILLER<\/em> Dr. Nick Savage assumed the role of Master Distiller at Bladnoch Distillery in 2019, arriving from The Macallan with an impressive background. Having spent four years in Australia completing his PhD, Nick maintains a profound connection with Bladnoch Distillery&#8217;s Scottish and Australian roots. Throughout his career, Nick&#8217;s unyielding pursuit of perfection has positioned him as an industry luminary, ensuring the continual excellence of Bladnoch&#8217;s Single Malts. &#8220;The Bladnoch team&#8217;s unwavering commitment to unparalleled quality is what makes me incredibly thrilled to contribute to the extraordinary future of Bladnoch Distillery.&#8221;<\/p>\n<div class=\"flex flex-grow flex-col max-w-full gap-3 gizmo:gap-0\">\n<div class=\"min-h-[20px] text-message flex flex-col items-start gap-3 whitespace-pre-wrap break-words [.text-message+&amp;]:mt-5 overflow-x-auto\" data-message-author-role=\"assistant\" data-message-id=\"23c9fe3f-cbf4-453e-8055-02d35d172328\">\n<div class=\"markdown prose w-full break-words dark:prose-invert dark\">\n<p>Bladnoch presenta la seva expressi\u00f3 inaugural PX Sherry amb el llan\u00e7ament de 19 anys. Amb la rica ess\u00e8ncia d&#8217;aquestes b\u00f3tes saboroses, aquest whisky de to daurat desplega delicioses notes de regal\u00e8ssia fosca, albercocs secs i un toc reconfortant de nou moscada. Aquesta edici\u00f3 va debutar l&#8217;any 2023. Honorat com a Guanyador de la Categoria de Single Malt de 13 a 20 anys als World Whisky Awards 2022, aquesta expressi\u00f3 excepcional ofereix una experi\u00e8ncia de tast definida per:  <\/p>\n<p><strong>NOTA DE TAST<\/strong><\/p>\n<ul>\n<li>Reg\u00e8ssia, albercocs secs, roure envellit<\/li>\n<\/ul>\n<p><strong>COLOURS<\/strong><\/p>\n<ul>\n<li>Posta de sol fosca<\/li>\n<\/ul>\n<p><strong>NAS<\/strong><\/p>\n<ul>\n<li>Riques aromes de bastonets de regal\u00e8ssia fosca i roure envellit, acompanyades d&#8217;un subtil fons floral<\/li>\n<\/ul>\n<p><strong>PALDAR<\/strong><\/p>\n<ul>\n<li>Abra\u00e7ant sabors de bastonets de regal\u00e8ssia entrella\u00e7ats amb albercocs secs, ametlles i la calidesa reconfortant de la nou moscada<\/li>\n<\/ul>\n<p><strong>ACABAR<\/strong><\/p>\n<ul>\n<li>Un final persistent i prolongat imbu\u00eft d&#8217;una dol\u00e7or seca<\/li>\n<\/ul>\n<\/div>\n<\/div>\n<\/div>\n<div class=\"flex justify-between empty:hidden gizmo:mt-1 gizmo:justify-start gizmo:gap-3 lg:block gizmo:lg:flex\">\n<div class=\"text-gray-400 flex self-end lg:self-center justify-center gizmo:lg:justify-start mt-2 gizmo:mt-0 visible gap-1\"><\/div>\n<\/div>\n","protected":false},"featured_media":77715,"comment_status":"open","ping_status":"closed","template":"","meta":{"_acf_changed":false},"product_brand":[],"product_cat":[628,343,316,315],"product_tag":[],"class_list":{"0":"post-78510","1":"product","2":"type-product","3":"status-publish","4":"has-post-thumbnail","6":"product_cat-lowland-ca","7":"product_cat-rar-i-colleccionable","8":"product_cat-bladnoch-ca","9":"product_cat-escocia","11":"first","12":"instock","13":"purchasable","14":"product-type-simple"},"acf":[],"aioseo_notices":[],"jetpack_sharing_enabled":true,"_links":{"self":[{"href":"https:\/\/whisky.ad\/ca\/wp-json\/wp\/v2\/product\/78510","targetHints":{"allow":["GET"]}}],"collection":[{"href":"https:\/\/whisky.ad\/ca\/wp-json\/wp\/v2\/product"}],"about":[{"href":"https:\/\/whisky.ad\/ca\/wp-json\/wp\/v2\/types\/product"}],"replies":[{"embeddable":true,"href":"https:\/\/whisky.ad\/ca\/wp-json\/wp\/v2\/comments?post=78510"}],"wp:featuredmedia":[{"embeddable":true,"href":"https:\/\/whisky.ad\/ca\/wp-json\/wp\/v2\/media\/77715"}],"wp:attachment":[{"href":"https:\/\/whisky.ad\/ca\/wp-json\/wp\/v2\/media?parent=78510"}],"wp:term":[{"taxonomy":"product_brand","embeddable":true,"href":"https:\/\/whisky.ad\/ca\/wp-json\/wp\/v2\/product_brand?post=78510"},{"taxonomy":"product_cat","embeddable":true,"href":"https:\/\/whisky.ad\/ca\/wp-json\/wp\/v2\/product_cat?post=78510"},{"taxonomy":"product_tag","embeddable":true,"href":"https:\/\/whisky.ad\/ca\/wp-json\/wp\/v2\/product_tag?post=78510"}],"curies":[{"name":"wp","href":"https:\/\/api.w.org\/{rel}","templated":true}]}}