{"id":78470,"date":"2023-11-23T13:31:32","date_gmt":"2023-11-23T12:31:32","guid":{"rendered":"https:\/\/whisky.ad\/product\/bladnoch-single-malt-11-yo-467-0-7l\/"},"modified":"2023-11-23T13:31:32","modified_gmt":"2023-11-23T12:31:32","slug":"bladnoch-single-malt-11-yo-467-0-7l","status":"publish","type":"product","link":"https:\/\/whisky.ad\/ca\/producte\/bladnoch-single-malt-11-yo-467-0-7l\/","title":{"rendered":"Bladnoch Single Malt 11 YO 46,7% 0.7L"},"content":{"rendered":"","protected":false},"excerpt":{"rendered":"<p><b>Bladnoch Single Malt 11 YO 46,7% 0.7L, Bourbon Cask, 2024 Release<\/b><\/p>\n<p>Bladnoch \u00e9s la destil\u00b7leria de whisky escoc\u00e8s de propietat privada m\u00e9s antiga del m\u00f3n, el seu llegat encara flueix a la perfecci\u00f3 des de 1817. La rica her\u00e8ncia de Bladnoch remunta els seus or\u00edgens a John i Thomas McClelland, als quals se&#8217;ls va concedir l&#8217;estimada llic\u00e8ncia per destil\u00b7lar whisky a la seva granja Bladnoch a les terres baixes d&#8217;Esc\u00f2cia. . Durant gaireb\u00e9 un segle, les successives generacions de McClelland van nodrir i modernitzar la destil\u00b7leria. En el seu zenit, el lloc va presumir de sis rentats i una producci\u00f3 anual d&#8217;aproximadament 230.000 litres d&#8217;alcohol, consolidant la seva estatura com la &#8220;Reina de les terres baixes&#8221;. <strong>NICK SAVAGE<\/strong> <em>EL MASTER DISTILLER<\/em> El Dr. Nick Savage va assumir el paper de Master Distiller a Bladnoch Distillery el 2019, arribant de The Macallan amb un bagatge impressionant. Despr\u00e9s d&#8217;haver passat quatre anys a Austr\u00e0lia completant el seu doctorat, Nick mant\u00e9 una profunda connexi\u00f3 amb les arrels escoceses i australianes de Bladnoch Distillery. Al llarg de la seva carrera, la recerca inflexible de la perfecci\u00f3 de Nick l&#8217;ha posicionat com una llumin\u00e0ria de la ind\u00fastria, assegurant l&#8217;excel\u00b7l\u00e8ncia cont\u00ednua dels Single Malts de Bladnoch. &#8220;El comprom\u00eds inquebrantable de l&#8217;equip de Bladnoch amb una qualitat inigualable \u00e9s el que em fa incre\u00efblement emocionat de contribuir al futur extraordinari de Bladnoch Distillery&#8221;. El mestre destil\u00b7lador de Bladnoch, el Dr. Nick Savage, tria meticulosament cada b\u00f3ta per a aquest whisky escoc\u00e8s Single Malt, madurat exclusivament en b\u00f3tes ex-Bourbon. Creat per oferir una combinaci\u00f3 deliciosa de dol\u00e7or refrescant, aquest llan\u00e7ament de 2023 mostra tocs de mel, c\u00edtrics vigoritzants i l&#8217;ess\u00e8ncia de l&#8217;herba tallada. Viu el seg\u00fcent viatge de degustaci\u00f3:<\/p>\n<p><strong>NOTA DE TAST<\/strong><\/p>\n<ul>\n<li>Floral, mel, refrescant<\/li>\n<\/ul>\n<p><strong>COLOR<\/strong><\/p>\n<ul>\n<li>Or llimona<\/li>\n<\/ul>\n<p><strong>NAS<\/strong><\/p>\n<ul>\n<li>Delicadament floral amb mel, c\u00edtrics refrescants i tocs d&#8217;herba tallada<\/li>\n<\/ul>\n<p><strong>PALDAR<\/strong><\/p>\n<ul>\n<li>Notes florals que recorden a les violetes de Parma, entrella\u00e7ades amb pomes acabades de tallar i subtils matisos d&#8217;esp\u00e8cies de fusta.<\/li>\n<\/ul>\n<p><strong>ACABAR<\/strong><\/p>\n<ul>\n<li>Una sensaci\u00f3 dol\u00e7a i captivadora que culmina amb un final rejovenidor<\/li>\n<\/ul>\n","protected":false},"featured_media":77703,"comment_status":"open","ping_status":"closed","template":"","meta":{"_acf_changed":false},"product_brand":[],"product_cat":[628,316,315],"product_tag":[],"class_list":{"0":"post-78470","1":"product","2":"type-product","3":"status-publish","4":"has-post-thumbnail","6":"product_cat-lowland-ca","7":"product_cat-bladnoch-ca","8":"product_cat-escocia","10":"first","11":"instock","12":"purchasable","13":"product-type-simple"},"acf":[],"aioseo_notices":[],"jetpack_sharing_enabled":true,"_links":{"self":[{"href":"https:\/\/whisky.ad\/ca\/wp-json\/wp\/v2\/product\/78470","targetHints":{"allow":["GET"]}}],"collection":[{"href":"https:\/\/whisky.ad\/ca\/wp-json\/wp\/v2\/product"}],"about":[{"href":"https:\/\/whisky.ad\/ca\/wp-json\/wp\/v2\/types\/product"}],"replies":[{"embeddable":true,"href":"https:\/\/whisky.ad\/ca\/wp-json\/wp\/v2\/comments?post=78470"}],"wp:featuredmedia":[{"embeddable":true,"href":"https:\/\/whisky.ad\/ca\/wp-json\/wp\/v2\/media\/77703"}],"wp:attachment":[{"href":"https:\/\/whisky.ad\/ca\/wp-json\/wp\/v2\/media?parent=78470"}],"wp:term":[{"taxonomy":"product_brand","embeddable":true,"href":"https:\/\/whisky.ad\/ca\/wp-json\/wp\/v2\/product_brand?post=78470"},{"taxonomy":"product_cat","embeddable":true,"href":"https:\/\/whisky.ad\/ca\/wp-json\/wp\/v2\/product_cat?post=78470"},{"taxonomy":"product_tag","embeddable":true,"href":"https:\/\/whisky.ad\/ca\/wp-json\/wp\/v2\/product_tag?post=78470"}],"curies":[{"name":"wp","href":"https:\/\/api.w.org\/{rel}","templated":true}]}}