{"id":78467,"date":"2023-08-05T11:02:12","date_gmt":"2023-08-05T10:02:12","guid":{"rendered":"https:\/\/whisky.ad\/product\/black-magic-spiced-rum-0-7l-40\/"},"modified":"2024-01-06T18:29:08","modified_gmt":"2024-01-06T17:29:08","slug":"black-magic-spiced-rum-0-7l-40","status":"publish","type":"product","link":"https:\/\/whisky.ad\/ca\/producte\/black-magic-spiced-rum-0-7l-40\/","title":{"rendered":"Black Magic Spiced Rum 0.7l 40%"},"content":{"rendered":"","protected":false},"excerpt":{"rendered":"<div class=\"text-xs flex items-center justify-center gap-1 invisible absolute left-0 top-2 -ml-4 -translate-x-full group-hover:visible !invisible\"><\/div>\n<div class=\"flex flex-grow flex-col gap-3\">\n<div class=\"min-h-[20px] flex flex-col items-start gap-3 overflow-x-auto whitespace-pre-wrap break-words\">\n<div class=\"markdown prose w-full break-words dark:prose-invert light\">\n<p>Black Magic Spiced Rum \u00e9s un esperit captivador i embruixador que atrau els sentits amb el seu encant fosc i misteri\u00f3s. Elaborat amb el millor rom del Carib i acuradament infusionat amb una barreja secreta d&#8217;esp\u00e8cies ex\u00f2tiques, llan\u00e7a un encanteri d&#8217;indulg\u00e8ncia amb cada abocament. El color profund i ric prepara l&#8217;escenari per a una experi\u00e8ncia de degustaci\u00f3 encantadora. Des del moment en qu\u00e8 l&#8217;aroma d&#8217;esp\u00e8cies c\u00e0lides i vainilla dol\u00e7a s&#8217;aixeca, saps que t&#8217;agradar\u00e0. El primer glop revela una textura suau i vellutada, ja que els sabors de canyella, nou moscada i clau ballen amb gr\u00e0cia al paladar. La dol\u00e7or del caramel i el toffe proporciona un delici\u00f3s contrast amb el picant, creant un perfil de sabor ben equilibrat i amb cos. A mesura que es desenvolupa la m\u00e0gia, tocs de xocolata negra i un toc de caf\u00e8 afegeixen m\u00e9s complexitat i intriga. Black Magic Spiced Rum \u00e9s un elixir atractiu que es pot assaborir net, sobre gel o com a ingredient estrella en c\u00f2ctels imaginatius. El seu sabor encantador et transporta a un m\u00f3n de m\u00edstica i meravella, on cada glop desbloqueja noves capes de sabor. Tant si es gaudeix en companyia d&#8217;amics com durant un moment de solitud, aquest rom especiat segur que deixar\u00e0 una impressi\u00f3 duradora i us mantindr\u00e0 sota el seu encant fascinant.   <\/p>\n<\/div>\n<\/div>\n<\/div>\n","protected":false},"featured_media":77010,"comment_status":"open","ping_status":"closed","template":"","meta":{"_acf_changed":false},"product_brand":[],"product_cat":[371,370],"product_tag":[],"class_list":{"0":"post-78467","1":"product","2":"type-product","3":"status-publish","4":"has-post-thumbnail","6":"product_cat-especiat-ca","7":"product_cat-ron-ca","9":"first","10":"instock","11":"taxable","12":"shipping-taxable","13":"purchasable","14":"product-type-simple"},"acf":[],"aioseo_notices":[],"jetpack_sharing_enabled":true,"_links":{"self":[{"href":"https:\/\/whisky.ad\/ca\/wp-json\/wp\/v2\/product\/78467","targetHints":{"allow":["GET"]}}],"collection":[{"href":"https:\/\/whisky.ad\/ca\/wp-json\/wp\/v2\/product"}],"about":[{"href":"https:\/\/whisky.ad\/ca\/wp-json\/wp\/v2\/types\/product"}],"replies":[{"embeddable":true,"href":"https:\/\/whisky.ad\/ca\/wp-json\/wp\/v2\/comments?post=78467"}],"wp:featuredmedia":[{"embeddable":true,"href":"https:\/\/whisky.ad\/ca\/wp-json\/wp\/v2\/media\/77010"}],"wp:attachment":[{"href":"https:\/\/whisky.ad\/ca\/wp-json\/wp\/v2\/media?parent=78467"}],"wp:term":[{"taxonomy":"product_brand","embeddable":true,"href":"https:\/\/whisky.ad\/ca\/wp-json\/wp\/v2\/product_brand?post=78467"},{"taxonomy":"product_cat","embeddable":true,"href":"https:\/\/whisky.ad\/ca\/wp-json\/wp\/v2\/product_cat?post=78467"},{"taxonomy":"product_tag","embeddable":true,"href":"https:\/\/whisky.ad\/ca\/wp-json\/wp\/v2\/product_tag?post=78467"}],"curies":[{"name":"wp","href":"https:\/\/api.w.org\/{rel}","templated":true}]}}