{"id":78464,"date":"2023-07-23T14:03:56","date_gmt":"2023-07-23T13:03:56","guid":{"rendered":"https:\/\/whisky.ad\/product\/ben-nevis-single-malt-31-yo-621-0-7l\/"},"modified":"2023-07-23T14:03:56","modified_gmt":"2023-07-23T13:03:56","slug":"ben-nevis-single-malt-31-yo-621-0-7l","status":"publish","type":"product","link":"https:\/\/whisky.ad\/ca\/producte\/ben-nevis-single-malt-31-yo-621-0-7l\/","title":{"rendered":"Ben Nevis Single Malt 31 YO 62,1% 0.7l"},"content":{"rendered":"","protected":false},"excerpt":{"rendered":"<p><strong>Highland Single Malt Scotch Whisky, Hunter Laing, 70cl \/ 62.1%<\/strong><\/p>\n<p>Part de l&#8217;estimada s\u00e8rie Old &amp; Rare Platinum embotellada de manera independent de Hunter Laing, aquest excepcional single malt de b\u00f3ta s&#8217;origina de la coneguda destil\u00b7leria Ben Nevis. Destil\u00b7lat l&#8217;any 1991, aquest whisky escoc\u00e8s va iniciar un notable viatge de maduraci\u00f3 de 31 anys, descansant amb gr\u00e0cia dins dels l\u00edmits d&#8217;una culata de xer\u00e8s olorosa. L&#8217;any 2022, es va embotellar art\u00edsticament amb tota la seva for\u00e7a de b\u00f3ta, mantenint-se fidel al seu car\u00e0cter natural sense cap tipus de colorant afegit ni filtraci\u00f3 per fred.  <\/p>\n<div class=\"product-main__attraction\"><\/div>\n","protected":false},"featured_media":76881,"comment_status":"open","ping_status":"closed","template":"","meta":{"_acf_changed":false},"product_brand":[],"product_cat":[343,365,360,315],"product_tag":[],"class_list":{"0":"post-78464","1":"product","2":"type-product","3":"status-publish","4":"has-post-thumbnail","6":"product_cat-rar-i-colleccionable","7":"product_cat-ben-nevis-ca","8":"product_cat-whisky-per-marca-ca","9":"product_cat-escocia","11":"first","12":"instock","13":"taxable","14":"shipping-taxable","15":"product-type-simple"},"acf":[],"aioseo_notices":[],"jetpack_sharing_enabled":true,"_links":{"self":[{"href":"https:\/\/whisky.ad\/ca\/wp-json\/wp\/v2\/product\/78464","targetHints":{"allow":["GET"]}}],"collection":[{"href":"https:\/\/whisky.ad\/ca\/wp-json\/wp\/v2\/product"}],"about":[{"href":"https:\/\/whisky.ad\/ca\/wp-json\/wp\/v2\/types\/product"}],"replies":[{"embeddable":true,"href":"https:\/\/whisky.ad\/ca\/wp-json\/wp\/v2\/comments?post=78464"}],"wp:featuredmedia":[{"embeddable":true,"href":"https:\/\/whisky.ad\/ca\/wp-json\/wp\/v2\/media\/76881"}],"wp:attachment":[{"href":"https:\/\/whisky.ad\/ca\/wp-json\/wp\/v2\/media?parent=78464"}],"wp:term":[{"taxonomy":"product_brand","embeddable":true,"href":"https:\/\/whisky.ad\/ca\/wp-json\/wp\/v2\/product_brand?post=78464"},{"taxonomy":"product_cat","embeddable":true,"href":"https:\/\/whisky.ad\/ca\/wp-json\/wp\/v2\/product_cat?post=78464"},{"taxonomy":"product_tag","embeddable":true,"href":"https:\/\/whisky.ad\/ca\/wp-json\/wp\/v2\/product_tag?post=78464"}],"curies":[{"name":"wp","href":"https:\/\/api.w.org\/{rel}","templated":true}]}}