{"id":78461,"date":"2023-07-25T16:12:00","date_gmt":"2023-07-25T15:12:00","guid":{"rendered":"https:\/\/whisky.ad\/product\/armorik-sherry-cask-single-malt-bio-46-70cl\/"},"modified":"2023-07-25T16:12:00","modified_gmt":"2023-07-25T15:12:00","slug":"armorik-sherry-cask-single-malt-bio-46-70cl","status":"publish","type":"product","link":"https:\/\/whisky.ad\/ca\/producte\/armorik-sherry-cask-single-malt-bio-46-70cl\/","title":{"rendered":"ARMORIK Sherry Cask Single Malt BIO 46% 70cl"},"content":{"rendered":"","protected":false},"excerpt":{"rendered":"<div class=\"flex flex-grow flex-col gap-3\">\n<div class=\"min-h-[20px] flex items-start overflow-x-auto whitespace-pre-wrap break-words flex-col gap-4\">\n<div class=\"markdown prose w-full break-words dark:prose-invert light\">\n<p>Armorik Sherry Cask \u00e9s un whisky single malt amb un 46% d&#8217;alcohol. El seu sabor exquisit neix del seu proc\u00e9s de maduraci\u00f3, on s&#8217;envelleix completament en b\u00f3tes de xer\u00e8s oloroso. Aquestes b\u00f3tes, utilitzades tradicionalment en la producci\u00f3 de whisky escoc\u00e8s, antigament contenien vi de xer\u00e8s, semblant al Pineau des Charentes. Aquesta crian\u00e7a \u00fanica imparteix atractius notes especiades i fruites confitades, millorant meravellosament la fruita inherent per la qual \u00e9s conegut Armorik. Una deliciosa fusi\u00f3 d&#8217;influ\u00e8ncies bretones i andaluses d\u00f3na com a resultat un whisky que t\u00e9 un sabor gener\u00f3s i distintiu. Elaborat a partir d&#8217;ordi franc\u00e8s de cultiu org\u00e0nic i destil\u00b7lat en alambins tradicionals, Armorik Sherry Cask exemplifica la nostra dedicaci\u00f3 a crear un single malt excepcional que encarna la veritable ess\u00e8ncia del car\u00e0cter bret\u00f3: un whisky ric, afruitat i elaborat amb la m\u00e0xima consideraci\u00f3 per al medi ambient. La qualitat excepcional del whisky li ha valgut reconeixements importants, incloses medalles d&#8217;or al &#8220;San Francisco World Spirits Competition 2017&#8221; i &#8220;International Spirits Challenge 2021&#8221;, aix\u00ed com una medalla de plata al &#8220;Concours G\u00e9n\u00e9ral Agricole 2019&#8221;. Aquest reconeixement valida encara m\u00e9s Armorik Sherry Cask com un whisky notable i guardonat, perfecte per a aquells que busquen una experi\u00e8ncia realment especial i saborosa.    <\/p>\n<div class=\"flex flex-grow flex-col gap-3\">\n<div class=\"min-h-[20px] flex items-start overflow-x-auto whitespace-pre-wrap break-words flex-col gap-4\">\n<div class=\"markdown prose w-full break-words dark:prose-invert light\">\n<p>Nota de tast: Nas: l&#8217;aroma \u00e9s intens, exquisidament refinat i elegant, amb una delicada influ\u00e8ncia de la b\u00f3ta de xer\u00e8s. La dol\u00e7or de la vainilla i els c\u00edtrics s&#8217;entrellacen harmoniosament, mentre que un subtil toc de mentol i fruits secs afegeix una profunditat intrigant al bouquet. Boca: En boca, el whisky mostra un perfecte equilibri i rodonesa. Els sabors deliciosos de la cr\u00e8me br\u00fbl\u00e9e, la pruna seca i les ametlles torrades s&#8217;uneixen per crear una experi\u00e8ncia de degustaci\u00f3 realment gratificant. Acabat: El final \u00e9s un delici\u00f3s joc de vainilla i esp\u00e8cies, acompanyat de la calidesa reconfortant de les notes de xer\u00e8s, deixant una impressi\u00f3 duradora i satisfact\u00f2ria.<\/p>\n<\/div>\n<\/div>\n<\/div>\n<\/div>\n<\/div>\n<\/div>\n","protected":false},"featured_media":76341,"comment_status":"open","ping_status":"closed","template":"","meta":{"_acf_changed":false},"product_brand":[],"product_cat":[362,360,361],"product_tag":[],"class_list":{"0":"post-78461","1":"product","2":"type-product","3":"status-publish","4":"has-post-thumbnail","6":"product_cat-armorik-ca","7":"product_cat-whisky-per-marca-ca","8":"product_cat-france-ca","10":"first","11":"instock","12":"taxable","13":"shipping-taxable","14":"purchasable","15":"product-type-simple"},"acf":[],"aioseo_notices":[],"jetpack_sharing_enabled":true,"_links":{"self":[{"href":"https:\/\/whisky.ad\/ca\/wp-json\/wp\/v2\/product\/78461","targetHints":{"allow":["GET"]}}],"collection":[{"href":"https:\/\/whisky.ad\/ca\/wp-json\/wp\/v2\/product"}],"about":[{"href":"https:\/\/whisky.ad\/ca\/wp-json\/wp\/v2\/types\/product"}],"replies":[{"embeddable":true,"href":"https:\/\/whisky.ad\/ca\/wp-json\/wp\/v2\/comments?post=78461"}],"wp:featuredmedia":[{"embeddable":true,"href":"https:\/\/whisky.ad\/ca\/wp-json\/wp\/v2\/media\/76341"}],"wp:attachment":[{"href":"https:\/\/whisky.ad\/ca\/wp-json\/wp\/v2\/media?parent=78461"}],"wp:term":[{"taxonomy":"product_brand","embeddable":true,"href":"https:\/\/whisky.ad\/ca\/wp-json\/wp\/v2\/product_brand?post=78461"},{"taxonomy":"product_cat","embeddable":true,"href":"https:\/\/whisky.ad\/ca\/wp-json\/wp\/v2\/product_cat?post=78461"},{"taxonomy":"product_tag","embeddable":true,"href":"https:\/\/whisky.ad\/ca\/wp-json\/wp\/v2\/product_tag?post=78461"}],"curies":[{"name":"wp","href":"https:\/\/api.w.org\/{rel}","templated":true}]}}