{"id":78458,"date":"2023-11-15T15:48:02","date_gmt":"2023-11-15T14:48:02","guid":{"rendered":"https:\/\/whisky.ad\/product\/armorik-roof-rye-double-maturation-11-yo-0-5l-43\/"},"modified":"2023-11-15T15:48:02","modified_gmt":"2023-11-15T14:48:02","slug":"armorik-roof-rye-double-maturation-11-yo-0-5l-43","status":"publish","type":"product","link":"https:\/\/whisky.ad\/ca\/producte\/armorik-roof-rye-double-maturation-11-yo-0-5l-43\/","title":{"rendered":"Armorik Roof Rye Double Maturation 11 YO 0.5l 43%"},"content":{"rendered":"","protected":false},"excerpt":{"rendered":"<p class=\"\">&#8220;Destil\u00b7lat a Bretanya, aquest whisky de s\u00e8gol va madurar durant 9 anys en barrils de xer\u00e8s amb el clima suau i humit de la Costa de Granit Rosa.<\/p>\n<p class=\"\">Despr\u00e9s va madurar durant dos anys sota el clima sec i assolellat de la Proven\u00e7a, en b\u00f3tes noves, per tal de marcar-les amb la &#8220;manera americana&#8221;.<\/p>\n","protected":false},"featured_media":77649,"comment_status":"open","ping_status":"closed","template":"","meta":{"_acf_changed":false},"product_brand":[],"product_cat":[362,360,361],"product_tag":[],"class_list":{"0":"post-78458","1":"product","2":"type-product","3":"status-publish","4":"has-post-thumbnail","6":"product_cat-armorik-ca","7":"product_cat-whisky-per-marca-ca","8":"product_cat-france-ca","10":"first","11":"instock","12":"taxable","13":"shipping-taxable","14":"purchasable","15":"product-type-simple"},"acf":[],"aioseo_notices":[],"jetpack_sharing_enabled":true,"_links":{"self":[{"href":"https:\/\/whisky.ad\/ca\/wp-json\/wp\/v2\/product\/78458","targetHints":{"allow":["GET"]}}],"collection":[{"href":"https:\/\/whisky.ad\/ca\/wp-json\/wp\/v2\/product"}],"about":[{"href":"https:\/\/whisky.ad\/ca\/wp-json\/wp\/v2\/types\/product"}],"replies":[{"embeddable":true,"href":"https:\/\/whisky.ad\/ca\/wp-json\/wp\/v2\/comments?post=78458"}],"wp:featuredmedia":[{"embeddable":true,"href":"https:\/\/whisky.ad\/ca\/wp-json\/wp\/v2\/media\/77649"}],"wp:attachment":[{"href":"https:\/\/whisky.ad\/ca\/wp-json\/wp\/v2\/media?parent=78458"}],"wp:term":[{"taxonomy":"product_brand","embeddable":true,"href":"https:\/\/whisky.ad\/ca\/wp-json\/wp\/v2\/product_brand?post=78458"},{"taxonomy":"product_cat","embeddable":true,"href":"https:\/\/whisky.ad\/ca\/wp-json\/wp\/v2\/product_cat?post=78458"},{"taxonomy":"product_tag","embeddable":true,"href":"https:\/\/whisky.ad\/ca\/wp-json\/wp\/v2\/product_tag?post=78458"}],"curies":[{"name":"wp","href":"https:\/\/api.w.org\/{rel}","templated":true}]}}