{"id":78451,"date":"2021-08-03T16:51:49","date_gmt":"2021-08-03T15:51:49","guid":{"rendered":"https:\/\/whisky.ad\/product\/armorik-double-maturation-single-malt-bio-46-70cl\/"},"modified":"2021-08-03T16:51:49","modified_gmt":"2021-08-03T15:51:49","slug":"armorik-double-maturation-single-malt-bio-46-70cl","status":"publish","type":"product","link":"https:\/\/whisky.ad\/ca\/producte\/armorik-double-maturation-single-malt-bio-46-70cl\/","title":{"rendered":"ARMORIK Double Maturation Single Malt Bio 46% 70cl"},"content":{"rendered":"<p><strong>ARMORIK DOUBLE MATURATION<\/strong><\/p>\n<p><strong>46% \u2013 70cl<br \/>\nMaduraci\u00f3<\/strong>:Madurat en b\u00f3tes de roure bret\u00f3, seguida de b\u00f3tes de xer\u00e8s oloroso. S\u00edmbol dels valors de la destil\u00b7leria, Armorik Double Maturation destaca tant la qualitat del seu saber fer com les seves arrels al <em>terroir<\/em> bret\u00f3. S&#8217;envelleix en b\u00f3tes de roure singulars dels boscos bretons, elaborades per l&#8217;\u00faltim toller de Bretanya. Despr\u00e9s de diversos anys, el whisky es trasllada a b\u00f3tes de xer\u00e8s oloroso. <strong>NAS<br \/>\n<\/strong> Un equilibri molt fi entre les notes afruitades de prunes mirabelles i c\u00edtrics, amb tocs especiats de vainilla <strong>BOCA<br \/>\n<\/strong> Un atac de mel molt suau i arrodonit, la complexitat del producte es revela amb notes alhora especiades, lleugerament llenyoses amb fruita madura. en volum gener\u00f3s. <strong>ACABAT<br \/>\n<\/strong> Molt llarg, amb notes d&#8217;esp\u00e8cies, galetes i melmelada.<\/p>\n","protected":false},"excerpt":{"rendered":"<p>ARMORIK DOUBLE MATURATION 46% \u2013 70cl Maduraci\u00f3:Madurat en b\u00f3tes de roure bret\u00f3, seguida de b\u00f3tes de xer\u00e8s oloroso. S\u00edmbol dels valors de la destil\u00b7leria, Armorik Double Maturation destaca tant la qualitat del seu saber fer com les seves arrels al terroir bret\u00f3. S&#8217;envelleix en b\u00f3tes de roure singulars dels boscos bretons, elaborades per l&#8217;\u00faltim toller [&hellip;]<\/p>\n","protected":false},"featured_media":76386,"comment_status":"open","ping_status":"closed","template":"","meta":{"_acf_changed":false},"product_brand":[],"product_cat":[362,360,361],"product_tag":[],"class_list":{"0":"post-78451","1":"product","2":"type-product","3":"status-publish","4":"has-post-thumbnail","6":"product_cat-armorik-ca","7":"product_cat-whisky-per-marca-ca","8":"product_cat-france-ca","10":"first","11":"instock","12":"taxable","13":"shipping-taxable","14":"purchasable","15":"product-type-simple"},"acf":[],"aioseo_notices":[],"jetpack_sharing_enabled":true,"_links":{"self":[{"href":"https:\/\/whisky.ad\/ca\/wp-json\/wp\/v2\/product\/78451","targetHints":{"allow":["GET"]}}],"collection":[{"href":"https:\/\/whisky.ad\/ca\/wp-json\/wp\/v2\/product"}],"about":[{"href":"https:\/\/whisky.ad\/ca\/wp-json\/wp\/v2\/types\/product"}],"replies":[{"embeddable":true,"href":"https:\/\/whisky.ad\/ca\/wp-json\/wp\/v2\/comments?post=78451"}],"wp:featuredmedia":[{"embeddable":true,"href":"https:\/\/whisky.ad\/ca\/wp-json\/wp\/v2\/media\/76386"}],"wp:attachment":[{"href":"https:\/\/whisky.ad\/ca\/wp-json\/wp\/v2\/media?parent=78451"}],"wp:term":[{"taxonomy":"product_brand","embeddable":true,"href":"https:\/\/whisky.ad\/ca\/wp-json\/wp\/v2\/product_brand?post=78451"},{"taxonomy":"product_cat","embeddable":true,"href":"https:\/\/whisky.ad\/ca\/wp-json\/wp\/v2\/product_cat?post=78451"},{"taxonomy":"product_tag","embeddable":true,"href":"https:\/\/whisky.ad\/ca\/wp-json\/wp\/v2\/product_tag?post=78451"}],"curies":[{"name":"wp","href":"https:\/\/api.w.org\/{rel}","templated":true}]}}