{"id":78448,"date":"2023-07-25T16:06:28","date_gmt":"2023-07-25T15:06:28","guid":{"rendered":"https:\/\/whisky.ad\/product\/armorik-classic-single-malt-bio-46-70cl\/"},"modified":"2023-07-25T16:06:28","modified_gmt":"2023-07-25T15:06:28","slug":"armorik-classic-single-malt-bio-46-70cl","status":"publish","type":"product","link":"https:\/\/whisky.ad\/ca\/producte\/armorik-classic-single-malt-bio-46-70cl\/","title":{"rendered":"ARMORIK Classic Single Malt BIO 46% 70cl"},"content":{"rendered":"","protected":false},"excerpt":{"rendered":"<div class=\"flex flex-grow flex-col gap-3\">\n<div class=\"min-h-[20px] flex items-start overflow-x-auto whitespace-pre-wrap break-words flex-col gap-4\">\n<div class=\"markdown prose w-full break-words dark:prose-invert light\">\n<p>Armorik Classic \u00e9s un whisky single malt amb una for\u00e7a del 46%. El proc\u00e9s de maduraci\u00f3 t\u00e9 lloc en b\u00f3tes de bourbon de diverses edats, donant com a resultat una expressi\u00f3 suau, deliciosa i indulgent que mostra de manera meravellosa el domini de la nostra batedora mestre i la qualitat excepcional de la maduraci\u00f3 costanera a les costes de Bretanya. Elaborat a partir d&#8217;ordi franc\u00e8s org\u00e0nic i destil\u00b7lat amb alambins tradicionals, Armorik Classic \u00e9s un testimoni del nostre comprom\u00eds de produir un single malt extraordinari que encarna l&#8217;ess\u00e8ncia de l&#8217;esperit bret\u00f3: un whisky ric, afruitat i elaborat amb el m\u00e0xim respecte pel medi ambient. Aquest whisky excepcional ha obtingut reconeixements prestigiosos, com ara una medalla d&#8217;or a la San Francisco World Spirits Competition, aix\u00ed com medalles de plata a l&#8217;International Spirits Challenge 2021 i International Wine &amp; Spirit Competition 2021. Aquest reconeixement refor\u00e7a encara m\u00e9s el car\u00e0cter i la qualitat excepcionals d&#8217;Armorik. Cl\u00e0ssic, el que la converteix en una opci\u00f3 destacada per als entusiastes del whisky que busquen una experi\u00e8ncia notable i guardonada. <\/p>\n<div class=\"flex flex-grow flex-col gap-3\">\n<div class=\"min-h-[20px] flex items-start overflow-x-auto whitespace-pre-wrap break-words flex-col gap-4\">\n<div class=\"markdown prose w-full break-words dark:prose-invert light\">\n<p>Nota de tast: Nas: l&#8217;aroma \u00e9s intensa i complexa, amb una pres\u00e8ncia destacada de cereals lleugerament picants, seguit de delicioses notes de fruites ex\u00f2tiques com el mango i la maracuya. Boca: En boca experimenta una explosi\u00f3 animada de fruites fresques, amb notes de pr\u00e9ssec suc\u00f3s i albercoc que prenen el protagonisme, seguides d&#8217;una bonica dol\u00e7or accentuada per matisos de vainilla. La riquesa i la pot\u00e8ncia del whisky es complementen amb lleugeres notes torrades, afegint profunditat al perfil general de sabor. Final: El final \u00e9s agradablement llarg, oferint una sensaci\u00f3 vibrant i c\u00e0lida, amb un subtil toc de iode que afegeix un toc \u00fanic i memorable a la conclusi\u00f3 del whisky.<\/p>\n<\/div>\n<\/div>\n<\/div>\n<\/div>\n<\/div>\n<\/div>\n","protected":false},"featured_media":76332,"comment_status":"open","ping_status":"closed","template":"","meta":{"_acf_changed":false},"product_brand":[],"product_cat":[362,360,361],"product_tag":[],"class_list":{"0":"post-78448","1":"product","2":"type-product","3":"status-publish","4":"has-post-thumbnail","6":"product_cat-armorik-ca","7":"product_cat-whisky-per-marca-ca","8":"product_cat-france-ca","10":"first","11":"instock","12":"taxable","13":"shipping-taxable","14":"purchasable","15":"product-type-simple"},"acf":[],"aioseo_notices":[],"jetpack_sharing_enabled":true,"_links":{"self":[{"href":"https:\/\/whisky.ad\/ca\/wp-json\/wp\/v2\/product\/78448","targetHints":{"allow":["GET"]}}],"collection":[{"href":"https:\/\/whisky.ad\/ca\/wp-json\/wp\/v2\/product"}],"about":[{"href":"https:\/\/whisky.ad\/ca\/wp-json\/wp\/v2\/types\/product"}],"replies":[{"embeddable":true,"href":"https:\/\/whisky.ad\/ca\/wp-json\/wp\/v2\/comments?post=78448"}],"wp:featuredmedia":[{"embeddable":true,"href":"https:\/\/whisky.ad\/ca\/wp-json\/wp\/v2\/media\/76332"}],"wp:attachment":[{"href":"https:\/\/whisky.ad\/ca\/wp-json\/wp\/v2\/media?parent=78448"}],"wp:term":[{"taxonomy":"product_brand","embeddable":true,"href":"https:\/\/whisky.ad\/ca\/wp-json\/wp\/v2\/product_brand?post=78448"},{"taxonomy":"product_cat","embeddable":true,"href":"https:\/\/whisky.ad\/ca\/wp-json\/wp\/v2\/product_cat?post=78448"},{"taxonomy":"product_tag","embeddable":true,"href":"https:\/\/whisky.ad\/ca\/wp-json\/wp\/v2\/product_tag?post=78448"}],"curies":[{"name":"wp","href":"https:\/\/api.w.org\/{rel}","templated":true}]}}