{"id":78445,"date":"2023-07-25T16:49:31","date_gmt":"2023-07-25T15:49:31","guid":{"rendered":"https:\/\/whisky.ad\/product\/armorik-16-yo-single-cask-0-7l-45-2\/"},"modified":"2023-07-25T16:49:31","modified_gmt":"2023-07-25T15:49:31","slug":"armorik-16-yo-single-cask-0-7l-45-2","status":"publish","type":"product","link":"https:\/\/whisky.ad\/ca\/producte\/armorik-16-yo-single-cask-0-7l-45-2\/","title":{"rendered":"ARMORIK 16 YO Single Cask 0.7l 45.2%"},"content":{"rendered":"","protected":false},"excerpt":{"rendered":"<div class=\"flex flex-grow flex-col gap-3\">\n<div class=\"min-h-[20px] flex items-start overflow-x-auto whitespace-pre-wrap break-words flex-col gap-4\">\n<div class=\"markdown prose w-full break-words dark:prose-invert light\">\n<p>Armorik Single Cask 16 Ans Llan\u00e7at el 6 de juliol de 2022 45,2% \u2013 70cl Maduraci\u00f3: Envellit en b\u00f3tes de xer\u00e8s Disponibilitat: Edici\u00f3 limitada \u2013 576 ampolles Armorik Single Cask 16 Years Old es presenta amb orgull com el whisky de destil\u00b7leria m\u00e9s antic que mai ha publicat el nostre estimat. Tret acuradament de la b\u00f3ta n\u00b03308, el seu viatge va comen\u00e7ar en b\u00f3tes de bourbon des de desembre de 2004 fins a agost de 2008. Posteriorment, va reposar breument en b\u00f3tes de roure bret\u00f3 des d&#8217;agost de 2008 fins a octubre de 2008, abans d&#8217;embarcar-se en una maduraci\u00f3 de 12 anys en b\u00f3ta de xer\u00e8s. , amagat en el silenci i la foscor dels nostres estimats cellers. Amb aquest extraordinari Armorik Single Cask 16 Years Old, elaborat a partir d&#8217;una de les b\u00f3tes m\u00e9s antigues de la nostra col\u00b7lecci\u00f3, pretenem compartir un moment preci\u00f3s de la hist\u00f2ria de la destil\u00b7leria. Per celebrar la singularitat d&#8217;aquest whisky excepcional, cada ampolla est\u00e0 numerada i adornada amb una etiqueta distintiva que recorda els anells de crian\u00e7a del roure. Nas: el nas t\u00e9 una riquesa i una pot\u00e8ncia captivadores. L&#8217;edat del whisky es revela a trav\u00e9s de notes seductores d&#8217;aiguardent vell i aromes de fusta. Apareixen subtils tocs de fruites ex\u00f2tiques, accentuades per un delicat toc d&#8217;esp\u00edgol. Amb el temps, la fruita es transforma, evocant l&#8217;ess\u00e8ncia del mel\u00f3 madur recobert de mel resinosa. Un toc de fum suau i suau complementa molt b\u00e9 el ram general. Boca: El paladar ofereix una experi\u00e8ncia alm\u00edvar, on la fruita del mango i el pl\u00e0tan flamejat pren el protagonisme, seguit d&#8217;intrigants notes de parquet encerat. Al fons destaca una intensa explosi\u00f3 de melmelada de taronja, que afegeix una deliciosa capa de complexitat. Final: El final \u00e9s impressionantment llarg, ja que les notes fumades fan un retorn elegant i es barregen harmoniosament amb notes de caramel de mel, deixant una impressi\u00f3 duradora i memorable al paladar. Armorik Single Cask 16 Ans \u00e9s un veritable testimoni de la notable artesania i dedicaci\u00f3 invertida en produir un whisky extraordinari digne de celebraci\u00f3 i admiraci\u00f3.<\/p>\n<\/div>\n<\/div>\n<\/div>\n","protected":false},"featured_media":76524,"comment_status":"open","ping_status":"closed","template":"","meta":{"_acf_changed":false},"product_brand":[],"product_cat":[362,360,361],"product_tag":[],"class_list":{"0":"post-78445","1":"product","2":"type-product","3":"status-publish","4":"has-post-thumbnail","6":"product_cat-armorik-ca","7":"product_cat-whisky-per-marca-ca","8":"product_cat-france-ca","10":"first","11":"instock","12":"taxable","13":"shipping-taxable","14":"product-type-simple"},"acf":[],"aioseo_notices":[],"jetpack_sharing_enabled":true,"_links":{"self":[{"href":"https:\/\/whisky.ad\/ca\/wp-json\/wp\/v2\/product\/78445","targetHints":{"allow":["GET"]}}],"collection":[{"href":"https:\/\/whisky.ad\/ca\/wp-json\/wp\/v2\/product"}],"about":[{"href":"https:\/\/whisky.ad\/ca\/wp-json\/wp\/v2\/types\/product"}],"replies":[{"embeddable":true,"href":"https:\/\/whisky.ad\/ca\/wp-json\/wp\/v2\/comments?post=78445"}],"wp:featuredmedia":[{"embeddable":true,"href":"https:\/\/whisky.ad\/ca\/wp-json\/wp\/v2\/media\/76524"}],"wp:attachment":[{"href":"https:\/\/whisky.ad\/ca\/wp-json\/wp\/v2\/media?parent=78445"}],"wp:term":[{"taxonomy":"product_brand","embeddable":true,"href":"https:\/\/whisky.ad\/ca\/wp-json\/wp\/v2\/product_brand?post=78445"},{"taxonomy":"product_cat","embeddable":true,"href":"https:\/\/whisky.ad\/ca\/wp-json\/wp\/v2\/product_cat?post=78445"},{"taxonomy":"product_tag","embeddable":true,"href":"https:\/\/whisky.ad\/ca\/wp-json\/wp\/v2\/product_tag?post=78445"}],"curies":[{"name":"wp","href":"https:\/\/api.w.org\/{rel}","templated":true}]}}