{"id":78441,"date":"2023-07-25T16:38:36","date_gmt":"2023-07-25T15:38:36","guid":{"rendered":"https:\/\/whisky.ad\/product\/armorik-15-yo-single-malt-0-7l-46\/"},"modified":"2023-07-25T16:38:36","modified_gmt":"2023-07-25T15:38:36","slug":"armorik-15-yo-single-malt-0-7l-46","status":"publish","type":"product","link":"https:\/\/whisky.ad\/ca\/producte\/armorik-15-yo-single-malt-0-7l-46\/","title":{"rendered":"ARMORIK 15 YO Single Malt 0.7l 46%"},"content":{"rendered":"","protected":false},"excerpt":{"rendered":"<div class=\"flex flex-grow flex-col gap-3\">\n<div class=\"min-h-[20px] flex items-start overflow-x-auto whitespace-pre-wrap break-words flex-col gap-4\">\n<div class=\"markdown prose w-full break-words dark:prose-invert light\">\n<p>Armorik 15 Ans \u2013 Edici\u00f3 2022 Publicat el 20 de setembre de 2022 46% \u2013 70cl Maduraci\u00f3: 15 anys (9 anys en b\u00f3tes de Bourbon i 6 anys en b\u00f3tes de xer\u00e8s) Disponibilitat: Edici\u00f3 limitada \u2013 730 ampolles A partir de l&#8217;\u00e8xit del nostre Armorik 10-year -vell, desvetllem amb orgull tota l&#8217;abast de possibilitats que ofereixen les nombroses b\u00f3tes emmagatzemades a Lannion. Com a primer whisky franc\u00e8s de 15 anys i presentat en una edici\u00f3 limitada de 1500 ampolles, Armorik 15 anys es converteix amb orgull en el segon embotellat de la nostra gamma amb una declaraci\u00f3 d&#8217;edat. Aquesta expressi\u00f3 excepcional demostra la nostra experi\u00e8ncia i el domini de dues d\u00e8cades en l&#8217;art de la maduraci\u00f3. Embotellat al 46%, Armorik 15 anys viu un viatge captivador de maduraci\u00f3, passant 9 anys en b\u00f3tes de Bourbon abans de passar amb gr\u00e0cia a les b\u00f3tes de Sherry Oloroso durant 6 anys addicionals. &#8220;Amb l&#8217;edat, Armorik 15 anys adquireix una plenitud elegant i arom\u00e0tica, tot conservant la frescor afruitat caracter\u00edstica del nostre destil\u00b7lat&#8221;. Nas: El nas despr\u00e8n una riquesa i intensitat captivadores, caracteritzada per fruites ex\u00f2tiques madures com el mango i la maracuya. La maduresa del whisky es fa evident per la pres\u00e8ncia d&#8217;aromes de ranci i fusta envernissada. Segueixen subtils notes dolces, amb pr\u00e9ssec, mel, caramel i albercoc sec. El viatge sensorial culmina amb un delicat toc de com\u00ed i fins tocs de torba. Boca: Al paladar, el whisky ofereix una interacci\u00f3 deliciosa d&#8217;agudesa i dol\u00e7or. L&#8217;explosi\u00f3 inicial de fruites fresques, com ara pera i pl\u00e0tan madurs, evoluciona cap a una dol\u00e7or deliciosa que recorda els dol\u00e7os amb mel i les fruites ex\u00f2tiques. Les notes picants i especiades de clau d&#8217;olor i canyella milloren amb eleg\u00e0ncia la fruita. Final: El final \u00e9s impressionantment llarg i c\u00e0lid, oscil\u00b7lant entre notes especiades i subtilment fumades. Un toc final de melmelada de pr\u00e9ssec afegeix una dol\u00e7or deliciosa a la impressi\u00f3 duradora del whisky. Armorik 15 Ans encarna el cim de l&#8217;artesania, oferint una experi\u00e8ncia de degustaci\u00f3 realment excepcional i memorable.<\/p>\n<\/div>\n<\/div>\n<\/div>\n","protected":false},"featured_media":79245,"comment_status":"open","ping_status":"closed","template":"","meta":{"_acf_changed":false},"product_brand":[],"product_cat":[362,360,361],"product_tag":[],"class_list":{"0":"post-78441","1":"product","2":"type-product","3":"status-publish","4":"has-post-thumbnail","6":"product_cat-armorik-ca","7":"product_cat-whisky-per-marca-ca","8":"product_cat-france-ca","10":"first","11":"instock","12":"taxable","13":"shipping-taxable","14":"purchasable","15":"product-type-simple"},"acf":[],"aioseo_notices":[],"jetpack_sharing_enabled":true,"_links":{"self":[{"href":"https:\/\/whisky.ad\/ca\/wp-json\/wp\/v2\/product\/78441","targetHints":{"allow":["GET"]}}],"collection":[{"href":"https:\/\/whisky.ad\/ca\/wp-json\/wp\/v2\/product"}],"about":[{"href":"https:\/\/whisky.ad\/ca\/wp-json\/wp\/v2\/types\/product"}],"replies":[{"embeddable":true,"href":"https:\/\/whisky.ad\/ca\/wp-json\/wp\/v2\/comments?post=78441"}],"wp:featuredmedia":[{"embeddable":true,"href":"https:\/\/whisky.ad\/ca\/wp-json\/wp\/v2\/media\/79245"}],"wp:attachment":[{"href":"https:\/\/whisky.ad\/ca\/wp-json\/wp\/v2\/media?parent=78441"}],"wp:term":[{"taxonomy":"product_brand","embeddable":true,"href":"https:\/\/whisky.ad\/ca\/wp-json\/wp\/v2\/product_brand?post=78441"},{"taxonomy":"product_cat","embeddable":true,"href":"https:\/\/whisky.ad\/ca\/wp-json\/wp\/v2\/product_cat?post=78441"},{"taxonomy":"product_tag","embeddable":true,"href":"https:\/\/whisky.ad\/ca\/wp-json\/wp\/v2\/product_tag?post=78441"}],"curies":[{"name":"wp","href":"https:\/\/api.w.org\/{rel}","templated":true}]}}