{"id":78437,"date":"2023-07-25T16:32:37","date_gmt":"2023-07-25T15:32:37","guid":{"rendered":"https:\/\/whisky.ad\/product\/armorik-10-yo-single-malt-0-7l-46\/"},"modified":"2023-07-25T16:32:37","modified_gmt":"2023-07-25T15:32:37","slug":"armorik-10-yo-single-malt-0-7l-46","status":"publish","type":"product","link":"https:\/\/whisky.ad\/ca\/producte\/armorik-10-yo-single-malt-0-7l-46\/","title":{"rendered":"ARMORIK 10 YO Single Malt 0.7l 46%"},"content":{"rendered":"","protected":false},"excerpt":{"rendered":"<div class=\"flex flex-grow flex-col gap-3\">\n<div class=\"min-h-[20px] flex items-start overflow-x-auto whitespace-pre-wrap break-words flex-col gap-4\">\n<div class=\"markdown prose w-full break-words dark:prose-invert light\">\n<p>Armorik 10 ans \u2013 \u00e9dition 2023 Publicat el 24 de mar\u00e7 de 2023 46% \u2013 70cl Maduraci\u00f3: Bourbon and Sherry Casks Disponibilitat: Edici\u00f3 limitada \u2013 5000 ampolles Despr\u00e9s de l&#8217;\u00e8xit del llan\u00e7ament del primer Armorik 10 Years Old, estem encantats d&#8217;ampliar les possibilitats del les nostres precioses b\u00f3tes. Aquesta nova edici\u00f3 d&#8217;Armorik 10 Years Old mostra amb orgull l&#8217;experi\u00e8ncia del nostre Master Blender i el nostre domini de 25 anys en l&#8217;envelliment del whisky single malt. Receptor de l&#8217;estimat t\u00edtol de &#8220;Millor whisky franc\u00e8s&#8221; als World Whisky Awards 2020 i 2022. Nas: Expressiu i indulgent, el nas s&#8217;obre amb una deliciosa varietat de fruites, alhora que conserva la seva frescor vigoritzant. Les notes d&#8217;albercoc, moscatell i mango prenen el protagonisme, seguits de tocs gourmet d&#8217;ametlles a la planxa i taronja confitada. Un subtil toc de tabac afegeix una complexitat seductora. Boca: En boca \u00e9s una interacci\u00f3 captivadora de frescor i rodonesa, destacant de manera experta l&#8217;ess\u00e8ncia afruitada d&#8217;Armorik amb sabors de pr\u00e9ssec groc i fruites ex\u00f2tiques. A poc a poc, es desenvolupa una dol\u00e7a simfonia, amb notes de mel, xarop d&#8217;aur\u00f3 i flor de taronger donant el seu encant. Final: El final \u00e9s notablement llarg i floral, amb l&#8217;ess\u00e8ncia seductora del gessam\u00ed. Balla amb gr\u00e0cia entre notes especiades i lleugerament fumades, deixant una impressi\u00f3 memorable que perdura al paladar.<\/p>\n<\/div>\n<\/div>\n<\/div>\n<div class=\"flex justify-between lg:block\">\n<div class=\"text-gray-400 flex self-end lg:self-center justify-center mt-2 gap-2 md:gap-3 lg:gap-1 lg:absolute lg:top-0 lg:translate-x-full lg:right-0 lg:mt-0 lg:pl-2 visible\"><\/div>\n<\/div>\n","protected":false},"featured_media":76509,"comment_status":"open","ping_status":"closed","template":"","meta":{"_acf_changed":false},"product_brand":[],"product_cat":[362,360,361],"product_tag":[],"class_list":{"0":"post-78437","1":"product","2":"type-product","3":"status-publish","4":"has-post-thumbnail","6":"product_cat-armorik-ca","7":"product_cat-whisky-per-marca-ca","8":"product_cat-france-ca","10":"first","11":"instock","12":"taxable","13":"shipping-taxable","14":"purchasable","15":"product-type-simple"},"acf":[],"aioseo_notices":[],"jetpack_sharing_enabled":true,"_links":{"self":[{"href":"https:\/\/whisky.ad\/ca\/wp-json\/wp\/v2\/product\/78437","targetHints":{"allow":["GET"]}}],"collection":[{"href":"https:\/\/whisky.ad\/ca\/wp-json\/wp\/v2\/product"}],"about":[{"href":"https:\/\/whisky.ad\/ca\/wp-json\/wp\/v2\/types\/product"}],"replies":[{"embeddable":true,"href":"https:\/\/whisky.ad\/ca\/wp-json\/wp\/v2\/comments?post=78437"}],"wp:featuredmedia":[{"embeddable":true,"href":"https:\/\/whisky.ad\/ca\/wp-json\/wp\/v2\/media\/76509"}],"wp:attachment":[{"href":"https:\/\/whisky.ad\/ca\/wp-json\/wp\/v2\/media?parent=78437"}],"wp:term":[{"taxonomy":"product_brand","embeddable":true,"href":"https:\/\/whisky.ad\/ca\/wp-json\/wp\/v2\/product_brand?post=78437"},{"taxonomy":"product_cat","embeddable":true,"href":"https:\/\/whisky.ad\/ca\/wp-json\/wp\/v2\/product_cat?post=78437"},{"taxonomy":"product_tag","embeddable":true,"href":"https:\/\/whisky.ad\/ca\/wp-json\/wp\/v2\/product_tag?post=78437"}],"curies":[{"name":"wp","href":"https:\/\/api.w.org\/{rel}","templated":true}]}}