{"id":78434,"date":"2023-08-29T18:43:41","date_gmt":"2023-08-29T17:43:41","guid":{"rendered":"https:\/\/whisky.ad\/product\/armagnac-delord-bas-armagnac-napoleon-0-7l-40\/"},"modified":"2024-01-05T17:33:11","modified_gmt":"2024-01-05T16:33:11","slug":"armagnac-delord-bas-armagnac-napoleon-0-7l-40","status":"publish","type":"product","link":"https:\/\/whisky.ad\/ca\/producte\/armagnac-delord-bas-armagnac-napoleon-0-7l-40\/","title":{"rendered":"Armagnac Delord Bas Armagnac Napoleon 0.7l 40%"},"content":{"rendered":"","protected":false},"excerpt":{"rendered":"<div class=\"flex flex-grow flex-col gap-3 max-w-full\">\n<div class=\"min-h-[20px] flex flex-col items-start gap-3 overflow-x-auto whitespace-pre-wrap break-words\">\n<div class=\"markdown prose w-full break-words dark:prose-invert light\">\n<p>Un Armagnac d&#8217;una fruitositat notable, sabors rics i accessibilitat, amb una excel\u00b7lent combinaci\u00f3 de for\u00e7a i eleg\u00e0ncia. La destil\u00b7leria es troba a Lannepax, Gascunya, la p\u00e0tria ancestral de la fam\u00edlia Delord. Les seves vinyes estan plantades amb varietats de ra\u00efm Colombard, Ugni Blanc i Folle Blanche. Aquest Armagnac ofereix aromes vibrants que inclouen panses al forn, nata de coco, cacau en pols, grans de pebre ex\u00f2tic, fruits secs de mantega i tocs de cuir. El seu final \u00e9s una combinaci\u00f3 persistent i en constant evoluci\u00f3 de mel, cacau, fruita i esp\u00e8cies pebres. La fam\u00edlia Delord va establir inicialment la destil\u00b7leria el 1893.<\/p>\n<\/div>\n<\/div>\n<\/div>\n","protected":false},"featured_media":77514,"comment_status":"open","ping_status":"closed","template":"","meta":{"_acf_changed":false},"product_brand":[],"product_cat":[344,349],"product_tag":[],"class_list":{"0":"post-78434","1":"product","2":"type-product","3":"status-publish","4":"has-post-thumbnail","6":"product_cat-cognac-armagnac-brandy-ca-2","7":"product_cat-begudes-alcoholiques-ca","9":"first","10":"instock","11":"taxable","12":"shipping-taxable","13":"purchasable","14":"product-type-simple"},"acf":[],"aioseo_notices":[],"jetpack_sharing_enabled":true,"_links":{"self":[{"href":"https:\/\/whisky.ad\/ca\/wp-json\/wp\/v2\/product\/78434","targetHints":{"allow":["GET"]}}],"collection":[{"href":"https:\/\/whisky.ad\/ca\/wp-json\/wp\/v2\/product"}],"about":[{"href":"https:\/\/whisky.ad\/ca\/wp-json\/wp\/v2\/types\/product"}],"replies":[{"embeddable":true,"href":"https:\/\/whisky.ad\/ca\/wp-json\/wp\/v2\/comments?post=78434"}],"wp:featuredmedia":[{"embeddable":true,"href":"https:\/\/whisky.ad\/ca\/wp-json\/wp\/v2\/media\/77514"}],"wp:attachment":[{"href":"https:\/\/whisky.ad\/ca\/wp-json\/wp\/v2\/media?parent=78434"}],"wp:term":[{"taxonomy":"product_brand","embeddable":true,"href":"https:\/\/whisky.ad\/ca\/wp-json\/wp\/v2\/product_brand?post=78434"},{"taxonomy":"product_cat","embeddable":true,"href":"https:\/\/whisky.ad\/ca\/wp-json\/wp\/v2\/product_cat?post=78434"},{"taxonomy":"product_tag","embeddable":true,"href":"https:\/\/whisky.ad\/ca\/wp-json\/wp\/v2\/product_tag?post=78434"}],"curies":[{"name":"wp","href":"https:\/\/api.w.org\/{rel}","templated":true}]}}