{"id":78431,"date":"2023-08-29T18:39:51","date_gmt":"2023-08-29T17:39:51","guid":{"rendered":"https:\/\/whisky.ad\/product\/armagnac-delord-bas-armagnac-20yo-0-7l-40\/"},"modified":"2024-01-05T18:01:49","modified_gmt":"2024-01-05T17:01:49","slug":"armagnac-delord-bas-armagnac-20yo-0-7l-40","status":"publish","type":"product","link":"https:\/\/whisky.ad\/ca\/producte\/armagnac-delord-bas-armagnac-20yo-0-7l-40\/","title":{"rendered":"Armagnac Delord Bas Armagnac 20yo 0.7l 40%"},"content":{"rendered":"","protected":false},"excerpt":{"rendered":"<p>La hist\u00f2ria va comen\u00e7ar amb Prosper Delord, un destil\u00b7lador errant, que inicialment es va enamorar de l&#8217;exquisida aigua-de-vie Armagnac. El 1893 va establir la casa Delord, que va evolucionar fins a convertir-se en els germans Delord Armagnac quan els seus dos fills, Gaston i Georges, van heretar l&#8217;alambic i van continuar el llegat del seu pare amb el mateix fervor per a Armagnac. Actualment, els fills de Gaston Jacques i Pierre Delord porten endavant la tradici\u00f3 familiar, juntament amb la generaci\u00f3 seg\u00fcent, Jerome i Sylvain. Amb aromes de fruits secs i vainilla, aquest Armagnac de 20 anys, que mostra una complexitat arom\u00e0tica notable, captivar\u00e0 el vostre paladar amb els seus tocs d&#8217;esp\u00e8cies suaus (canyella, vainilla), notes llenyoses i ranci (nous).  <\/p>\n","protected":false},"featured_media":77517,"comment_status":"open","ping_status":"closed","template":"","meta":{"_acf_changed":false},"product_brand":[],"product_cat":[344,349],"product_tag":[],"class_list":{"0":"post-78431","1":"product","2":"type-product","3":"status-publish","4":"has-post-thumbnail","6":"product_cat-cognac-armagnac-brandy-ca-2","7":"product_cat-begudes-alcoholiques-ca","9":"first","10":"instock","11":"taxable","12":"shipping-taxable","13":"purchasable","14":"product-type-simple"},"acf":[],"aioseo_notices":[],"jetpack_sharing_enabled":true,"_links":{"self":[{"href":"https:\/\/whisky.ad\/ca\/wp-json\/wp\/v2\/product\/78431","targetHints":{"allow":["GET"]}}],"collection":[{"href":"https:\/\/whisky.ad\/ca\/wp-json\/wp\/v2\/product"}],"about":[{"href":"https:\/\/whisky.ad\/ca\/wp-json\/wp\/v2\/types\/product"}],"replies":[{"embeddable":true,"href":"https:\/\/whisky.ad\/ca\/wp-json\/wp\/v2\/comments?post=78431"}],"wp:featuredmedia":[{"embeddable":true,"href":"https:\/\/whisky.ad\/ca\/wp-json\/wp\/v2\/media\/77517"}],"wp:attachment":[{"href":"https:\/\/whisky.ad\/ca\/wp-json\/wp\/v2\/media?parent=78431"}],"wp:term":[{"taxonomy":"product_brand","embeddable":true,"href":"https:\/\/whisky.ad\/ca\/wp-json\/wp\/v2\/product_brand?post=78431"},{"taxonomy":"product_cat","embeddable":true,"href":"https:\/\/whisky.ad\/ca\/wp-json\/wp\/v2\/product_cat?post=78431"},{"taxonomy":"product_tag","embeddable":true,"href":"https:\/\/whisky.ad\/ca\/wp-json\/wp\/v2\/product_tag?post=78431"}],"curies":[{"name":"wp","href":"https:\/\/api.w.org\/{rel}","templated":true}]}}