{"id":78428,"date":"2023-08-29T18:33:52","date_gmt":"2023-08-29T17:33:52","guid":{"rendered":"https:\/\/whisky.ad\/product\/armagnac-delord-bas-armagnac-15yo-0-7l-40\/"},"modified":"2024-01-05T18:05:57","modified_gmt":"2024-01-05T17:05:57","slug":"armagnac-delord-bas-armagnac-15yo-0-7l-40","status":"publish","type":"product","link":"https:\/\/whisky.ad\/ca\/producte\/armagnac-delord-bas-armagnac-15yo-0-7l-40\/","title":{"rendered":"Armagnac Delord Bas Armagnac 15yo 0.7l 40%"},"content":{"rendered":"","protected":false},"excerpt":{"rendered":"<div class=\"flex flex-grow flex-col gap-3 max-w-full\">\n<div class=\"min-h-[20px] flex flex-col items-start gap-3 overflow-x-auto whitespace-pre-wrap break-words\">\n<div class=\"markdown prose w-full break-words dark:prose-invert light\">\n<p>La hist\u00f2ria va comen\u00e7ar amb Prosper Delord, un destil\u00b7lador errant, que inicialment es va enamorar de l&#8217;exquisida aigua-de-vie Armagnac. El 1893 va establir la casa Delord, que va evolucionar fins a convertir-se en els germans Delord Armagnac quan els seus dos fills, Gaston i Georges, van heretar l&#8217;alambic i van continuar el llegat del seu pare amb el mateix fervor per a Armagnac. Actualment, els fills de Gaston Jacques i Pierre Delord porten endavant la tradici\u00f3 familiar, juntament amb la generaci\u00f3 seg\u00fcent, Jerome i Sylvain. Malgrat la seva edat relativament jove, aquesta expressi\u00f3 de 15 anys t\u00e9 un refinament notable, mostrant un equilibri impressionant i un car\u00e0cter afruitat. Presenta un bouquet arom\u00e0tic de prunes, fruits secs, i una riquesa d&#8217;aromes, acompanyat de subtils notes especiades. Al paladar, l&#8217;experi\u00e8ncia es desenvolupa amb la pres\u00e8ncia de prunes, prunes i deliciosos fruits secs d&#8217;ametlla, real\u00e7ats per suaus matisos d&#8217;esp\u00e8cies com la canyella.  <\/p>\n<\/div>\n<\/div>\n<\/div>\n","protected":false},"featured_media":77505,"comment_status":"open","ping_status":"closed","template":"","meta":{"_acf_changed":false},"product_brand":[],"product_cat":[344,349],"product_tag":[],"class_list":{"0":"post-78428","1":"product","2":"type-product","3":"status-publish","4":"has-post-thumbnail","6":"product_cat-cognac-armagnac-brandy-ca-2","7":"product_cat-begudes-alcoholiques-ca","9":"first","10":"instock","11":"taxable","12":"shipping-taxable","13":"purchasable","14":"product-type-simple"},"acf":[],"aioseo_notices":[],"jetpack_sharing_enabled":true,"_links":{"self":[{"href":"https:\/\/whisky.ad\/ca\/wp-json\/wp\/v2\/product\/78428","targetHints":{"allow":["GET"]}}],"collection":[{"href":"https:\/\/whisky.ad\/ca\/wp-json\/wp\/v2\/product"}],"about":[{"href":"https:\/\/whisky.ad\/ca\/wp-json\/wp\/v2\/types\/product"}],"replies":[{"embeddable":true,"href":"https:\/\/whisky.ad\/ca\/wp-json\/wp\/v2\/comments?post=78428"}],"wp:featuredmedia":[{"embeddable":true,"href":"https:\/\/whisky.ad\/ca\/wp-json\/wp\/v2\/media\/77505"}],"wp:attachment":[{"href":"https:\/\/whisky.ad\/ca\/wp-json\/wp\/v2\/media?parent=78428"}],"wp:term":[{"taxonomy":"product_brand","embeddable":true,"href":"https:\/\/whisky.ad\/ca\/wp-json\/wp\/v2\/product_brand?post=78428"},{"taxonomy":"product_cat","embeddable":true,"href":"https:\/\/whisky.ad\/ca\/wp-json\/wp\/v2\/product_cat?post=78428"},{"taxonomy":"product_tag","embeddable":true,"href":"https:\/\/whisky.ad\/ca\/wp-json\/wp\/v2\/product_tag?post=78428"}],"curies":[{"name":"wp","href":"https:\/\/api.w.org\/{rel}","templated":true}]}}