{"id":78425,"date":"2023-08-28T15:05:27","date_gmt":"2023-08-28T14:05:27","guid":{"rendered":"https:\/\/whisky.ad\/product\/aoc-fine-bretagne-cuvee-glycine-0-7l-40\/"},"modified":"2024-01-06T14:14:46","modified_gmt":"2024-01-06T13:14:46","slug":"aoc-fine-bretagne-cuvee-glycine-0-7l-40","status":"publish","type":"product","link":"https:\/\/whisky.ad\/ca\/producte\/aoc-fine-bretagne-cuvee-glycine-0-7l-40\/","title":{"rendered":"AOC Fine Bretagne cuv\u00e9e Glycine 0.7l 40%"},"content":{"rendered":"","protected":false},"excerpt":{"rendered":"<p>Brandy de poma Amb un comportament accessible per al consumidor, tranquil\u00b7litza immediatament sobre l&#8217;origen del producte. De fet, les notes de poma fresca, la dol\u00e7or suau i el toc agradable de tons ensucrats el converteixen en un aigua de vida assequible i c\u00e0lida. Color: Daurat. Nas: bella intensitat. Les notes florals de rosa i gessam\u00ed van seguides per l&#8217;ess\u00e8ncia afruitada de poma guisada. Boca: un impacte inicial incre\u00efblement suau. Els sabors de poma que segueixen s&#8217;accentuen amb la vivacitat de la Fine Bretagne. Final: viu i afruitat.<\/p>\n","protected":false},"featured_media":77310,"comment_status":"open","ping_status":"closed","template":"","meta":{"_acf_changed":false},"product_brand":[],"product_cat":[353,349],"product_tag":[],"class_list":{"0":"post-78425","1":"product","2":"type-product","3":"status-publish","4":"has-post-thumbnail","6":"product_cat-calvados-ca-2","7":"product_cat-begudes-alcoholiques-ca","9":"first","10":"instock","11":"taxable","12":"shipping-taxable","13":"purchasable","14":"product-type-simple"},"acf":[],"aioseo_notices":[],"jetpack_sharing_enabled":true,"_links":{"self":[{"href":"https:\/\/whisky.ad\/ca\/wp-json\/wp\/v2\/product\/78425","targetHints":{"allow":["GET"]}}],"collection":[{"href":"https:\/\/whisky.ad\/ca\/wp-json\/wp\/v2\/product"}],"about":[{"href":"https:\/\/whisky.ad\/ca\/wp-json\/wp\/v2\/types\/product"}],"replies":[{"embeddable":true,"href":"https:\/\/whisky.ad\/ca\/wp-json\/wp\/v2\/comments?post=78425"}],"wp:featuredmedia":[{"embeddable":true,"href":"https:\/\/whisky.ad\/ca\/wp-json\/wp\/v2\/media\/77310"}],"wp:attachment":[{"href":"https:\/\/whisky.ad\/ca\/wp-json\/wp\/v2\/media?parent=78425"}],"wp:term":[{"taxonomy":"product_brand","embeddable":true,"href":"https:\/\/whisky.ad\/ca\/wp-json\/wp\/v2\/product_brand?post=78425"},{"taxonomy":"product_cat","embeddable":true,"href":"https:\/\/whisky.ad\/ca\/wp-json\/wp\/v2\/product_cat?post=78425"},{"taxonomy":"product_tag","embeddable":true,"href":"https:\/\/whisky.ad\/ca\/wp-json\/wp\/v2\/product_tag?post=78425"}],"curies":[{"name":"wp","href":"https:\/\/api.w.org\/{rel}","templated":true}]}}