{"id":78419,"date":"2023-08-28T15:13:54","date_gmt":"2023-08-28T14:13:54","guid":{"rendered":"https:\/\/whisky.ad\/product\/aoc-calvados-dupont-30yo-0-7l-41\/"},"modified":"2024-01-06T13:45:23","modified_gmt":"2024-01-06T12:45:23","slug":"aoc-calvados-dupont-30yo-0-7l-41","status":"publish","type":"product","link":"https:\/\/whisky.ad\/ca\/producte\/aoc-calvados-dupont-30yo-0-7l-41\/","title":{"rendered":"AOC Calvados Dupont 30yo 0.7l. 41%"},"content":{"rendered":"","protected":false},"excerpt":{"rendered":"<div class=\"flex flex-grow flex-col gap-3 max-w-full\">\n<div class=\"min-h-[20px] flex flex-col items-start gap-3 overflow-x-auto whitespace-pre-wrap break-words\">\n<div class=\"markdown prose w-full break-words dark:prose-invert light\">\n<p>El Calvados de 30 anys ha madurat un m\u00ednim de 30 anys tant en b\u00f3tes com en b\u00f3tes de roure torrat. Terroir: S\u00f2ls composts per argila i marga d&#8217;Oxford. Varietats: 80% pomes agredoles 20% pomes agris Collita: De setembre a novembre Grau d&#8217;alcohol: 41% ABV Producci\u00f3: Les pomes es barregen, es trituren i es premsen. El suc de poma passa per una fermentaci\u00f3 completa per produir la sidra a destil\u00b7lar. La doble destil\u00b7laci\u00f3 es produeix sis mesos despr\u00e9s del proc\u00e9s de fermentaci\u00f3 de la sidra. La primera destil\u00b7laci\u00f3 de la sidra d\u00f3na un l\u00edquid baix en alcohol al 30% ABV. \u00c9s la segona destil\u00b7laci\u00f3 d&#8217;aquest l\u00edquid que d\u00f3na lloc a la creaci\u00f3 de Calvados. Crian\u00e7a: M\u00ednim de trenta anys. En b\u00f3tes i b\u00f3tes de roure torrades de 1200 i 400 litres respectivament. Embotellat per comanda. Tast: Aspecte: Color caoba, ros. Clar en aparen\u00e7a. Nas: Potent i intens. Suau. Es perceben notes de flors, c\u00edtrics, mel, torrat, esp\u00e8cies i ca\u00e7a. Boca: fort, intens, elegant i omnipresent. Persistent amb pres\u00e8ncia retronasal. Hi destaquen els sabors de vainilla, fusta, pomes confitades i esp\u00e8cies.<\/p>\n<\/div>\n<\/div>\n<\/div>\n","protected":false},"featured_media":79067,"comment_status":"open","ping_status":"closed","template":"","meta":{"_acf_changed":false},"product_brand":[],"product_cat":[353,349],"product_tag":[],"class_list":{"0":"post-78419","1":"product","2":"type-product","3":"status-publish","4":"has-post-thumbnail","6":"product_cat-calvados-ca-2","7":"product_cat-begudes-alcoholiques-ca","9":"first","10":"instock","11":"taxable","12":"shipping-taxable","13":"purchasable","14":"product-type-simple"},"acf":[],"aioseo_notices":[],"jetpack_sharing_enabled":true,"_links":{"self":[{"href":"https:\/\/whisky.ad\/ca\/wp-json\/wp\/v2\/product\/78419","targetHints":{"allow":["GET"]}}],"collection":[{"href":"https:\/\/whisky.ad\/ca\/wp-json\/wp\/v2\/product"}],"about":[{"href":"https:\/\/whisky.ad\/ca\/wp-json\/wp\/v2\/types\/product"}],"replies":[{"embeddable":true,"href":"https:\/\/whisky.ad\/ca\/wp-json\/wp\/v2\/comments?post=78419"}],"wp:featuredmedia":[{"embeddable":true,"href":"https:\/\/whisky.ad\/ca\/wp-json\/wp\/v2\/media\/79067"}],"wp:attachment":[{"href":"https:\/\/whisky.ad\/ca\/wp-json\/wp\/v2\/media?parent=78419"}],"wp:term":[{"taxonomy":"product_brand","embeddable":true,"href":"https:\/\/whisky.ad\/ca\/wp-json\/wp\/v2\/product_brand?post=78419"},{"taxonomy":"product_cat","embeddable":true,"href":"https:\/\/whisky.ad\/ca\/wp-json\/wp\/v2\/product_cat?post=78419"},{"taxonomy":"product_tag","embeddable":true,"href":"https:\/\/whisky.ad\/ca\/wp-json\/wp\/v2\/product_tag?post=78419"}],"curies":[{"name":"wp","href":"https:\/\/api.w.org\/{rel}","templated":true}]}}