{"id":78412,"date":"2023-08-28T10:48:40","date_gmt":"2023-08-28T09:48:40","guid":{"rendered":"https:\/\/whisky.ad\/product\/aalborg-taffel-aqvavit-0-7l-45\/"},"modified":"2024-01-06T17:07:50","modified_gmt":"2024-01-06T16:07:50","slug":"aalborg-taffel-aqvavit-0-7l-45","status":"publish","type":"product","link":"https:\/\/whisky.ad\/ca\/producte\/aalborg-taffel-aqvavit-0-7l-45\/","title":{"rendered":"Aalborg Taffel Aqvavit 0.7l 45%"},"content":{"rendered":"","protected":false},"excerpt":{"rendered":"<p>Aalborg Taffel es presenta com un Aquavit atemporal, introdu\u00eft per primera vegada el 1846. Aquest esperit cl\u00e0ssic compta amb una combinaci\u00f3 encantadora de sabors de com\u00ed i c\u00edtrics. La seva excepcional qualitat va ser reconeguda quan va rebre el t\u00edtol de Millor Aquavit del m\u00f3n al Concurs Internacional de Vins i Licors de 2002.<\/p>\n","protected":false},"featured_media":77277,"comment_status":"open","ping_status":"closed","template":"","meta":{"_acf_changed":false},"product_brand":[],"product_cat":[350,349],"product_tag":[],"class_list":{"0":"post-78412","1":"product","2":"type-product","3":"status-publish","4":"has-post-thumbnail","6":"product_cat-aquavit-ca","7":"product_cat-begudes-alcoholiques-ca","9":"first","10":"instock","11":"taxable","12":"shipping-taxable","13":"purchasable","14":"product-type-simple"},"acf":[],"aioseo_notices":[],"jetpack_sharing_enabled":true,"_links":{"self":[{"href":"https:\/\/whisky.ad\/ca\/wp-json\/wp\/v2\/product\/78412","targetHints":{"allow":["GET"]}}],"collection":[{"href":"https:\/\/whisky.ad\/ca\/wp-json\/wp\/v2\/product"}],"about":[{"href":"https:\/\/whisky.ad\/ca\/wp-json\/wp\/v2\/types\/product"}],"replies":[{"embeddable":true,"href":"https:\/\/whisky.ad\/ca\/wp-json\/wp\/v2\/comments?post=78412"}],"wp:featuredmedia":[{"embeddable":true,"href":"https:\/\/whisky.ad\/ca\/wp-json\/wp\/v2\/media\/77277"}],"wp:attachment":[{"href":"https:\/\/whisky.ad\/ca\/wp-json\/wp\/v2\/media?parent=78412"}],"wp:term":[{"taxonomy":"product_brand","embeddable":true,"href":"https:\/\/whisky.ad\/ca\/wp-json\/wp\/v2\/product_brand?post=78412"},{"taxonomy":"product_cat","embeddable":true,"href":"https:\/\/whisky.ad\/ca\/wp-json\/wp\/v2\/product_cat?post=78412"},{"taxonomy":"product_tag","embeddable":true,"href":"https:\/\/whisky.ad\/ca\/wp-json\/wp\/v2\/product_tag?post=78412"}],"curies":[{"name":"wp","href":"https:\/\/api.w.org\/{rel}","templated":true}]}}