{"id":78401,"date":"2023-11-23T16:03:50","date_gmt":"2023-11-23T15:03:50","guid":{"rendered":"https:\/\/whisky.ad\/product\/bladnoch-single-malt-dragon-series-iteration-iii-the-casks\/"},"modified":"2024-01-05T13:03:45","modified_gmt":"2024-01-05T12:03:45","slug":"bladnoch-single-malt-dragon-series-iteration-iii-the-casks","status":"publish","type":"product","link":"https:\/\/whisky.ad\/ca\/producte\/bladnoch-single-malt-dragon-series-iteration-iii-the-casks\/","title":{"rendered":"Bladnoch Single Malt Dragon Series Iteration III &#8220;The Casks&#8221;"},"content":{"rendered":"","protected":false},"excerpt":{"rendered":"<p><strong>Bladnoch Single Malt Dragon Series Iteration III &#8220;The Casks&#8221; 49.9% 0.7L<\/strong><\/p>\n<p>Es ven en un conjunt de 5 iteracions diferents.<\/p>\n<p>Bladnoch \u00e9s la destil\u00b7leria de whisky escoc\u00e8s de propietat privada m\u00e9s antiga del m\u00f3n, el seu llegat encara flueix a la perfecci\u00f3 des de 1817.<\/p>\n<p>La rica her\u00e8ncia de Bladnoch t\u00e9 els seus or\u00edgens en John i Thomas McClelland, als quals se&#8217;ls va concedir l&#8217;estimada llic\u00e8ncia per destil\u00b7lar whisky a la seva granja Bladnoch a les terres baixes d&#8217;Esc\u00f2cia. Durant gaireb\u00e9 un segle, les successives generacions de McClelland van nodrir i modernitzar la destil\u00b7leria. En el seu zenit, el lloc va presumir de sis rentats i una producci\u00f3 anual d&#8217;aproximadament 230.000 litres d&#8217;alcohol, consolidant la seva estatura com la &#8220;Reina de les terres baixes&#8221;.<\/p>\n<p><strong>NICK SAVAGE<\/strong> <em>EL MASTER DISTILLER<\/em> El Dr. Nick Savage va assumir el paper de Master Distiller a Bladnoch Distillery el 2019, arribant de The Macallan amb un bagatge impressionant. Despr\u00e9s d&#8217;haver passat quatre anys a Austr\u00e0lia completant el seu doctorat, Nick mant\u00e9 una profunda connexi\u00f3 amb les arrels escoceses i australianes de Bladnoch Distillery. Al llarg de la seva carrera, la recerca inflexible de la perfecci\u00f3 de Nick l&#8217;ha posicionat com una llumin\u00e0ria de la ind\u00fastria, assegurant l&#8217;excel\u00b7l\u00e8ncia cont\u00ednua dels Single Malts de Bladnoch. &#8220;El comprom\u00eds inquebrantable de l&#8217;equip de Bladnoch amb una qualitat inigualable \u00e9s el que em fa incre\u00efblement emocionat de contribuir al futur extraordinari de Bladnoch Distillery&#8221;.<\/p>\n<div class=\"flex flex-grow flex-col max-w-full gap-3 gizmo:gap-0\">\n<div class=\"min-h-[20px] text-message flex flex-col items-start gap-3 whitespace-pre-wrap break-words [.text-message+&amp;]:mt-5 overflow-x-auto\" data-message-author-role=\"assistant\" data-message-id=\"7866674f-82ed-442d-870f-2334e6918d8d\">\n<div class=\"markdown prose w-full break-words dark:prose-invert dark\">\n<p>La s\u00e8rie Dragon fa una comparaci\u00f3 amb l&#8217;intricat proc\u00e9s de producci\u00f3 de whisky, destacant la gran varietat de variabilitat present: un tap\u00eds d&#8217;aparent caos i impredictibilitat. No obstant aix\u00f2, utilitzant les habilitats, la saviesa i l&#8217;experi\u00e8ncia dels artesans actuals, juntament amb el llegat dels que ens van precedir, cada iteraci\u00f3 d&#8217;aquesta s\u00e8rie culmina amb un whisky magn\u00edficament elaborat. <\/p>\n<hr>\n<p>La iteraci\u00f3 III dins d&#8217;aquesta s\u00e8rie il\u00b7lumina una altra font principal de variabilitat: l&#8217;art de la b\u00f3ta. L&#8217;elaboraci\u00f3 de les nostres b\u00f3tes requereix una consideraci\u00f3 meticulosa de nombroses variables, que inclouen esp\u00e8cies de roure, entorns de creixement i les complexes t\u00e8cniques de torrat, carbonitzaci\u00f3 i condiment. Aquests factors tenen una influ\u00e8ncia profunda, semblant a l&#8217;efecte papallona, en el car\u00e0cter final del nostre whisky, tret que siguin aprofitats per mans d&#8217;experts boters.  <\/p>\n<p><strong>NOTA DE TAST<\/strong><\/p>\n<ul>\n<li>Crispetes, esp\u00e8cies, riquesa<\/li>\n<\/ul>\n<p><strong>NAS<\/strong><\/p>\n<ul>\n<li>Aromes que recorden les branques de canyella i el gingebre arrel amb un fons de c\u00edtrics<\/li>\n<\/ul>\n<p><strong>PALDAR<\/strong><\/p>\n<ul>\n<li>Exhibeix sabors de panses entrella\u00e7ats amb crispetes de blat de moro i tocs d&#8217;arrel de gingebre<\/li>\n<\/ul>\n<p><strong>ACABAR<\/strong><\/p>\n<ul>\n<li>Una calidesa i un gruix luxosos i prolongats<\/li>\n<\/ul>\n<p>Strength: 49.9% ABV<\/p>\n<p>Tipus de b\u00f3ta: 1r farciment de roure americ\u00e0 Bourbon i 1r farciment de roure espanyol de xer\u00e8s<\/p>\n<\/div>\n<\/div>\n<\/div>\n","protected":false},"featured_media":77769,"comment_status":"open","ping_status":"closed","template":"","meta":{"_acf_changed":false},"product_brand":[],"product_cat":[628,316,315],"product_tag":[],"class_list":{"0":"post-78401","1":"product","2":"type-product","3":"status-publish","4":"has-post-thumbnail","6":"product_cat-lowland-ca","7":"product_cat-bladnoch-ca","8":"product_cat-escocia","10":"first","11":"instock","12":"taxable","13":"shipping-taxable","14":"purchasable","15":"product-type-simple"},"acf":[],"aioseo_notices":[],"jetpack_sharing_enabled":true,"_links":{"self":[{"href":"https:\/\/whisky.ad\/ca\/wp-json\/wp\/v2\/product\/78401","targetHints":{"allow":["GET"]}}],"collection":[{"href":"https:\/\/whisky.ad\/ca\/wp-json\/wp\/v2\/product"}],"about":[{"href":"https:\/\/whisky.ad\/ca\/wp-json\/wp\/v2\/types\/product"}],"replies":[{"embeddable":true,"href":"https:\/\/whisky.ad\/ca\/wp-json\/wp\/v2\/comments?post=78401"}],"wp:featuredmedia":[{"embeddable":true,"href":"https:\/\/whisky.ad\/ca\/wp-json\/wp\/v2\/media\/77769"}],"wp:attachment":[{"href":"https:\/\/whisky.ad\/ca\/wp-json\/wp\/v2\/media?parent=78401"}],"wp:term":[{"taxonomy":"product_brand","embeddable":true,"href":"https:\/\/whisky.ad\/ca\/wp-json\/wp\/v2\/product_brand?post=78401"},{"taxonomy":"product_cat","embeddable":true,"href":"https:\/\/whisky.ad\/ca\/wp-json\/wp\/v2\/product_cat?post=78401"},{"taxonomy":"product_tag","embeddable":true,"href":"https:\/\/whisky.ad\/ca\/wp-json\/wp\/v2\/product_tag?post=78401"}],"curies":[{"name":"wp","href":"https:\/\/api.w.org\/{rel}","templated":true}]}}