{"id":78395,"date":"2023-12-05T10:14:13","date_gmt":"2023-12-05T09:14:13","guid":{"rendered":"https:\/\/whisky.ad\/product\/cognac-ae-dor-extra-30-yo-grande-champagne\/"},"modified":"2023-12-07T12:02:28","modified_gmt":"2023-12-07T11:02:28","slug":"cognac-ae-dor-extra-30-yo-grande-champagne","status":"publish","type":"product","link":"https:\/\/whisky.ad\/ca\/producte\/cognac-ae-dor-extra-30-yo-grande-champagne\/","title":{"rendered":"Cognac AE DOR Extra 30 YO Grande Champagne"},"content":{"rendered":"","protected":false},"excerpt":{"rendered":"<div class=\"flex flex-grow flex-col max-w-full\">\n<div class=\"min-h-[20px] text-message flex flex-col items-start gap-3 whitespace-pre-wrap break-words [.text-message+&amp;]:mt-5 overflow-x-auto\" data-message-author-role=\"assistant\" data-message-id=\"397c8976-5d28-43c3-8c1e-f42e8c647a1c\">\n<div class=\"markdown prose w-full break-words dark:prose-invert dark\">\n<p><strong>Cognac AE DOR Extra 30 YO Grande Champagne<\/strong><\/p>\n<p>El Cognac A.E. Dor Extra Grande Champagne encarna realment la sublimitat. Envellit minuciosament en b\u00f3tes petites dins d&#8217;un celler humit, aquest cognac de qualitat &#8220;extra&#8221; de primer cru captiva des del moment en qu\u00e8 capta la teva mirada.  Tancat en un espl\u00e8ndid decantador i caixa de presentaci\u00f3, t\u00e9 una tonalitat profunda captivadora que nom\u00e9s posseeix un cognac genu\u00efnament ben envellit. L&#8217;odissea sensorial continua amb un ram de violetes, vainilla i cacau. Per a aquells que tinguin curiositat per l&#8217;aroma i el sabor dif\u00edcils de fer del &#8220;ranci&#8221;, aquest exemplar ho mostra de manera impecable. Per a aquells que no coneguin els cognacs d&#8217;A.E. Dor, aquesta oferta en particular \u00e9s un testimoni de l&#8217;estatura excepcional d&#8217;aquesta casa. Amb un inventari d&#8217;aigua de vidre anterior a la crisi de la fil\u00b7loxera de finals del 1800, aquesta casa no nom\u00e9s encarna una rica hist\u00f2ria, sin\u00f3 que tamb\u00e9 mant\u00e9 un celler extraordinari per elaborar conyacs inigualables. Us assegurem que un cop assaboris un conyac d&#8217;A.E. Dor, us demanar\u00e0 que torneu per m\u00e9s.<\/p>\n<\/div>\n<\/div>\n<\/div>\n","protected":false},"featured_media":78207,"comment_status":"open","ping_status":"closed","template":"","meta":{"_acf_changed":false},"product_brand":[],"product_cat":[343,344],"product_tag":[],"class_list":{"0":"post-78395","1":"product","2":"type-product","3":"status-publish","4":"has-post-thumbnail","6":"product_cat-rar-i-colleccionable","7":"product_cat-cognac-armagnac-brandy-ca-2","9":"first","10":"instock","11":"taxable","12":"shipping-taxable","13":"purchasable","14":"product-type-simple"},"acf":[],"aioseo_notices":[],"jetpack_sharing_enabled":true,"_links":{"self":[{"href":"https:\/\/whisky.ad\/ca\/wp-json\/wp\/v2\/product\/78395","targetHints":{"allow":["GET"]}}],"collection":[{"href":"https:\/\/whisky.ad\/ca\/wp-json\/wp\/v2\/product"}],"about":[{"href":"https:\/\/whisky.ad\/ca\/wp-json\/wp\/v2\/types\/product"}],"replies":[{"embeddable":true,"href":"https:\/\/whisky.ad\/ca\/wp-json\/wp\/v2\/comments?post=78395"}],"wp:featuredmedia":[{"embeddable":true,"href":"https:\/\/whisky.ad\/ca\/wp-json\/wp\/v2\/media\/78207"}],"wp:attachment":[{"href":"https:\/\/whisky.ad\/ca\/wp-json\/wp\/v2\/media?parent=78395"}],"wp:term":[{"taxonomy":"product_brand","embeddable":true,"href":"https:\/\/whisky.ad\/ca\/wp-json\/wp\/v2\/product_brand?post=78395"},{"taxonomy":"product_cat","embeddable":true,"href":"https:\/\/whisky.ad\/ca\/wp-json\/wp\/v2\/product_cat?post=78395"},{"taxonomy":"product_tag","embeddable":true,"href":"https:\/\/whisky.ad\/ca\/wp-json\/wp\/v2\/product_tag?post=78395"}],"curies":[{"name":"wp","href":"https:\/\/api.w.org\/{rel}","templated":true}]}}