{"id":77790,"date":"2023-11-23T16:20:20","date_gmt":"2023-11-23T15:20:20","guid":{"rendered":"https:\/\/whisky.ad\/product\/bladnoch-single-malt-dragon-series-iteracio-v-la-decisio\/"},"modified":"2024-01-05T12:43:48","modified_gmt":"2024-01-05T11:43:48","slug":"bladnoch-single-malt-dragon-series-iteracio-v-la-decisio","status":"publish","type":"product","link":"https:\/\/whisky.ad\/ca\/producte\/bladnoch-single-malt-dragon-series-iteracio-v-la-decisio\/","title":{"rendered":"Bladnoch Single Malt Dragon Series Iteraci\u00f3 V &#8220;La decisi\u00f3&#8221;"},"content":{"rendered":"","protected":false},"excerpt":{"rendered":"<p><strong>Bladnoch Single Malt Dragon Series Iteraci\u00f3 V &#8220;La decisi\u00f3&#8221; 53,1% 0,7l.<\/strong><\/p>\n<p>Es ven en un conjunt de 5 iteracions diferents.<\/p>\n<p>Bladnoch \u00e9s la destil\u00b7leria de whisky escoc\u00e8s de propietat privada m\u00e9s antiga del m\u00f3n, el seu llegat encara flueix a la perfecci\u00f3 des de 1817.<\/p>\n<p>La rica her\u00e8ncia de Bladnoch t\u00e9 els seus or\u00edgens en John i Thomas McClelland, als quals se&#8217;ls va concedir l&#8217;estimada llic\u00e8ncia per destil\u00b7lar whisky a la seva granja Bladnoch a les terres baixes d&#8217;Esc\u00f2cia. Durant gaireb\u00e9 un segle, les successives generacions de McClelland van nodrir i modernitzar la destil\u00b7leria. En el seu zenit, el lloc va presumir de sis rentats i una producci\u00f3 anual d&#8217;aproximadament 230.000 litres d&#8217;alcohol, consolidant la seva estatura com la &#8220;Reina de les terres baixes&#8221;.<\/p>\n<p><strong>NICK SAVAGE<\/strong> <em>EL MASTER DISTILLER<\/em> El Dr. Nick Savage va assumir el paper de Master Distiller a Bladnoch Distillery el 2019, arribant de The Macallan amb un bagatge impressionant. Despr\u00e9s d&#8217;haver passat quatre anys a Austr\u00e0lia completant el seu doctorat, Nick mant\u00e9 una profunda connexi\u00f3 amb les arrels escoceses i australianes de Bladnoch Distillery. Al llarg de la seva carrera, la recerca inflexible de la perfecci\u00f3 de Nick l&#8217;ha posicionat com una llumin\u00e0ria de la ind\u00fastria, assegurant l&#8217;excel\u00b7l\u00e8ncia cont\u00ednua dels Single Malts de Bladnoch. &#8220;El comprom\u00eds inquebrantable de l&#8217;equip de Bladnoch amb una qualitat inigualable \u00e9s el que em fa incre\u00efblement emocionat de contribuir al futur extraordinari de Bladnoch Distillery&#8221;.<\/p>\n<div class=\"flex flex-grow flex-col max-w-full gap-3 gizmo:gap-0\">\n<div class=\"min-h-[20px] text-message flex flex-col items-start gap-3 whitespace-pre-wrap break-words [.text-message+&amp;]:mt-5 overflow-x-auto\" data-message-author-role=\"assistant\" data-message-id=\"59f022bc-a9bd-4bac-9917-7a9fca41e103\">\n<div class=\"markdown prose w-full break-words dark:prose-invert dark\">\n<p>La s\u00e8rie Dragon tra\u00e7a paral\u00b7lelismes amb la naturalesa complexa de la producci\u00f3 de whisky, revelant la variabilitat expansiva inherent al proc\u00e9s: un aparent tap\u00eds de caos i impredictibilitat. Tanmateix, aprofitar les habilitats, els coneixements i l&#8217;experi\u00e8ncia dels artesans actuals, aix\u00ed com el llegat transm\u00e8s de generaci\u00f3 en generaci\u00f3, garanteix que cada iteraci\u00f3 daurada culmini en un whisky ben elaborat. <\/p>\n<hr>\n<p>La iteraci\u00f3 V centra l&#8217;atenci\u00f3 al cor de la creaci\u00f3 de whisky, la sala de mostres, on es desenvolupen les decisions cr\u00edtiques que configuren els nostres productes finals. Aqu\u00ed, cada variabilitat i impredictibilitat es sospesa meticulosament, salvaguardant els interessos de dem\u00e0 alhora que harmonitza les demandes actuals d&#8217;una experi\u00e8ncia coherent i sostenible per a tothom. Aquests passos finals encapsulen la complexitat trobada fins ara, simplificant-la amb oportunitats innovadores i l&#8217;habilitat per seleccionar accions de maduraci\u00f3 flexible. L&#8217;objectiu segueix sent garantir que les fluctuacions i la imprevisibilitat que es troben en la corba del proc\u00e9s fins a aquest punt passin desapercebudes quan es prenen les decisions correctes.   <\/p>\n<p><strong>NOTA DE TAST<\/strong><\/p>\n<ul>\n<li>Ra\u00efm triturat, crema de caf\u00e8, albercocs<\/li>\n<\/ul>\n<p><strong>NAS<\/strong><\/p>\n<ul>\n<li>Aromes que recorden el ra\u00efm vermell triturat barrejat amb cremes de caf\u00e8<\/li>\n<\/ul>\n<p><strong>PALDAR<\/strong><\/p>\n<ul>\n<li>Revela sabors de crema de caf\u00e8 juntament amb albercocs, complementats amb un toc de nou moscada<\/li>\n<\/ul>\n<p><strong>ACABAR<\/strong><\/p>\n<ul>\n<li>Una conclusi\u00f3 gruixuda i duradora<\/li>\n<\/ul>\n<p>Strength: 53.1% ABV Cask types: Hungarian Tokaji wine casks, Spanish Canasta Sherry Casks<\/p>\n<\/div>\n<\/div>\n<\/div>\n<div class=\"flex justify-between empty:hidden gizmo:mt-1 gizmo:justify-start gizmo:gap-3 lg:block gizmo:lg:flex\">\n<div class=\"text-gray-400 flex self-end lg:self-center justify-center gizmo:lg:justify-start mt-2 gizmo:mt-0 visible gap-1\"><\/div>\n<\/div>\n","protected":false},"featured_media":77781,"comment_status":"open","ping_status":"closed","template":"","meta":{"_acf_changed":false},"product_brand":[],"product_cat":[628,316,315],"product_tag":[],"class_list":{"0":"post-77790","1":"product","2":"type-product","3":"status-publish","4":"has-post-thumbnail","6":"product_cat-lowland-ca","7":"product_cat-bladnoch-ca","8":"product_cat-escocia","10":"first","11":"instock","12":"purchasable","13":"product-type-simple"},"acf":[],"aioseo_notices":[],"jetpack_sharing_enabled":true,"_links":{"self":[{"href":"https:\/\/whisky.ad\/ca\/wp-json\/wp\/v2\/product\/77790","targetHints":{"allow":["GET"]}}],"collection":[{"href":"https:\/\/whisky.ad\/ca\/wp-json\/wp\/v2\/product"}],"about":[{"href":"https:\/\/whisky.ad\/ca\/wp-json\/wp\/v2\/types\/product"}],"replies":[{"embeddable":true,"href":"https:\/\/whisky.ad\/ca\/wp-json\/wp\/v2\/comments?post=77790"}],"wp:featuredmedia":[{"embeddable":true,"href":"https:\/\/whisky.ad\/ca\/wp-json\/wp\/v2\/media\/77781"}],"wp:attachment":[{"href":"https:\/\/whisky.ad\/ca\/wp-json\/wp\/v2\/media?parent=77790"}],"wp:term":[{"taxonomy":"product_brand","embeddable":true,"href":"https:\/\/whisky.ad\/ca\/wp-json\/wp\/v2\/product_brand?post=77790"},{"taxonomy":"product_cat","embeddable":true,"href":"https:\/\/whisky.ad\/ca\/wp-json\/wp\/v2\/product_cat?post=77790"},{"taxonomy":"product_tag","embeddable":true,"href":"https:\/\/whisky.ad\/ca\/wp-json\/wp\/v2\/product_tag?post=77790"}],"curies":[{"name":"wp","href":"https:\/\/api.w.org\/{rel}","templated":true}]}}