{"id":81069,"date":"2025-01-15T15:15:58","date_gmt":"2025-01-15T14:15:58","guid":{"rendered":"https:\/\/whisky.ad\/programme-de-fidelite\/"},"modified":"2025-01-15T19:02:16","modified_gmt":"2025-01-15T18:02:16","slug":"programme-de-fidelite","status":"publish","type":"page","link":"https:\/\/whisky.ad\/ca\/programme-de-fidelite\/","title":{"rendered":"Programme-de-Fid\u00e9lit\u00e9"},"content":{"rendered":"[vc_row full_width=&#8221;stretch_row_content_no_spaces&#8221; content_placement=&#8221;middle&#8221; type=&#8221;full_page_width&#8221; padding_top=&#8221;&#8221; padding_bottom=&#8221;&#8221;][vc_column][layerslider_vc id=&#8221;5&#8243;][\/vc_column][\/vc_row][vc_row type=&#8221;container&#8221; padding_top=&#8221;&#8221; padding_bottom=&#8221;&#8221;][vc_column width=&#8221;2\/3&#8243;][vc_custom_heading text=&#8221;Programa de Fidelitzaci\u00f3&#8221; font_container=&#8221;tag:h2|font_size:30|text_align:center|color:%23000000&#8243;][\/vc_column][vc_column width=&#8221;1\/3&#8243;][vc_btn title=&#8221;Apunta&apos;t aqu\u00ed, \u00e9s gratu\u00eft!&#8221; color=&#8221;orange&#8221; size=&#8221;lg&#8221; link=&#8221;url:https%3A%2F%2Fwhisky.ad%2Fapply-for-our-loyalty-program%2F|title:Apunta%27t%20al%20nostre%20programa%20de%20fidelitzaci%C3%B3|&#8221;][\/vc_column][\/vc_row][vc_row type=&#8221;container&#8221; padding_top=&#8221;&#8221; padding_bottom=&#8221;&#8221;][vc_column][vc_column_text]<strong>Programa de Fidelitzaci\u00f3 Luxury Spirits &amp; Luxury Watches Andorra<\/strong><\/p>\n<p><strong>Uneix-te ara:<\/strong> Inscriu-te al nostre programa de fidelitzaci\u00f3 i rep un regal de benvinguda a la nostra botiga. Comen\u00e7ar\u00e0s a acumular punts amb la teva primera compra.<\/p>\n<p><strong>Sistema de punts:<\/strong> Guanya punts per cada euro gastat (sense impostos). Els punts es poden bescanviar per descomptes, productes gratu\u00efts o ofertes exclusives.<\/p>\n<p><strong>Nivells d&#8217;adhesi\u00f3:<\/strong><\/p>\n<p><strong><span style=\"color: #993300;\">MEMBRE BRONZE<\/span>:<\/strong> Guanya 0,5 punt per euro gastat.<\/p>\n<p><strong><span style=\"color: #808080;\">MEMBRE ARGENT<\/span>:<\/strong> Guanya 1 punt per euro gastat m\u00e9s enll\u00e0 de 500 \u20ac anuals.<\/p>\n<p><strong><span style=\"color: #ffcc00;\">MEMBRE OR<\/span>:<\/strong> Guanya 1,5 punts per euro gastat m\u00e9s enll\u00e0 de 1000 \u20ac anuals.<\/p>\n<p><strong><span style=\"color: #999999;\">MEMBRE PLAT\u00cd<\/span>:<\/strong> Guanya 2 punts per euro gastat m\u00e9s enll\u00e0 de 2.000 \u20ac anuals.<\/p>\n<p><strong>Porta o recomana els teus amics\/col\u00b7legues:<\/strong><\/p>\n<p>Guanya 200 punts*\u00b9 per cada nou client que portis.<\/p>\n<p><strong>Avantatges Exclusius:<\/strong><\/p>\n<p><strong>Membres Or i Plat\u00ed:<\/strong><\/p>\n<ul>\n<li>Acc\u00e9s a esdeveniments exclusius per a membres, com degustacions de vi\/whisky i classes de mixologia.<\/li>\n<li>Acc\u00e9s anticipat a les novetats i productes en edici\u00f3 limitada.<\/li>\n<li>Recomanacions personalitzades basades en el teu historial de compres.<\/li>\n<\/ul>\n<p><strong>Membres Plat\u00ed:<\/strong><\/p>\n<ul>\n<li>Acc\u00e9s gratu\u00eft al nostre bar obert per a 2 persones.<\/li>\n<li>Invitaci\u00f3 VIP per a visites a destil\u00b7leries i esdeveniments exclusius (no inclou despeses de transport i allotjament).<\/li>\n<\/ul>\n<p><strong>Bescanvi:<\/strong> Els punts es poden bescanviar en l\u00ednia o a la botiga. Per al bescanvi, presenta la teva targeta de membre.<\/p>\n<p><strong>Bescanvi sobre la nostra oferta principal, que inclou la majoria dels nostres productes (excepte la llista 1 i articles en edici\u00f3 limitada o de col\u00b7leccionista):<\/strong><\/p>\n<ul>\n<li>100 punts = 3 \u20ac de descompte en la teva propera compra o un regal sorpresa.<\/li>\n<li>200 punts = 6 \u20ac de descompte en la teva propera compra.<\/li>\n<li>500 punts = 15 \u20ac de descompte en la teva propera compra.<\/li>\n<\/ul>\n<p><strong>Bescanvi sobre la nostra oferta competitiva (que inclou la llista 1 i els articles en edici\u00f3 limitada o de col\u00b7leccionista):<\/strong><\/p>\n<ul>\n<li>100 punts = 2 \u20ac de descompte en la teva propera compra.<\/li>\n<li>200 punts = 4 \u20ac de descompte en la teva propera compra.<\/li>\n<li>500 punts = 10 \u20ac de descompte en la teva propera compra.<\/li>\n<\/ul>\n<p><strong>Caducitat:<\/strong> Els punts caduquen si no s&#8217;utilitzen en els 12 mesos. Els comptes esdevenen inactius si no hi ha activitat durant 12 mesos consecutius.<\/p>\n<p><strong>Privacitat:<\/strong> La teva informaci\u00f3 personal es mant\u00e9 confidencial i nom\u00e9s s&#8217;utilitza per al programa de fidelitzaci\u00f3. No compartim les teves dades amb tercers sense el teu consentiment.<\/p>\n<p><strong>Termes i condicions:<\/strong> Ens reservem el dret de modificar els termes del programa, suspendre els comptes per infraccions o anul\u00b7lar les adhesions sota certes condicions.<\/p>\n<p>*\u00b9 Si el nou client fa compres de 50 \u20ac o m\u00e9s dins de l&#8217;any.<\/p>\n<p><strong>Llista 1:<\/strong><\/p>\n<ul>\n<li>J W Double Black<\/li>\n<li>J W Gold Label<\/li>\n<li>Macallan 12<\/li>\n<li>Macallan Rare<\/li>\n<li>Macallan 15 Doub Cask<\/li>\n<li>Macallan 18<\/li>\n<li>Highland Park 18<\/li>\n<li>Tomatin 14<\/li>\n<li>Tomatin 18<\/li>\n<li>Kavalan distillery select no2<\/li>\n<li>Kavalan single malt whisky<\/li>\n<li>Cardhu 18<\/li>\n<li>Redbreast 15<\/li>\n<li>Knappogue Castle 12 Marsala<\/li>\n<li>Bushmills 10<\/li>\n<li>Bushmills 16<\/li>\n<li>Bushmills 21<\/li>\n<li>Green Spot<\/li>\n<li>Yellow Spot 12<\/li>\n<li>Hennessy XO<\/li>\n<li>Tequila 1800 anejo<\/li>\n<li>Jack Daniels single barrel<\/li>\n<li>Veuve Clicquot Ros\u00e9<\/li>\n<li>Deutz Brut Classic<\/li>\n<li>Barcelo Imperial onyx<\/li>\n<li>Cubaney 25<\/li>\n<li>Diplomatico Reserva Exclusiva<\/li>\n<li>El Dorado 8 YO<\/li>\n<li>Olivers Esquisito 1985<\/li>\n<li>Mount Gay XO triple cask<\/li>\n<li>Zacapa 23<\/li>\n<li>Zacapa Edition Negra<\/li>\n<li>Zacapa XO<\/li>\n<li>Don Papa Mascara<\/li>\n<\/ul>\n<p><strong>I es va actualitzant peri\u00f2dicament.<\/strong>[\/vc_column_text][\/vc_column][\/vc_row]\n","protected":false},"excerpt":{"rendered":"<p>[vc_row full_width=&#8221;stretch_row_content_no_spaces&#8221; content_placement=&#8221;middle&#8221; type=&#8221;full_page_width&#8221; padding_top=&#8221;&#8221; padding_bottom=&#8221;&#8221;][vc_column][layerslider_vc id=&#8221;5&#8243;][\/vc_column][\/vc_row][vc_row type=&#8221;container&#8221; padding_top=&#8221;&#8221; padding_bottom=&#8221;&#8221;][vc_column width=&#8221;2\/3&#8243;][vc_custom_heading text=&#8221;Programa de Fidelitzaci\u00f3&#8221; font_container=&#8221;tag:h2|font_size:30|text_align:center|color:%23000000&#8243;][\/vc_column][vc_column width=&#8221;1\/3&#8243;][vc_btn title=&#8221;Apunta&apos;t aqu\u00ed, \u00e9s gratu\u00eft!&#8221; color=&#8221;orange&#8221; size=&#8221;lg&#8221; link=&#8221;url:https%3A%2F%2Fwhisky.ad%2Fapply-for-our-loyalty-program%2F|title:Apunta%27t%20al%20nostre%20programa%20de%20fidelitzaci%C3%B3|&#8221;][\/vc_column][\/vc_row][vc_row type=&#8221;container&#8221; padding_top=&#8221;&#8221; padding_bottom=&#8221;&#8221;][vc_column][vc_column_text]Programa de Fidelitzaci\u00f3 Luxury Spirits &amp; Luxury Watches Andorra Uneix-te ara: Inscriu-te al nostre programa de fidelitzaci\u00f3 i rep un regal de benvinguda a la nostra botiga. Comen\u00e7ar\u00e0s a acumular [&hellip;]<\/p>\n","protected":false},"author":1,"featured_media":0,"parent":0,"menu_order":0,"comment_status":"closed","ping_status":"closed","template":"page-full-width.php","meta":{"_acf_changed":false,"footnotes":""},"class_list":["post-81069","page","type-page","status-publish","hentry"],"acf":[],"aioseo_notices":[],"jetpack_sharing_enabled":true,"jetpack_shortlink":"https:\/\/wp.me\/PemYjf-l5z","_links":{"self":[{"href":"https:\/\/whisky.ad\/ca\/wp-json\/wp\/v2\/pages\/81069","targetHints":{"allow":["GET"]}}],"collection":[{"href":"https:\/\/whisky.ad\/ca\/wp-json\/wp\/v2\/pages"}],"about":[{"href":"https:\/\/whisky.ad\/ca\/wp-json\/wp\/v2\/types\/page"}],"author":[{"embeddable":true,"href":"https:\/\/whisky.ad\/ca\/wp-json\/wp\/v2\/users\/1"}],"replies":[{"embeddable":true,"href":"https:\/\/whisky.ad\/ca\/wp-json\/wp\/v2\/comments?post=81069"}],"version-history":[{"count":8,"href":"https:\/\/whisky.ad\/ca\/wp-json\/wp\/v2\/pages\/81069\/revisions"}],"predecessor-version":[{"id":81081,"href":"https:\/\/whisky.ad\/ca\/wp-json\/wp\/v2\/pages\/81069\/revisions\/81081"}],"wp:attachment":[{"href":"https:\/\/whisky.ad\/ca\/wp-json\/wp\/v2\/media?parent=81069"}],"curies":[{"name":"wp","href":"https:\/\/api.w.org\/{rel}","templated":true}]}}