{"id":79634,"date":"2019-10-13T17:36:06","date_gmt":"2019-10-13T16:36:06","guid":{"rendered":"https:\/\/whisky.ad\/gin\/"},"modified":"2023-12-18T16:47:20","modified_gmt":"2023-12-18T15:47:20","slug":"gin","status":"publish","type":"page","link":"https:\/\/whisky.ad\/ca\/gin\/","title":{"rendered":"GIN"},"content":{"rendered":"[vc_row type=&#8221;full_page_width&#8221; padding_top=&#8221;&#8221; padding_bottom=&#8221;&#8221;][vc_column][layerslider_vc id=&#8221;10&#8243;][\/vc_column][\/vc_row][vc_row type=&#8221;container&#8221; padding_top=&#8221;&#8221; padding_bottom=&#8221;&#8221;][vc_column][vc_column_text]<strong>De qu\u00e8 est\u00e0 feta la ginebra?<br \/>\n<\/strong><br \/>\nAvui respondrem les preguntes de qu\u00e8 est\u00e0 feta la ginebra i tamb\u00e9 com es fa la ginebra. De qu\u00e8 est\u00e0 feta la ginebra? La definici\u00f3 de ginebra: La definici\u00f3 general de ginebra \u00e9s qualsevol aiguardent de base neutra que tingui el ginebre com a bot\u00e0nic principal, que ha de mantenir un ABV (alcohol per volum) m\u00ednim definit. La UE ha &#8220;definit&#8221; precisament qu\u00e8 \u00e9s &#8220;London Dry Gin&#8221;, quin tipus de residu en surt. El seg\u00fcent \u00e9s una visi\u00f3 general. El principal sabor bot\u00e0nic ha de ser les baies de ginebre. S&#8217;ha d&#8217;utilitzar un alcohol base neutre (etanol d&#8217;origen agr\u00edcola) destil\u00b7lat originalment per sobre del 96% ABV i despr\u00e9s, s&#8217;ha de tornar a destil\u00b7lar a almenys un 70% GVA. Nom\u00e9s es pot diluir a una intensitat m\u00ednima del 37,5% a la UE (40% als EUA) despr\u00e9s de la destil\u00b7laci\u00f3. Sense ingredients artificials. No es pot afegir cap sabor ni color addicional despr\u00e9s de la destil\u00b7laci\u00f3.<\/p>\n<p><strong>Quina difer\u00e8ncia hi ha entre la ginebra i el vodka?<\/strong><\/p>\n<p>La ginebra \u00e9s qualsevol esperit neutre com el vodka, per\u00f2 la semblan\u00e7a acaba aqu\u00ed. Despr\u00e9s, la ginebra va afegir una s\u00e8rie de &#8220;bot\u00e0nics&#8221; (descrits a la secci\u00f3 anterior) i un d&#8217;aquests bot\u00e0nics ha de ser el ginebre. Suposo que per aix\u00f2 probablement heu vist vodka de maduixa, vodka de cirera, vodka de llimona, per\u00f2 mai de vodka de ginebre. Tanmateix, una mica de Google us permetr\u00e0 descobrir que un Alec intel\u00b7ligent ha &#8220;inventat&#8221; Juniper Vodka, tot i que l&#8217;etiqueta encara diu que Gin cobreix tots els angles de m\u00e0rqueting. B\u00e0sicament \u00e9s una ginebra (o vodka) que no t\u00e9 m\u00e9s bot\u00e0nic que el ginebre.<\/p>\n[\/vc_column_text][\/vc_column][\/vc_row][vc_row type=&#8221;full_page_width_inner_container&#8221; padding_top=&#8221;&#8221; padding_bottom=&#8221;&#8221;][vc_column]<div class=\"woocommerce columns-3 \"><ul class=\"products columns-3\">\n<li class=\"product type-product post-80756 status-publish first instock product_cat-ginebra-ca has-post-thumbnail taxable shipping-taxable purchasable product-type-simple\">\n\t<a href=\"https:\/\/whisky.ad\/ca\/producte\/ben-lomond-ginebra-escocesa-de-taronja-sanguina-i-aranja-rosa-0-7l-38\/\" class=\"woocommerce-LoopProduct-link woocommerce-loop-product__link\"><img loading=\"lazy\" decoding=\"async\" width=\"300\" height=\"300\" src=\"https:\/\/whisky.ad\/wp-content\/uploads\/2024\/09\/blood-orange-pink-grapefruit-gin-490199_800x-300x300.webp\" class=\"attachment-woocommerce_thumbnail size-woocommerce_thumbnail\" alt=\"Ben Lomond Ginebra escocesa de taronja sanguina i aranja rosa 0.7l 38%\" srcset=\"https:\/\/whisky.ad\/wp-content\/uploads\/2024\/09\/blood-orange-pink-grapefruit-gin-490199_800x-300x300.webp 300w, https:\/\/whisky.ad\/wp-content\/uploads\/2024\/09\/blood-orange-pink-grapefruit-gin-490199_800x-500x500.webp 500w, https:\/\/whisky.ad\/wp-content\/uploads\/2024\/09\/blood-orange-pink-grapefruit-gin-490199_800x-100x100.webp 100w, https:\/\/whisky.ad\/wp-content\/uploads\/2024\/09\/blood-orange-pink-grapefruit-gin-490199_800x-150x150.webp 150w, https:\/\/whisky.ad\/wp-content\/uploads\/2024\/09\/blood-orange-pink-grapefruit-gin-490199_800x-768x768.webp 768w, https:\/\/whisky.ad\/wp-content\/uploads\/2024\/09\/blood-orange-pink-grapefruit-gin-490199_800x-1024x1024.webp 1024w\" sizes=\"auto, (max-width: 300px) 100vw, 300px\" \/><h2 class=\"woocommerce-loop-product__title\">Ben Lomond Ginebra escocesa de taronja sanguina i aranja rosa 0.7l 38%<\/h2>\n\t<span class=\"price\"><span class=\"woocommerce-Price-amount amount\"><bdi><span class=\"woocommerce-Price-currencySymbol\">&euro;<\/span>26.95<\/bdi><\/span><\/span>\n<\/a><a href=\"\/ca\/wp-json\/wp\/v2\/pages\/79634?add-to-cart=80756\" aria-describedby=\"woocommerce_loop_add_to_cart_link_describedby_80756\" data-quantity=\"1\" class=\"button product_type_simple add_to_cart_button ajax_add_to_cart\" data-product_id=\"80756\" data-product_sku=\"\" aria-label=\"Afegeix a la cistella: &ldquo;Ben Lomond Ginebra escocesa de taronja sanguina i aranja rosa 0.7l 38%&rdquo;\" rel=\"nofollow\" data-success_message=\"&ldquo;Ben Lomond Ginebra escocesa de taronja sanguina i aranja rosa 0.7l 38%&rdquo; s&#039;ha afegit a la vostra cistella\" title=\"Minimum qty is 1\">Afegeix a la cistella<\/a>\t<span id=\"woocommerce_loop_add_to_cart_link_describedby_80756\" class=\"screen-reader-text\">\n\t\t\t<\/span>\n<\/li>\n<li class=\"product type-product post-80753 status-publish instock product_cat-ginebra-ca has-post-thumbnail taxable shipping-taxable purchasable product-type-simple\">\n\t<a href=\"https:\/\/whisky.ad\/ca\/producte\/ben-lomond-ginebra-de-mora-i-grosella-07l-38\/\" class=\"woocommerce-LoopProduct-link woocommerce-loop-product__link\"><img loading=\"lazy\" decoding=\"async\" width=\"300\" height=\"300\" src=\"https:\/\/whisky.ad\/wp-content\/uploads\/2024\/09\/ben-lomond-blackberry-gooseberry-gin-505903_600x-300x300.webp\" class=\"attachment-woocommerce_thumbnail size-woocommerce_thumbnail\" alt=\"Ben Lomond Ginebra de mora i grosella 07l 38%\" srcset=\"https:\/\/whisky.ad\/wp-content\/uploads\/2024\/09\/ben-lomond-blackberry-gooseberry-gin-505903_600x-300x300.webp 300w, https:\/\/whisky.ad\/wp-content\/uploads\/2024\/09\/ben-lomond-blackberry-gooseberry-gin-505903_600x-500x500.webp 500w, https:\/\/whisky.ad\/wp-content\/uploads\/2024\/09\/ben-lomond-blackberry-gooseberry-gin-505903_600x-100x100.webp 100w, https:\/\/whisky.ad\/wp-content\/uploads\/2024\/09\/ben-lomond-blackberry-gooseberry-gin-505903_600x-150x150.webp 150w, https:\/\/whisky.ad\/wp-content\/uploads\/2024\/09\/ben-lomond-blackberry-gooseberry-gin-505903_600x-768x768.webp 768w, https:\/\/whisky.ad\/wp-content\/uploads\/2024\/09\/ben-lomond-blackberry-gooseberry-gin-505903_600x-1024x1024.webp 1024w\" sizes=\"auto, (max-width: 300px) 100vw, 300px\" \/><h2 class=\"woocommerce-loop-product__title\">Ben Lomond Ginebra de mora i grosella 07l 38%<\/h2>\n\t<span class=\"price\"><span class=\"woocommerce-Price-amount amount\"><bdi><span class=\"woocommerce-Price-currencySymbol\">&euro;<\/span>26.95<\/bdi><\/span><\/span>\n<\/a><a href=\"\/ca\/wp-json\/wp\/v2\/pages\/79634?add-to-cart=80753\" aria-describedby=\"woocommerce_loop_add_to_cart_link_describedby_80753\" data-quantity=\"1\" class=\"button product_type_simple add_to_cart_button ajax_add_to_cart\" data-product_id=\"80753\" data-product_sku=\"\" aria-label=\"Afegeix a la cistella: &ldquo;Ben Lomond Ginebra de mora i grosella 07l 38%&rdquo;\" rel=\"nofollow\" data-success_message=\"&ldquo;Ben Lomond Ginebra de mora i grosella 07l 38%&rdquo; s&#039;ha afegit a la vostra cistella\" title=\"Minimum qty is 1\">Afegeix a la cistella<\/a>\t<span id=\"woocommerce_loop_add_to_cart_link_describedby_80753\" class=\"screen-reader-text\">\n\t\t\t<\/span>\n<\/li>\n<li class=\"product type-product post-80750 status-publish last instock product_cat-ginebra-ca has-post-thumbnail taxable shipping-taxable purchasable product-type-simple\">\n\t<a href=\"https:\/\/whisky.ad\/ca\/producte\/ben-lomond-ginebra-de-gerds-i-flor-de-sauc-0-7l-38\/\" class=\"woocommerce-LoopProduct-link woocommerce-loop-product__link\"><img loading=\"lazy\" decoding=\"async\" width=\"300\" height=\"300\" src=\"https:\/\/whisky.ad\/wp-content\/uploads\/2024\/09\/raspberry-elderflower-gin-266580_600x-300x300.webp\" class=\"attachment-woocommerce_thumbnail size-woocommerce_thumbnail\" alt=\"Ben Lomond Ginebra de gerds i flor de sa\u00fcc 0.7l 38%\" srcset=\"https:\/\/whisky.ad\/wp-content\/uploads\/2024\/09\/raspberry-elderflower-gin-266580_600x-300x300.webp 300w, https:\/\/whisky.ad\/wp-content\/uploads\/2024\/09\/raspberry-elderflower-gin-266580_600x-500x500.webp 500w, https:\/\/whisky.ad\/wp-content\/uploads\/2024\/09\/raspberry-elderflower-gin-266580_600x-100x100.webp 100w, https:\/\/whisky.ad\/wp-content\/uploads\/2024\/09\/raspberry-elderflower-gin-266580_600x-150x150.webp 150w, https:\/\/whisky.ad\/wp-content\/uploads\/2024\/09\/raspberry-elderflower-gin-266580_600x-768x768.webp 768w, https:\/\/whisky.ad\/wp-content\/uploads\/2024\/09\/raspberry-elderflower-gin-266580_600x-1024x1024.webp 1024w\" sizes=\"auto, (max-width: 300px) 100vw, 300px\" \/><h2 class=\"woocommerce-loop-product__title\">Ben Lomond Ginebra de gerds i flor de sa\u00fcc 0.7l 38%<\/h2>\n\t<span class=\"price\"><span class=\"woocommerce-Price-amount amount\"><bdi><span class=\"woocommerce-Price-currencySymbol\">&euro;<\/span>26.95<\/bdi><\/span><\/span>\n<\/a><a href=\"\/ca\/wp-json\/wp\/v2\/pages\/79634?add-to-cart=80750\" aria-describedby=\"woocommerce_loop_add_to_cart_link_describedby_80750\" data-quantity=\"1\" class=\"button product_type_simple add_to_cart_button ajax_add_to_cart\" data-product_id=\"80750\" data-product_sku=\"\" aria-label=\"Afegeix a la cistella: &ldquo;Ben Lomond Ginebra de gerds i flor de sa\u00fcc 0.7l 38%&rdquo;\" rel=\"nofollow\" data-success_message=\"&ldquo;Ben Lomond Ginebra de gerds i flor de sa\u00fcc 0.7l 38%&rdquo; s&#039;ha afegit a la vostra cistella\" title=\"Minimum qty is 1\">Afegeix a la cistella<\/a>\t<span id=\"woocommerce_loop_add_to_cart_link_describedby_80750\" class=\"screen-reader-text\">\n\t\t\t<\/span>\n<\/li>\n<li class=\"product type-product post-79243 status-publish first instock product_cat-ginebra-ca product_cat-begudes-alcoholiques-ca product_tag-estonia-ca has-post-thumbnail taxable shipping-taxable purchasable product-type-simple\">\n\t<a href=\"https:\/\/whisky.ad\/ca\/producte\/crafters-london-dry-gin-0-7l-43\/\" class=\"woocommerce-LoopProduct-link woocommerce-loop-product__link\"><img loading=\"lazy\" decoding=\"async\" width=\"300\" height=\"300\" src=\"https:\/\/whisky.ad\/wp-content\/uploads\/2018\/11\/crafters-london-dry-gin-2-300x300.jpg\" class=\"attachment-woocommerce_thumbnail size-woocommerce_thumbnail\" alt=\"Crafter&#039;s London Dry Gin 0.7L. 43%\" srcset=\"https:\/\/whisky.ad\/wp-content\/uploads\/2018\/11\/crafters-london-dry-gin-2-300x300.jpg 300w, https:\/\/whisky.ad\/wp-content\/uploads\/2018\/11\/crafters-london-dry-gin-2-500x500.jpg 500w, https:\/\/whisky.ad\/wp-content\/uploads\/2018\/11\/crafters-london-dry-gin-2-100x100.jpg 100w, https:\/\/whisky.ad\/wp-content\/uploads\/2018\/11\/crafters-london-dry-gin-2-150x150.jpg 150w, https:\/\/whisky.ad\/wp-content\/uploads\/2018\/11\/crafters-london-dry-gin-2-768x768.jpg 768w, https:\/\/whisky.ad\/wp-content\/uploads\/2018\/11\/crafters-london-dry-gin-2-1024x1024.jpg 1024w\" sizes=\"auto, (max-width: 300px) 100vw, 300px\" \/><h2 class=\"woocommerce-loop-product__title\">Crafter&#8217;s London Dry Gin 0.7L. 43%<\/h2>\n\t<span class=\"price\"><span class=\"woocommerce-Price-amount amount\"><bdi><span class=\"woocommerce-Price-currencySymbol\">&euro;<\/span>23.95<\/bdi><\/span><\/span>\n<\/a><a href=\"\/ca\/wp-json\/wp\/v2\/pages\/79634?add-to-cart=79243\" aria-describedby=\"woocommerce_loop_add_to_cart_link_describedby_79243\" data-quantity=\"1\" class=\"button product_type_simple add_to_cart_button ajax_add_to_cart\" data-product_id=\"79243\" data-product_sku=\"\" aria-label=\"Afegeix a la cistella: &ldquo;Crafter&#039;s London Dry Gin 0.7L. 43%&rdquo;\" rel=\"nofollow\" data-success_message=\"&ldquo;Crafter&#039;s London Dry Gin 0.7L. 43%&rdquo; s&#039;ha afegit a la vostra cistella\" title=\"Minimum qty is 1\">Afegeix a la cistella<\/a>\t<span id=\"woocommerce_loop_add_to_cart_link_describedby_79243\" class=\"screen-reader-text\">\n\t\t\t<\/span>\n<\/li>\n<li class=\"product type-product post-79225 status-publish instock product_cat-ginebra-ca product_cat-begudes-alcoholiques-ca product_tag-swedish-ca has-post-thumbnail taxable shipping-taxable purchasable product-type-simple\">\n\t<a href=\"https:\/\/whisky.ad\/ca\/producte\/znaps-of-sweden-ultra-premium-gin-0-7l-40\/\" class=\"woocommerce-LoopProduct-link woocommerce-loop-product__link\"><img loading=\"lazy\" decoding=\"async\" width=\"300\" height=\"300\" src=\"https:\/\/whisky.ad\/wp-content\/uploads\/2018\/11\/znaps-ultra-premium-gin-300x300.jpg\" class=\"attachment-woocommerce_thumbnail size-woocommerce_thumbnail\" alt=\"Znaps of Sweden Ultra Premium Gin 0.7L. 40%\" srcset=\"https:\/\/whisky.ad\/wp-content\/uploads\/2018\/11\/znaps-ultra-premium-gin-300x300.jpg 300w, https:\/\/whisky.ad\/wp-content\/uploads\/2018\/11\/znaps-ultra-premium-gin-500x500.jpg 500w, https:\/\/whisky.ad\/wp-content\/uploads\/2018\/11\/znaps-ultra-premium-gin-100x100.jpg 100w, https:\/\/whisky.ad\/wp-content\/uploads\/2018\/11\/znaps-ultra-premium-gin-150x150.jpg 150w, https:\/\/whisky.ad\/wp-content\/uploads\/2018\/11\/znaps-ultra-premium-gin-768x768.jpg 768w, https:\/\/whisky.ad\/wp-content\/uploads\/2018\/11\/znaps-ultra-premium-gin-1024x1024.jpg 1024w\" sizes=\"auto, (max-width: 300px) 100vw, 300px\" \/><h2 class=\"woocommerce-loop-product__title\">Znaps of Sweden Ultra Premium Gin 0.7L. 40%<\/h2>\n\t<span class=\"price\"><span class=\"woocommerce-Price-amount amount\"><bdi><span class=\"woocommerce-Price-currencySymbol\">&euro;<\/span>19.95<\/bdi><\/span><\/span>\n<\/a><a href=\"\/ca\/wp-json\/wp\/v2\/pages\/79634?add-to-cart=79225\" aria-describedby=\"woocommerce_loop_add_to_cart_link_describedby_79225\" data-quantity=\"1\" class=\"button product_type_simple add_to_cart_button ajax_add_to_cart\" data-product_id=\"79225\" data-product_sku=\"\" aria-label=\"Afegeix a la cistella: &ldquo;Znaps of Sweden Ultra Premium Gin 0.7L. 40%&rdquo;\" rel=\"nofollow\" data-success_message=\"&ldquo;Znaps of Sweden Ultra Premium Gin 0.7L. 40%&rdquo; s&#039;ha afegit a la vostra cistella\" title=\"Minimum qty is 1\">Afegeix a la cistella<\/a>\t<span id=\"woocommerce_loop_add_to_cart_link_describedby_79225\" class=\"screen-reader-text\">\n\t\t\t<\/span>\n<\/li>\n<li class=\"product type-product post-78927 status-publish last instock product_cat-ginebra-ca product_cat-begudes-alcoholiques-ca has-post-thumbnail taxable shipping-taxable purchasable product-type-simple\">\n\t<a href=\"https:\/\/whisky.ad\/ca\/producte\/mackmyra-organic-gin-0-7l-40\/\" class=\"woocommerce-LoopProduct-link woocommerce-loop-product__link\"><img loading=\"lazy\" decoding=\"async\" width=\"300\" height=\"300\" src=\"https:\/\/whisky.ad\/wp-content\/uploads\/2020\/01\/mackmyra-organic-gin_-300x300.webp\" class=\"attachment-woocommerce_thumbnail size-woocommerce_thumbnail\" alt=\"Mackmyra Organic Gin 0.7L. 40%\" srcset=\"https:\/\/whisky.ad\/wp-content\/uploads\/2020\/01\/mackmyra-organic-gin_-300x300.webp 300w, https:\/\/whisky.ad\/wp-content\/uploads\/2020\/01\/mackmyra-organic-gin_-500x500.webp 500w, https:\/\/whisky.ad\/wp-content\/uploads\/2020\/01\/mackmyra-organic-gin_-100x100.webp 100w, https:\/\/whisky.ad\/wp-content\/uploads\/2020\/01\/mackmyra-organic-gin_-150x150.webp 150w, https:\/\/whisky.ad\/wp-content\/uploads\/2020\/01\/mackmyra-organic-gin_-768x768.webp 768w, https:\/\/whisky.ad\/wp-content\/uploads\/2020\/01\/mackmyra-organic-gin_-1024x1024.webp 1024w\" sizes=\"auto, (max-width: 300px) 100vw, 300px\" \/><h2 class=\"woocommerce-loop-product__title\">Mackmyra Organic Gin 0.7L. 40%<\/h2>\n\t<span class=\"price\"><span class=\"woocommerce-Price-amount amount\"><bdi><span class=\"woocommerce-Price-currencySymbol\">&euro;<\/span>24.95<\/bdi><\/span><\/span>\n<\/a><a href=\"\/ca\/wp-json\/wp\/v2\/pages\/79634?add-to-cart=78927\" aria-describedby=\"woocommerce_loop_add_to_cart_link_describedby_78927\" data-quantity=\"1\" class=\"button product_type_simple add_to_cart_button ajax_add_to_cart\" data-product_id=\"78927\" data-product_sku=\"\" aria-label=\"Afegeix a la cistella: &ldquo;Mackmyra Organic Gin 0.7L. 40%&rdquo;\" rel=\"nofollow\" data-success_message=\"&ldquo;Mackmyra Organic Gin 0.7L. 40%&rdquo; s&#039;ha afegit a la vostra cistella\" title=\"Minimum qty is 1\">Afegeix a la cistella<\/a>\t<span id=\"woocommerce_loop_add_to_cart_link_describedby_78927\" class=\"screen-reader-text\">\n\t\t\t<\/span>\n<\/li>\n<li class=\"product type-product post-78757 status-publish first instock product_cat-ginebra-ca product_tag-sweden-ca has-post-thumbnail taxable shipping-taxable purchasable product-type-simple\">\n\t<a href=\"https:\/\/whisky.ad\/ca\/producte\/imagin-stockholm-dry-gin-0-7l-40\/\" class=\"woocommerce-LoopProduct-link woocommerce-loop-product__link\"><img loading=\"lazy\" decoding=\"async\" width=\"300\" height=\"300\" src=\"https:\/\/whisky.ad\/wp-content\/uploads\/2018\/11\/Imagin-Stockholm-Gin-2-300x300.jpg\" class=\"attachment-woocommerce_thumbnail size-woocommerce_thumbnail\" alt=\"IMAGIN Stockholm Dry Gin 0.7L. 40%\" srcset=\"https:\/\/whisky.ad\/wp-content\/uploads\/2018\/11\/Imagin-Stockholm-Gin-2-300x300.jpg 300w, https:\/\/whisky.ad\/wp-content\/uploads\/2018\/11\/Imagin-Stockholm-Gin-2-500x500.jpg 500w, https:\/\/whisky.ad\/wp-content\/uploads\/2018\/11\/Imagin-Stockholm-Gin-2-100x100.jpg 100w, https:\/\/whisky.ad\/wp-content\/uploads\/2018\/11\/Imagin-Stockholm-Gin-2-150x150.jpg 150w, https:\/\/whisky.ad\/wp-content\/uploads\/2018\/11\/Imagin-Stockholm-Gin-2-768x768.jpg 768w, https:\/\/whisky.ad\/wp-content\/uploads\/2018\/11\/Imagin-Stockholm-Gin-2-1024x1024.jpg 1024w\" sizes=\"auto, (max-width: 300px) 100vw, 300px\" \/><h2 class=\"woocommerce-loop-product__title\">IMAGIN Stockholm Dry Gin 0.7L. 40%<\/h2>\n\t<span class=\"price\"><span class=\"woocommerce-Price-amount amount\"><bdi><span class=\"woocommerce-Price-currencySymbol\">&euro;<\/span>12.95<\/bdi><\/span><\/span>\n<\/a><a href=\"\/ca\/wp-json\/wp\/v2\/pages\/79634?add-to-cart=78757\" aria-describedby=\"woocommerce_loop_add_to_cart_link_describedby_78757\" data-quantity=\"1\" class=\"button product_type_simple add_to_cart_button ajax_add_to_cart\" data-product_id=\"78757\" data-product_sku=\"\" aria-label=\"Afegeix a la cistella: &ldquo;IMAGIN Stockholm Dry Gin 0.7L. 40%&rdquo;\" rel=\"nofollow\" data-success_message=\"&ldquo;IMAGIN Stockholm Dry Gin 0.7L. 40%&rdquo; s&#039;ha afegit a la vostra cistella\" title=\"Minimum qty is 1\">Afegeix a la cistella<\/a>\t<span id=\"woocommerce_loop_add_to_cart_link_describedby_78757\" class=\"screen-reader-text\">\n\t\t\t<\/span>\n<\/li>\n<li class=\"product type-product post-78668 status-publish instock product_cat-ginebra-ca product_cat-begudes-alcoholiques-ca product_tag-estonia-ca has-post-thumbnail taxable shipping-taxable purchasable product-type-simple\">\n\t<a href=\"https:\/\/whisky.ad\/ca\/producte\/crafters-distilled-original-gin-1l-40\/\" class=\"woocommerce-LoopProduct-link woocommerce-loop-product__link\"><img loading=\"lazy\" decoding=\"async\" width=\"300\" height=\"300\" src=\"https:\/\/whisky.ad\/wp-content\/uploads\/2018\/11\/Crafters_GIN_500ml-small-4740050007265-1-170x600-1-300x300.jpg\" class=\"attachment-woocommerce_thumbnail size-woocommerce_thumbnail\" alt=\"CRAFTER\u00b4S DISTILLED ORIGINAL GIN 1L. 40%\" srcset=\"https:\/\/whisky.ad\/wp-content\/uploads\/2018\/11\/Crafters_GIN_500ml-small-4740050007265-1-170x600-1-300x300.jpg 300w, https:\/\/whisky.ad\/wp-content\/uploads\/2018\/11\/Crafters_GIN_500ml-small-4740050007265-1-170x600-1-500x500.jpg 500w, https:\/\/whisky.ad\/wp-content\/uploads\/2018\/11\/Crafters_GIN_500ml-small-4740050007265-1-170x600-1-100x100.jpg 100w, https:\/\/whisky.ad\/wp-content\/uploads\/2018\/11\/Crafters_GIN_500ml-small-4740050007265-1-170x600-1-150x150.jpg 150w, https:\/\/whisky.ad\/wp-content\/uploads\/2018\/11\/Crafters_GIN_500ml-small-4740050007265-1-170x600-1-768x768.jpg 768w, https:\/\/whisky.ad\/wp-content\/uploads\/2018\/11\/Crafters_GIN_500ml-small-4740050007265-1-170x600-1-1024x1024.jpg 1024w\" sizes=\"auto, (max-width: 300px) 100vw, 300px\" \/><h2 class=\"woocommerce-loop-product__title\">CRAFTER\u00b4S DISTILLED ORIGINAL GIN 1L. 40%<\/h2>\n\t<span class=\"price\"><span class=\"woocommerce-Price-amount amount\"><bdi><span class=\"woocommerce-Price-currencySymbol\">&euro;<\/span>9.95<\/bdi><\/span><\/span>\n<\/a><a href=\"\/ca\/wp-json\/wp\/v2\/pages\/79634?add-to-cart=78668\" aria-describedby=\"woocommerce_loop_add_to_cart_link_describedby_78668\" data-quantity=\"1\" class=\"button product_type_simple add_to_cart_button ajax_add_to_cart\" data-product_id=\"78668\" data-product_sku=\"\" aria-label=\"Afegeix a la cistella: &ldquo;CRAFTER\u00b4S DISTILLED ORIGINAL GIN 1L. 40%&rdquo;\" rel=\"nofollow\" data-success_message=\"&ldquo;CRAFTER\u00b4S DISTILLED ORIGINAL GIN 1L. 40%&rdquo; s&#039;ha afegit a la vostra cistella\" title=\"Minimum qty is 1\">Afegeix a la cistella<\/a>\t<span id=\"woocommerce_loop_add_to_cart_link_describedby_78668\" class=\"screen-reader-text\">\n\t\t\t<\/span>\n<\/li>\n<li class=\"product type-product post-78663 status-publish last instock product_cat-ginebra-ca product_cat-begudes-alcoholiques-ca has-post-thumbnail taxable shipping-taxable purchasable product-type-simple\">\n\t<a href=\"https:\/\/whisky.ad\/ca\/producte\/crafters-aromatic-flower-gin-magic-colour-change-0-7l-443\/\" class=\"woocommerce-LoopProduct-link woocommerce-loop-product__link\"><img loading=\"lazy\" decoding=\"async\" width=\"300\" height=\"300\" src=\"https:\/\/whisky.ad\/wp-content\/uploads\/2018\/11\/crafters-aromatic-flower-gin-300x300.jpg\" class=\"attachment-woocommerce_thumbnail size-woocommerce_thumbnail\" alt=\"Crafter&#039;s Aromatic Flower Gin . Magic Color Change! 0.7L.   44,3%\" srcset=\"https:\/\/whisky.ad\/wp-content\/uploads\/2018\/11\/crafters-aromatic-flower-gin-300x300.jpg 300w, https:\/\/whisky.ad\/wp-content\/uploads\/2018\/11\/crafters-aromatic-flower-gin-500x500.jpg 500w, https:\/\/whisky.ad\/wp-content\/uploads\/2018\/11\/crafters-aromatic-flower-gin-100x100.jpg 100w, https:\/\/whisky.ad\/wp-content\/uploads\/2018\/11\/crafters-aromatic-flower-gin-150x150.jpg 150w, https:\/\/whisky.ad\/wp-content\/uploads\/2018\/11\/crafters-aromatic-flower-gin-768x768.jpg 768w, https:\/\/whisky.ad\/wp-content\/uploads\/2018\/11\/crafters-aromatic-flower-gin-1024x1024.jpg 1024w\" sizes=\"auto, (max-width: 300px) 100vw, 300px\" \/><h2 class=\"woocommerce-loop-product__title\">Crafter&#8217;s Aromatic Flower Gin . Magic Color Change! 0.7L.   44,3%<\/h2>\n\t<span class=\"price\"><span class=\"woocommerce-Price-amount amount\"><bdi><span class=\"woocommerce-Price-currencySymbol\">&euro;<\/span>24.95<\/bdi><\/span><\/span>\n<\/a><a href=\"\/ca\/wp-json\/wp\/v2\/pages\/79634?add-to-cart=78663\" aria-describedby=\"woocommerce_loop_add_to_cart_link_describedby_78663\" data-quantity=\"1\" class=\"button product_type_simple add_to_cart_button ajax_add_to_cart\" data-product_id=\"78663\" data-product_sku=\"\" aria-label=\"Afegeix a la cistella: &ldquo;Crafter&#039;s Aromatic Flower Gin . Magic Color Change! 0.7L.   44,3%&rdquo;\" rel=\"nofollow\" data-success_message=\"&ldquo;Crafter&#039;s Aromatic Flower Gin . Magic Color Change! 0.7L.   44,3%&rdquo; s&#039;ha afegit a la vostra cistella\" title=\"Minimum qty is 1\">Afegeix a la cistella<\/a>\t<span id=\"woocommerce_loop_add_to_cart_link_describedby_78663\" class=\"screen-reader-text\">\n\t\t\t<\/span>\n<\/li>\n<\/ul>\n<\/div>[vc_separator color=&#8221;#000000&#8243; type=&#8221;normal&#8221; thickness=&#8221;1&#8243; up=&#8221;&#8221; down=&#8221;&#8221;][\/vc_column][\/vc_row]\n","protected":false},"excerpt":{"rendered":"<p>[vc_row type=&#8221;full_page_width&#8221; padding_top=&#8221;&#8221; padding_bottom=&#8221;&#8221;][vc_column][layerslider_vc id=&#8221;10&#8243;][\/vc_column][\/vc_row][vc_row type=&#8221;container&#8221; padding_top=&#8221;&#8221; padding_bottom=&#8221;&#8221;][vc_column][vc_column_text]De qu\u00e8 est\u00e0 feta la ginebra? Avui respondrem les preguntes de qu\u00e8 est\u00e0 feta la ginebra i tamb\u00e9 com es fa la ginebra. De qu\u00e8 est\u00e0 feta la ginebra? La definici\u00f3 de ginebra: La definici\u00f3 general de ginebra \u00e9s qualsevol aiguardent de base neutra que tingui el ginebre [&hellip;]<\/p>\n","protected":false},"author":1,"featured_media":76638,"parent":0,"menu_order":0,"comment_status":"closed","ping_status":"closed","template":"page-full-width.php","meta":{"_acf_changed":false,"footnotes":""},"class_list":["post-79634","page","type-page","status-publish","has-post-thumbnail","hentry"],"acf":[],"aioseo_notices":[],"jetpack_sharing_enabled":true,"jetpack_shortlink":"https:\/\/wp.me\/PemYjf-kIq","_links":{"self":[{"href":"https:\/\/whisky.ad\/ca\/wp-json\/wp\/v2\/pages\/79634","targetHints":{"allow":["GET"]}}],"collection":[{"href":"https:\/\/whisky.ad\/ca\/wp-json\/wp\/v2\/pages"}],"about":[{"href":"https:\/\/whisky.ad\/ca\/wp-json\/wp\/v2\/types\/page"}],"author":[{"embeddable":true,"href":"https:\/\/whisky.ad\/ca\/wp-json\/wp\/v2\/users\/1"}],"replies":[{"embeddable":true,"href":"https:\/\/whisky.ad\/ca\/wp-json\/wp\/v2\/comments?post=79634"}],"version-history":[{"count":2,"href":"https:\/\/whisky.ad\/ca\/wp-json\/wp\/v2\/pages\/79634\/revisions"}],"predecessor-version":[{"id":79652,"href":"https:\/\/whisky.ad\/ca\/wp-json\/wp\/v2\/pages\/79634\/revisions\/79652"}],"wp:featuredmedia":[{"embeddable":true,"href":"https:\/\/whisky.ad\/ca\/wp-json\/wp\/v2\/media\/76638"}],"wp:attachment":[{"href":"https:\/\/whisky.ad\/ca\/wp-json\/wp\/v2\/media?parent=79634"}],"curies":[{"name":"wp","href":"https:\/\/api.w.org\/{rel}","templated":true}]}}