{"id":79536,"date":"2021-04-25T16:30:11","date_gmt":"2021-04-25T15:30:11","guid":{"rendered":"https:\/\/whisky.ad\/whisky\/bourbon\/"},"modified":"2023-12-18T15:52:04","modified_gmt":"2023-12-18T14:52:04","slug":"bourbon","status":"publish","type":"page","link":"https:\/\/whisky.ad\/ca\/whisky\/bourbon\/","title":{"rendered":"Bourbon"},"content":{"rendered":"[vc_row type=&#8221;container&#8221; padding_top=&#8221;&#8221; padding_bottom=&#8221;&#8221;][vc_column width=&#8221;1\/2&#8243;][vc_column_text]\n<h2>Bourbon: una rica her\u00e8ncia del whisky americ\u00e0<\/h2>\n<p>Bourbon, sovint conegut com l&#8217;esperit natiu dels Estats Units, t\u00e9 una hist\u00f2ria hist\u00f2rica que es fa ress\u00f2 de l&#8217;ess\u00e8ncia dels mateixos Estats Units. Arrelat en la tradici\u00f3 i elaborat amb passi\u00f3, el bourbon \u00e9s un emblema de l&#8217;artesania i l&#8217;enginy nord-americans, capturant l&#8217;esperit pioner de la naci\u00f3 i el comprom\u00eds inquebrantable amb la qualitat. Definit per Normativa Bourbon es defineix per un conjunt de normatives estrictes que regulen la seva producci\u00f3, assegurant-ne l&#8217;autenticitat i la qualitat. Segons la llei dels Estats Units, perqu\u00e8 un whisky sigui etiquetat com a bourbon, s&#8217;ha d&#8217;elaborar amb una barreja de gra que sigui com a m\u00ednim un 51% de blat de moro. Aquest ingredient principal contribueix als sabors dol\u00e7os i rics que caracteritzen el bourbon. El l\u00edquid destil\u00b7lat s&#8217;ha d&#8217;envellir en b\u00f3tes de roure noves carbonitzades, un proc\u00e9s que confereix color i complexitat distintius al producte final. A difer\u00e8ncia d&#8217;altres whiskis, el bourbon no t\u00e9 un requisit m\u00ednim d&#8217;envelliment, per\u00f2 per ser etiquetat com a bourbon &#8220;recte&#8221;, s&#8217;ha d&#8217;envellir almenys dos anys. <\/p>\n<p><strong>La influ\u00e8ncia carbonitzada<\/strong><br \/>\nL&#8217;\u00fas de b\u00f3tes noves de roure carbonitzat \u00e9s un segell distintiu de la producci\u00f3 de bourbon, que infundeix l&#8217;esperit amb sabors i caracter\u00edstiques \u00faniques. El proc\u00e9s de carbonitzaci\u00f3 caramel\u00b7litza els sucres de la fusta, creant capes de vainilla, caramel i notes de roure torrat que distingeixen el bourbon d&#8217;altres whiskies. Aquesta interacci\u00f3 entre l&#8217;esperit i el barril contribueix significativament al color profund i al perfil complex del bourbon.  <\/p>\n<p><strong>Varietat de Sabors<\/strong><br \/>\nEl perfil de sabor de Bourbon \u00e9s divers, que va des de suau i accessible fins a atrevit i robust. Les notes de caramel, vainilla, toffee i caramel de mantega sovint dominen el paladar, mentre que hi ha tocs d&#8217;esp\u00e8cies, fruites i fins i tot fumats, depenent de la factura espec\u00edfica del pur\u00e9 i del proc\u00e9s d&#8217;envelliment. Aquest espectre de sabors permet als entusiastes explorar una \u00e0mplia gamma de perfils, fent del bourbon un esperit vers\u00e0til i emocionant per gaudir.  <\/p>\n<p><strong>Artesania i Tradici\u00f3<\/strong><br \/>\nLa producci\u00f3 borb\u00f2nica ret homenatge a tradicions ancestrals, sovint transmeses de generaci\u00f3 en generaci\u00f3. Les destil\u00b7leries s&#8217;enorgulleixen de les seves receptes \u00faniques, conegudes com a mash bills, que dicten les proporcions dels diferents grans utilitzats en el proc\u00e9s de producci\u00f3. Aquesta artesania i atenci\u00f3 als detalls donen com a resultat una gran varietat de bourbons que s&#8217;adapten a una \u00e0mplia gamma de prefer\u00e8ncies.  <\/p>\n<p><strong>Una icona global<\/strong><br \/>\nTot i que est\u00e0 molt arrelada a la cultura americana, la popularitat del bourbon ha transcendit les fronteres, convertint-se en un esperit sol\u00b7licitat arreu del m\u00f3n. El moviment de la destil\u00b7laci\u00f3 artesanal ha revitalitzat i ampliat el paisatge del bourbon, amb destil\u00b7leries establertes i noves que van impulsar els l\u00edmits de la innovaci\u00f3 mentre mantenen la rever\u00e8ncia per la tradici\u00f3. Ja sigui assaborit net, a les roques o com a base per a c\u00f2ctels cl\u00e0ssics com el Old Fashioned o el Mint Julep, el bourbon continua sent un s\u00edmbol de celebraci\u00f3, companyonia i esperit americ\u00e0, convidant els entusiastes a explorar la seva rica hist\u00f2ria i diversos sabors. amb cada glop.[\/vc_column_text][\/vc_column][vc_column width=&#8221;1\/2&#8243;]<div class=\"woocommerce columns-4 \"><ul class=\"products columns-4\">\n<li class=\"product type-product post-78675 status-publish first instock product_cat-kentucky-ca has-post-thumbnail taxable shipping-taxable purchasable product-type-simple\">\n\t<a href=\"https:\/\/whisky.ad\/ca\/producte\/e-h-taylor-small-batch-50-0-75l\/\" class=\"woocommerce-LoopProduct-link woocommerce-loop-product__link\"><img loading=\"lazy\" decoding=\"async\" width=\"300\" height=\"300\" src=\"https:\/\/whisky.ad\/wp-content\/uploads\/2023\/08\/eh-taylor-small-batch-desktop-bottle-1-300x300.png\" class=\"attachment-woocommerce_thumbnail size-woocommerce_thumbnail\" alt=\"E.H. Taylor Small Batch 50% 0.75l\" srcset=\"https:\/\/whisky.ad\/wp-content\/uploads\/2023\/08\/eh-taylor-small-batch-desktop-bottle-1-300x300.png 300w, https:\/\/whisky.ad\/wp-content\/uploads\/2023\/08\/eh-taylor-small-batch-desktop-bottle-1-500x500.png 500w, https:\/\/whisky.ad\/wp-content\/uploads\/2023\/08\/eh-taylor-small-batch-desktop-bottle-1-100x100.png 100w, https:\/\/whisky.ad\/wp-content\/uploads\/2023\/08\/eh-taylor-small-batch-desktop-bottle-1-150x150.png 150w, https:\/\/whisky.ad\/wp-content\/uploads\/2023\/08\/eh-taylor-small-batch-desktop-bottle-1-768x768.png 768w, https:\/\/whisky.ad\/wp-content\/uploads\/2023\/08\/eh-taylor-small-batch-desktop-bottle-1-1024x1024.png 1024w\" sizes=\"auto, (max-width: 300px) 100vw, 300px\" \/><h2 class=\"woocommerce-loop-product__title\">E.H. Taylor Small Batch 50% 0.75l<\/h2>\n\t<span class=\"price\"><span class=\"woocommerce-Price-amount amount\"><bdi><span class=\"woocommerce-Price-currencySymbol\">&euro;<\/span>69.95<\/bdi><\/span><\/span>\n<\/a><a href=\"\/ca\/wp-json\/wp\/v2\/pages\/79536?add-to-cart=78675\" aria-describedby=\"woocommerce_loop_add_to_cart_link_describedby_78675\" data-quantity=\"1\" class=\"button product_type_simple add_to_cart_button ajax_add_to_cart\" data-product_id=\"78675\" data-product_sku=\"\" aria-label=\"Afegeix a la cistella: &ldquo;E.H. Taylor Small Batch 50% 0.75l&rdquo;\" rel=\"nofollow\" data-success_message=\"&ldquo;E.H. Taylor Small Batch 50% 0.75l&rdquo; s&#039;ha afegit a la vostra cistella\" title=\"Minimum qty is 1\">Afegeix a la cistella<\/a>\t<span id=\"woocommerce_loop_add_to_cart_link_describedby_78675\" class=\"screen-reader-text\">\n\t\t\t<\/span>\n<\/li>\n<li class=\"product type-product post-79099 status-publish instock product_cat-kentucky-ca has-post-thumbnail taxable shipping-taxable purchasable product-type-simple\">\n\t<a href=\"https:\/\/whisky.ad\/ca\/producte\/southern-comfort-original-35-0-7l\/\" class=\"woocommerce-LoopProduct-link woocommerce-loop-product__link\"><img loading=\"lazy\" decoding=\"async\" width=\"300\" height=\"300\" src=\"https:\/\/whisky.ad\/wp-content\/uploads\/2023\/08\/download-10-300x300.jpeg\" class=\"attachment-woocommerce_thumbnail size-woocommerce_thumbnail\" alt=\"Southern Comfort Original 35% 0.7l\" srcset=\"https:\/\/whisky.ad\/wp-content\/uploads\/2023\/08\/download-10-300x300.jpeg 300w, https:\/\/whisky.ad\/wp-content\/uploads\/2023\/08\/download-10-500x500.jpeg 500w, https:\/\/whisky.ad\/wp-content\/uploads\/2023\/08\/download-10-100x100.jpeg 100w, https:\/\/whisky.ad\/wp-content\/uploads\/2023\/08\/download-10-150x150.jpeg 150w, https:\/\/whisky.ad\/wp-content\/uploads\/2023\/08\/download-10-768x768.jpeg 768w, https:\/\/whisky.ad\/wp-content\/uploads\/2023\/08\/download-10-1024x1024.jpeg 1024w\" sizes=\"auto, (max-width: 300px) 100vw, 300px\" \/><h2 class=\"woocommerce-loop-product__title\">Southern Comfort Original 35% 0.7l<\/h2>\n\t<span class=\"price\"><span class=\"woocommerce-Price-amount amount\"><bdi><span class=\"woocommerce-Price-currencySymbol\">&euro;<\/span>7.39<\/bdi><\/span><\/span>\n<\/a><a href=\"\/ca\/wp-json\/wp\/v2\/pages\/79536?add-to-cart=79099\" aria-describedby=\"woocommerce_loop_add_to_cart_link_describedby_79099\" data-quantity=\"1\" class=\"button product_type_simple add_to_cart_button ajax_add_to_cart\" data-product_id=\"79099\" data-product_sku=\"\" aria-label=\"Afegeix a la cistella: &ldquo;Southern Comfort Original 35% 0.7l&rdquo;\" rel=\"nofollow\" data-success_message=\"&ldquo;Southern Comfort Original 35% 0.7l&rdquo; s&#039;ha afegit a la vostra cistella\" title=\"Minimum qty is 1\">Afegeix a la cistella<\/a>\t<span id=\"woocommerce_loop_add_to_cart_link_describedby_79099\" class=\"screen-reader-text\">\n\t\t\t<\/span>\n<\/li>\n<li class=\"product type-product post-79095 status-publish instock product_cat-kentucky-ca has-post-thumbnail taxable shipping-taxable purchasable product-type-simple\">\n\t<a href=\"https:\/\/whisky.ad\/ca\/producte\/southern-comfort-black-40-1l\/\" class=\"woocommerce-LoopProduct-link woocommerce-loop-product__link\"><img loading=\"lazy\" decoding=\"async\" width=\"300\" height=\"300\" src=\"https:\/\/whisky.ad\/wp-content\/uploads\/2023\/08\/download-11-300x300.jpeg\" class=\"attachment-woocommerce_thumbnail size-woocommerce_thumbnail\" alt=\"Southern Comfort Black 40% 1l\" srcset=\"https:\/\/whisky.ad\/wp-content\/uploads\/2023\/08\/download-11-300x300.jpeg 300w, https:\/\/whisky.ad\/wp-content\/uploads\/2023\/08\/download-11-500x500.jpeg 500w, https:\/\/whisky.ad\/wp-content\/uploads\/2023\/08\/download-11-100x100.jpeg 100w, https:\/\/whisky.ad\/wp-content\/uploads\/2023\/08\/download-11-150x150.jpeg 150w, https:\/\/whisky.ad\/wp-content\/uploads\/2023\/08\/download-11-768x768.jpeg 768w, https:\/\/whisky.ad\/wp-content\/uploads\/2023\/08\/download-11-1024x1024.jpeg 1024w\" sizes=\"auto, (max-width: 300px) 100vw, 300px\" \/><h2 class=\"woocommerce-loop-product__title\">Southern Comfort Black 40% 1l<\/h2>\n\t<span class=\"price\"><span class=\"woocommerce-Price-amount amount\"><bdi><span class=\"woocommerce-Price-currencySymbol\">&euro;<\/span>9.49<\/bdi><\/span><\/span>\n<\/a><a href=\"\/ca\/wp-json\/wp\/v2\/pages\/79536?add-to-cart=79095\" aria-describedby=\"woocommerce_loop_add_to_cart_link_describedby_79095\" data-quantity=\"1\" class=\"button product_type_simple add_to_cart_button ajax_add_to_cart\" data-product_id=\"79095\" data-product_sku=\"\" aria-label=\"Afegeix a la cistella: &ldquo;Southern Comfort Black 40% 1l&rdquo;\" rel=\"nofollow\" data-success_message=\"&ldquo;Southern Comfort Black 40% 1l&rdquo; s&#039;ha afegit a la vostra cistella\" title=\"Minimum qty is 1\">Afegeix a la cistella<\/a>\t<span id=\"woocommerce_loop_add_to_cart_link_describedby_79095\" class=\"screen-reader-text\">\n\t\t\t<\/span>\n<\/li>\n<li class=\"product type-product post-79088 status-publish last instock product_cat-sazerac-ca product_cat-kentucky-ca has-post-thumbnail taxable shipping-taxable purchasable product-type-simple\">\n\t<a href=\"https:\/\/whisky.ad\/ca\/producte\/sazerac-rye-45-0-7l\/\" class=\"woocommerce-LoopProduct-link woocommerce-loop-product__link\"><img loading=\"lazy\" decoding=\"async\" width=\"300\" height=\"300\" src=\"https:\/\/whisky.ad\/wp-content\/uploads\/2023\/08\/download-8-1-300x300.jpeg\" class=\"attachment-woocommerce_thumbnail size-woocommerce_thumbnail\" alt=\"Sazerac Rye 45% 0.7l\" srcset=\"https:\/\/whisky.ad\/wp-content\/uploads\/2023\/08\/download-8-1-300x300.jpeg 300w, https:\/\/whisky.ad\/wp-content\/uploads\/2023\/08\/download-8-1-500x500.jpeg 500w, https:\/\/whisky.ad\/wp-content\/uploads\/2023\/08\/download-8-1-100x100.jpeg 100w, https:\/\/whisky.ad\/wp-content\/uploads\/2023\/08\/download-8-1-150x150.jpeg 150w, https:\/\/whisky.ad\/wp-content\/uploads\/2023\/08\/download-8-1-768x768.jpeg 768w, https:\/\/whisky.ad\/wp-content\/uploads\/2023\/08\/download-8-1-1024x1024.jpeg 1024w\" sizes=\"auto, (max-width: 300px) 100vw, 300px\" \/><h2 class=\"woocommerce-loop-product__title\">Sazerac Rye 45% 0.7l<\/h2>\n\t<span class=\"price\"><span class=\"woocommerce-Price-amount amount\"><bdi><span class=\"woocommerce-Price-currencySymbol\">&euro;<\/span>32.95<\/bdi><\/span><\/span>\n<\/a><a href=\"\/ca\/wp-json\/wp\/v2\/pages\/79536?add-to-cart=79088\" aria-describedby=\"woocommerce_loop_add_to_cart_link_describedby_79088\" data-quantity=\"1\" class=\"button product_type_simple add_to_cart_button ajax_add_to_cart\" data-product_id=\"79088\" data-product_sku=\"\" aria-label=\"Afegeix a la cistella: &ldquo;Sazerac Rye 45% 0.7l&rdquo;\" rel=\"nofollow\" data-success_message=\"&ldquo;Sazerac Rye 45% 0.7l&rdquo; s&#039;ha afegit a la vostra cistella\" title=\"Minimum qty is 1\">Afegeix a la cistella<\/a>\t<span id=\"woocommerce_loop_add_to_cart_link_describedby_79088\" class=\"screen-reader-text\">\n\t\t\t<\/span>\n<\/li>\n<li class=\"product type-product post-78678 status-publish first instock product_cat-kentucky-ca has-post-thumbnail taxable shipping-taxable purchasable product-type-simple\">\n\t<a href=\"https:\/\/whisky.ad\/ca\/producte\/eagle-rare-10yo-45-0-7l\/\" class=\"woocommerce-LoopProduct-link woocommerce-loop-product__link\"><img loading=\"lazy\" decoding=\"async\" width=\"300\" height=\"300\" src=\"https:\/\/whisky.ad\/wp-content\/uploads\/2023\/08\/download-12-300x300.jpeg\" class=\"attachment-woocommerce_thumbnail size-woocommerce_thumbnail\" alt=\"Eagle Rare 10yo 45% 0.7l\" srcset=\"https:\/\/whisky.ad\/wp-content\/uploads\/2023\/08\/download-12-300x300.jpeg 300w, https:\/\/whisky.ad\/wp-content\/uploads\/2023\/08\/download-12-500x500.jpeg 500w, https:\/\/whisky.ad\/wp-content\/uploads\/2023\/08\/download-12-100x100.jpeg 100w, https:\/\/whisky.ad\/wp-content\/uploads\/2023\/08\/download-12-150x150.jpeg 150w, https:\/\/whisky.ad\/wp-content\/uploads\/2023\/08\/download-12-768x768.jpeg 768w, https:\/\/whisky.ad\/wp-content\/uploads\/2023\/08\/download-12-1024x1024.jpeg 1024w\" sizes=\"auto, (max-width: 300px) 100vw, 300px\" \/><h2 class=\"woocommerce-loop-product__title\">Eagle Rare 10yo 45% 0.7l<\/h2>\n\t<span class=\"price\"><span class=\"woocommerce-Price-amount amount\"><bdi><span class=\"woocommerce-Price-currencySymbol\">&euro;<\/span>29.95<\/bdi><\/span><\/span>\n<\/a><a href=\"\/ca\/wp-json\/wp\/v2\/pages\/79536?add-to-cart=78678\" aria-describedby=\"woocommerce_loop_add_to_cart_link_describedby_78678\" data-quantity=\"1\" class=\"button product_type_simple add_to_cart_button ajax_add_to_cart\" data-product_id=\"78678\" data-product_sku=\"\" aria-label=\"Afegeix a la cistella: &ldquo;Eagle Rare 10yo 45% 0.7l&rdquo;\" rel=\"nofollow\" data-success_message=\"&ldquo;Eagle Rare 10yo 45% 0.7l&rdquo; s&#039;ha afegit a la vostra cistella\" title=\"Minimum qty is 1\">Afegeix a la cistella<\/a>\t<span id=\"woocommerce_loop_add_to_cart_link_describedby_78678\" class=\"screen-reader-text\">\n\t\t\t<\/span>\n<\/li>\n<li class=\"product type-product post-78535 status-publish instock product_cat-usa-ca product_cat-destacat product_cat-kentucky-ca has-post-thumbnail sale featured taxable shipping-taxable purchasable product-type-simple\">\n\t<a href=\"https:\/\/whisky.ad\/ca\/producte\/buffalo-trace-40-0-7l\/\" class=\"woocommerce-LoopProduct-link woocommerce-loop-product__link\">\n\t<span class=\"onsale\">Oferta!<\/span>\n\t<img loading=\"lazy\" decoding=\"async\" width=\"300\" height=\"300\" src=\"https:\/\/whisky.ad\/wp-content\/uploads\/2023\/08\/download-13-300x300.jpeg\" class=\"attachment-woocommerce_thumbnail size-woocommerce_thumbnail\" alt=\"Buffalo Trace 40% 0.7l\" srcset=\"https:\/\/whisky.ad\/wp-content\/uploads\/2023\/08\/download-13-300x300.jpeg 300w, https:\/\/whisky.ad\/wp-content\/uploads\/2023\/08\/download-13-500x500.jpeg 500w, https:\/\/whisky.ad\/wp-content\/uploads\/2023\/08\/download-13-100x100.jpeg 100w, https:\/\/whisky.ad\/wp-content\/uploads\/2023\/08\/download-13-150x150.jpeg 150w, https:\/\/whisky.ad\/wp-content\/uploads\/2023\/08\/download-13-768x768.jpeg 768w, https:\/\/whisky.ad\/wp-content\/uploads\/2023\/08\/download-13-1024x1024.jpeg 1024w\" sizes=\"auto, (max-width: 300px) 100vw, 300px\" \/><h2 class=\"woocommerce-loop-product__title\">Buffalo Trace 40% 0.7l<\/h2>\n\t<span class=\"price\"><del aria-hidden=\"true\"><span class=\"woocommerce-Price-amount amount\"><bdi><span class=\"woocommerce-Price-currencySymbol\">&euro;<\/span>17.95<\/bdi><\/span><\/del> <span class=\"screen-reader-text\">El preu original era: &euro;17.95.<\/span><ins aria-hidden=\"true\"><span class=\"woocommerce-Price-amount amount\"><bdi><span class=\"woocommerce-Price-currencySymbol\">&euro;<\/span>16.95<\/bdi><\/span><\/ins><span class=\"screen-reader-text\">El preu actual \u00e9s: &euro;16.95.<\/span><\/span>\n<\/a><a href=\"\/ca\/wp-json\/wp\/v2\/pages\/79536?add-to-cart=78535\" aria-describedby=\"woocommerce_loop_add_to_cart_link_describedby_78535\" data-quantity=\"1\" class=\"button product_type_simple add_to_cart_button ajax_add_to_cart\" data-product_id=\"78535\" data-product_sku=\"\" aria-label=\"Afegeix a la cistella: &ldquo;Buffalo Trace 40% 0.7l&rdquo;\" rel=\"nofollow\" data-success_message=\"&ldquo;Buffalo Trace 40% 0.7l&rdquo; s&#039;ha afegit a la vostra cistella\" title=\"Minimum qty is 1\">Afegeix a la cistella<\/a>\t<span id=\"woocommerce_loop_add_to_cart_link_describedby_78535\" class=\"screen-reader-text\">\n\t\t\t<\/span>\n<\/li>\n<\/ul>\n<\/div>[\/vc_column][\/vc_row]\n","protected":false},"excerpt":{"rendered":"<p>[vc_row type=&#8221;container&#8221; padding_top=&#8221;&#8221; padding_bottom=&#8221;&#8221;][vc_column width=&#8221;1\/2&#8243;][vc_column_text] Bourbon: una rica her\u00e8ncia del whisky americ\u00e0 Bourbon, sovint conegut com l&#8217;esperit natiu dels Estats Units, t\u00e9 una hist\u00f2ria hist\u00f2rica que es fa ress\u00f2 de l&#8217;ess\u00e8ncia dels mateixos Estats Units. Arrelat en la tradici\u00f3 i elaborat amb passi\u00f3, el bourbon \u00e9s un emblema de l&#8217;artesania i l&#8217;enginy nord-americans, capturant l&#8217;esperit [&hellip;]<\/p>\n","protected":false},"author":1,"featured_media":0,"parent":79267,"menu_order":2,"comment_status":"closed","ping_status":"closed","template":"page-full-width.php","meta":{"_acf_changed":false,"footnotes":""},"class_list":["post-79536","page","type-page","status-publish","hentry"],"acf":[],"aioseo_notices":[],"jetpack_sharing_enabled":true,"jetpack_shortlink":"https:\/\/wp.me\/PemYjf-kGQ","_links":{"self":[{"href":"https:\/\/whisky.ad\/ca\/wp-json\/wp\/v2\/pages\/79536","targetHints":{"allow":["GET"]}}],"collection":[{"href":"https:\/\/whisky.ad\/ca\/wp-json\/wp\/v2\/pages"}],"about":[{"href":"https:\/\/whisky.ad\/ca\/wp-json\/wp\/v2\/types\/page"}],"author":[{"embeddable":true,"href":"https:\/\/whisky.ad\/ca\/wp-json\/wp\/v2\/users\/1"}],"replies":[{"embeddable":true,"href":"https:\/\/whisky.ad\/ca\/wp-json\/wp\/v2\/comments?post=79536"}],"version-history":[{"count":2,"href":"https:\/\/whisky.ad\/ca\/wp-json\/wp\/v2\/pages\/79536\/revisions"}],"predecessor-version":[{"id":79538,"href":"https:\/\/whisky.ad\/ca\/wp-json\/wp\/v2\/pages\/79536\/revisions\/79538"}],"up":[{"embeddable":true,"href":"https:\/\/whisky.ad\/ca\/wp-json\/wp\/v2\/pages\/79267"}],"wp:attachment":[{"href":"https:\/\/whisky.ad\/ca\/wp-json\/wp\/v2\/media?parent=79536"}],"curies":[{"name":"wp","href":"https:\/\/api.w.org\/{rel}","templated":true}]}}