{"id":79526,"date":"2021-04-25T16:09:48","date_gmt":"2021-04-25T15:09:48","guid":{"rendered":"https:\/\/whisky.ad\/whisky\/scotch\/"},"modified":"2023-12-18T15:42:23","modified_gmt":"2023-12-18T14:42:23","slug":"scotch","status":"publish","type":"page","link":"https:\/\/whisky.ad\/ca\/whisky\/scotch\/","title":{"rendered":"Scotch"},"content":{"rendered":"[vc_row type=&#8221;container&#8221; padding_top=&#8221;&#8221; padding_bottom=&#8221;&#8221;][vc_column width=&#8221;1\/2&#8243;][vc_column_text]\n<h2>Whisky escoc\u00e8s: l&#8217;elixir del patrimoni d&#8217;Esc\u00f2cia<\/h2>\n<p>El whisky escoc\u00e8s, conegut afectuosament com &#8220;Scotch&#8221;, \u00e9s un esperit ic\u00f2nic que encarna l&#8217;ess\u00e8ncia de la cultura, la hist\u00f2ria i els paisatges impressionants d&#8217;Esc\u00f2cia. Elaborat amb rever\u00e8ncia per la tradici\u00f3 i un comprom\u00eds amb la qualitat, Scotch \u00e9s un testimoni de l&#8217;her\u00e8ncia i l&#8217;artesania molt arrelats del pa\u00eds. <\/p>\n<p><strong>Protegit per la Tradici\u00f3<\/strong><br \/>\nEl whisky escoc\u00e8s est\u00e0 protegit per una s\u00e8rie de normatives que garanteixen la seva autenticitat i mantenen el seu estatus venerat. Per portar el t\u00edtol de &#8220;Scotch&#8221;, l&#8217;esperit s&#8217;ha de destil\u00b7lar i envellir a Esc\u00f2cia durant un m\u00ednim de tres anys. A m\u00e9s, s&#8217;ha d&#8217;elaborar amb ordi maltejat i aigua, i seguir un proc\u00e9s de destil\u00b7laci\u00f3 espec\u00edfic que el distingeixi d&#8217;altres whiskys. Regions distintives, sabors diversos Un dels aspectes captivadors del whisky escoc\u00e8s \u00e9s la seva diversitat regional, que mostra els diversos paisatges i climes d&#8217;Esc\u00f2cia. Les cinc regions principals productores de whisky: Highlands, Lowlands, Islay, Speyside i Campbeltown, cadascuna aporten sabors i caracter\u00edstiques \u00faniques al producte final. Des de les expressions fumades i torbes d&#8217;Islay fins a les maltes riques i amb influ\u00e8ncia de xer\u00e8s de Speyside, Scotch ofereix un viatge captivador pels seus variats terrers.  <\/p>\n<p><strong>Crian\u00e7a en roure<\/strong><br \/>\nEl car\u00e0cter de Scotch es configura encara m\u00e9s pel seu proc\u00e9s d&#8217;envelliment en b\u00f3tes de roure, una tradici\u00f3 que imparteix profunditat i complexitat a l&#8217;esperit. L&#8217;elecci\u00f3 de les b\u00f3tes, tant si abans contenien vins de bourbon, xer\u00e8s o altres, contribueix al perfil final del sabor. Amb els anys de maduraci\u00f3, el whisky interactua amb la fusta, extreint sabors com la vainilla, el caramel i les esp\u00e8cies, donant com a resultat un harmoni\u00f3s matrimoni de fusta i esperit.  <\/p>\n<p><strong>La tradici\u00f3 es troba amb la innovaci\u00f3<\/strong><br \/>\nTot i que est\u00e0 molt arrelat a la tradici\u00f3, el m\u00f3n del whisky escoc\u00e8s no \u00e9s immune a la innovaci\u00f3. Les destil\u00b7leries experimenten amb diversos acabats de b\u00f3tes, utilitzen diferents tipus de grans i adopten t\u00e8cniques modernes mentre es mantenen fidels als valors b\u00e0sics de l&#8217;artesania. Aquest delicat equilibri entre tradici\u00f3 i innovaci\u00f3 \u00e9s un testimoni de l&#8217;adaptabilitat i la resist\u00e8ncia de la ind\u00fastria escocesa.  <\/p>\n<p><strong>Una icona global<\/strong><br \/>\nEl whisky escoc\u00e8s ha transcendit els seus or\u00edgens escocesos per convertir-se en un s\u00edmbol global de sofisticaci\u00f3 i indulg\u00e8ncia. Es gaudeix de diverses maneres, ja sigui net, sobre les roques o com a ingredient clau en c\u00f2ctels cl\u00e0ssics com el Rob Roy o el Rusty Nail. Tant els entusiastes com els col\u00b7leccionistes celebren la diversitat d&#8217;expressions escoceses, des dels single malts accessibles fins als distingits blended whiskys. El whisky escoc\u00e8s no \u00e9s nom\u00e9s una beguda; \u00e9s una narraci\u00f3 que encapsula segles d&#8217;artesania, una connexi\u00f3 profunda amb la terra i un esperit de companyonia. Amb cada glop, Scotch ofereix un viatge en el temps, que ens permet apreciar l&#8217;art, la hist\u00f2ria i la complexitat que defineixen aquest estimat elixir.[\/vc_column_text][\/vc_column][vc_column width=&#8221;1\/2&#8243;][vc_single_image image=&#8221;77148&#8243; img_size=&#8221;medium&#8221;]<div class=\"woocommerce columns-4\"><ul class=\"products columns-4\">\n<li class=\"product-category product first\">\n\t<a aria-label=\"Visiteu la categoria de producte Port Ellen\" href=\"https:\/\/whisky.ad\/ca\/categoria-producte\/whisky-per-marca-ca\/port-ellen-ca\/\"><img loading=\"lazy\" decoding=\"async\" src=\"https:\/\/whisky.ad\/wp-content\/uploads\/woocommerce-placeholder.png\" alt=\"Port Ellen\" width=\"300\" height=\"300\" \/>\t\t<h2 class=\"woocommerce-loop-category__title\">\n\t\t\tPort Ellen <mark class=\"count\">(1)<\/mark>\t\t<\/h2>\n\t\t<\/a><\/li>\n<li class=\"product-category product\">\n\t<a aria-label=\"Visiteu la categoria de producte Loch Lomond\" href=\"https:\/\/whisky.ad\/ca\/categoria-producte\/whisky-per-marca-ca\/loch-lomond-ca\/\"><img loading=\"lazy\" decoding=\"async\" src=\"https:\/\/whisky.ad\/wp-content\/uploads\/woocommerce-placeholder.png\" alt=\"Loch Lomond\" width=\"300\" height=\"300\" \/>\t\t<h2 class=\"woocommerce-loop-category__title\">\n\t\t\tLoch Lomond <mark class=\"count\">(13)<\/mark>\t\t<\/h2>\n\t\t<\/a><\/li>\n<li class=\"product-category product\">\n\t<a aria-label=\"Visiteu la categoria de producte Glen Scotia\" href=\"https:\/\/whisky.ad\/ca\/categoria-producte\/whisky-per-marca-ca\/glen-scotia-ca\/\"><img loading=\"lazy\" decoding=\"async\" src=\"https:\/\/whisky.ad\/wp-content\/uploads\/woocommerce-placeholder.png\" alt=\"Glen Scotia\" width=\"300\" height=\"300\" \/>\t\t<h2 class=\"woocommerce-loop-category__title\">\n\t\t\tGlen Scotia <mark class=\"count\">(10)<\/mark>\t\t<\/h2>\n\t\t<\/a><\/li>\n<li class=\"product-category product last\">\n\t<a aria-label=\"Visiteu la categoria de producte Glencadam\" href=\"https:\/\/whisky.ad\/ca\/categoria-producte\/whisky-per-marca-ca\/glencadam-ca\/\"><img loading=\"lazy\" decoding=\"async\" src=\"https:\/\/whisky.ad\/wp-content\/uploads\/woocommerce-placeholder.png\" alt=\"Glencadam\" width=\"300\" height=\"300\" \/>\t\t<h2 class=\"woocommerce-loop-category__title\">\n\t\t\tGlencadam <mark class=\"count\">(1)<\/mark>\t\t<\/h2>\n\t\t<\/a><\/li>\n<li class=\"product-category product first\">\n\t<a aria-label=\"Visiteu la categoria de producte Tomintoul\" href=\"https:\/\/whisky.ad\/ca\/categoria-producte\/whisky-per-marca-ca\/tomintoul-ca\/\"><img loading=\"lazy\" decoding=\"async\" src=\"https:\/\/whisky.ad\/wp-content\/uploads\/woocommerce-placeholder.png\" alt=\"Tomintoul\" width=\"300\" height=\"300\" \/>\t\t<h2 class=\"woocommerce-loop-category__title\">\n\t\t\tTomintoul <mark class=\"count\">(5)<\/mark>\t\t<\/h2>\n\t\t<\/a><\/li>\n<\/ul>\n<\/div>[\/vc_column][\/vc_row]\n","protected":false},"excerpt":{"rendered":"<p>[vc_row type=&#8221;container&#8221; padding_top=&#8221;&#8221; padding_bottom=&#8221;&#8221;][vc_column width=&#8221;1\/2&#8243;][vc_column_text] Whisky escoc\u00e8s: l&#8217;elixir del patrimoni d&#8217;Esc\u00f2cia El whisky escoc\u00e8s, conegut afectuosament com &#8220;Scotch&#8221;, \u00e9s un esperit ic\u00f2nic que encarna l&#8217;ess\u00e8ncia de la cultura, la hist\u00f2ria i els paisatges impressionants d&#8217;Esc\u00f2cia. Elaborat amb rever\u00e8ncia per la tradici\u00f3 i un comprom\u00eds amb la qualitat, Scotch \u00e9s un testimoni de l&#8217;her\u00e8ncia i l&#8217;artesania [&hellip;]<\/p>\n","protected":false},"author":1,"featured_media":0,"parent":79267,"menu_order":0,"comment_status":"closed","ping_status":"closed","template":"page-full-width.php","meta":{"_acf_changed":false,"footnotes":""},"class_list":["post-79526","page","type-page","status-publish","hentry"],"acf":[],"aioseo_notices":[],"jetpack_sharing_enabled":true,"jetpack_shortlink":"https:\/\/wp.me\/PemYjf-kGG","_links":{"self":[{"href":"https:\/\/whisky.ad\/ca\/wp-json\/wp\/v2\/pages\/79526","targetHints":{"allow":["GET"]}}],"collection":[{"href":"https:\/\/whisky.ad\/ca\/wp-json\/wp\/v2\/pages"}],"about":[{"href":"https:\/\/whisky.ad\/ca\/wp-json\/wp\/v2\/types\/page"}],"author":[{"embeddable":true,"href":"https:\/\/whisky.ad\/ca\/wp-json\/wp\/v2\/users\/1"}],"replies":[{"embeddable":true,"href":"https:\/\/whisky.ad\/ca\/wp-json\/wp\/v2\/comments?post=79526"}],"version-history":[{"count":3,"href":"https:\/\/whisky.ad\/ca\/wp-json\/wp\/v2\/pages\/79526\/revisions"}],"predecessor-version":[{"id":79529,"href":"https:\/\/whisky.ad\/ca\/wp-json\/wp\/v2\/pages\/79526\/revisions\/79529"}],"up":[{"embeddable":true,"href":"https:\/\/whisky.ad\/ca\/wp-json\/wp\/v2\/pages\/79267"}],"wp:attachment":[{"href":"https:\/\/whisky.ad\/ca\/wp-json\/wp\/v2\/media?parent=79526"}],"curies":[{"name":"wp","href":"https:\/\/api.w.org\/{rel}","templated":true}]}}