{"id":79514,"date":"2022-12-16T11:16:57","date_gmt":"2022-12-16T10:16:57","guid":{"rendered":"https:\/\/whisky.ad\/whisky\/e-h-taylor\/"},"modified":"2023-12-16T12:57:58","modified_gmt":"2023-12-16T11:57:58","slug":"e-h-taylor","status":"publish","type":"page","link":"https:\/\/whisky.ad\/ca\/whisky\/e-h-taylor\/","title":{"rendered":"E.H. Taylor"},"content":{"rendered":"[vc_row type=&#8221;container&#8221; padding_top=&#8221;&#8221; padding_bottom=&#8221;&#8221;][vc_column width=&#8221;1\/2&#8243;][vc_column_text]La col\u00b7lecci\u00f3 E.H. Taylor, Jr. Collection presenta una oferta remarquable: Li Kentucky Straight Bourbon Whisky sota la forma d&#8217;E.H. Taylor, Jr. Lot petit. Considerat com un pioner en el domini del bourbon, el coronel Edmund Haynes Taylor, Jr. \u00e9s l&#8217;origen d&#8217;un patrimoni durador. S\u00f3n engagement cap a l&#8217;artisanat s&#8217;est manifestat peu despr\u00e9s de la fi de la guerra civil, quant a l&#8217;adquisici\u00f3 de la distillerie O.F.C. Destil\u00b7leria. C&#8217;est l\u00e0 qu&#8217;il als meus al point de les m\u00e9thodologies novatrices, de les techniques qui perdurent dans la pratique contemporaine. Vaig fabricar m\u00e9ticuleusement \u00e0 la main, ce Small Batch Bourbon Whisky morit dans dels entrep\u00f4ts centenaris, con\u00e7us et constru\u00efts per nul altre que E.H. Taylor, Jr. Cada cop fet l&#8217;objecte d&#8217;una avaluaci\u00f3 i una conservaci\u00f3 approfondies, aboutissant a una fusi\u00f3 harmoniosa de caracter\u00edstiques diferents sense equivalent. Veritable bourbon \u00e0 siroter, cette cr\u00e9ation rend hommage \u00e0 l&#8217;h\u00e9ritage resolu d&#8217;E.H. Taylor, Jr. i resta in\u00e8branlable en la seva devoci\u00f3 a una qualitat sense comprom\u00eds.[\/vc_column_text][\/vc_column][vc_column width=&#8221;1\/2&#8243;][vc_single_image image=&#8221;77238&#8243; img_size=&#8221;large&#8221;]<div class=\"woocommerce \"><ul class=\"products columns-3\">\n<li class=\"product type-product post-78675 status-publish first instock product_cat-kentucky-ca has-post-thumbnail taxable shipping-taxable purchasable product-type-simple\">\n\t<a href=\"https:\/\/whisky.ad\/ca\/producte\/e-h-taylor-small-batch-50-0-75l\/\" class=\"woocommerce-LoopProduct-link woocommerce-loop-product__link\"><img loading=\"lazy\" decoding=\"async\" width=\"300\" height=\"300\" src=\"https:\/\/whisky.ad\/wp-content\/uploads\/2023\/08\/eh-taylor-small-batch-desktop-bottle-1-300x300.png\" class=\"attachment-woocommerce_thumbnail size-woocommerce_thumbnail\" alt=\"E.H. Taylor Small Batch 50% 0.75l\" srcset=\"https:\/\/whisky.ad\/wp-content\/uploads\/2023\/08\/eh-taylor-small-batch-desktop-bottle-1-300x300.png 300w, https:\/\/whisky.ad\/wp-content\/uploads\/2023\/08\/eh-taylor-small-batch-desktop-bottle-1-500x500.png 500w, https:\/\/whisky.ad\/wp-content\/uploads\/2023\/08\/eh-taylor-small-batch-desktop-bottle-1-100x100.png 100w, https:\/\/whisky.ad\/wp-content\/uploads\/2023\/08\/eh-taylor-small-batch-desktop-bottle-1-150x150.png 150w, https:\/\/whisky.ad\/wp-content\/uploads\/2023\/08\/eh-taylor-small-batch-desktop-bottle-1-768x768.png 768w, https:\/\/whisky.ad\/wp-content\/uploads\/2023\/08\/eh-taylor-small-batch-desktop-bottle-1-1024x1024.png 1024w\" sizes=\"auto, (max-width: 300px) 100vw, 300px\" \/><h2 class=\"woocommerce-loop-product__title\">E.H. Taylor Small Batch 50% 0.75l<\/h2>\n\t<span class=\"price\"><span class=\"woocommerce-Price-amount amount\"><bdi><span class=\"woocommerce-Price-currencySymbol\">&euro;<\/span>69.95<\/bdi><\/span><\/span>\n<\/a><a href=\"\/ca\/wp-json\/wp\/v2\/pages\/79514?add-to-cart=78675\" aria-describedby=\"woocommerce_loop_add_to_cart_link_describedby_78675\" data-quantity=\"1\" class=\"button product_type_simple add_to_cart_button ajax_add_to_cart\" data-product_id=\"78675\" data-product_sku=\"\" aria-label=\"Afegeix a la cistella: &ldquo;E.H. Taylor Small Batch 50% 0.75l&rdquo;\" rel=\"nofollow\" data-success_message=\"&ldquo;E.H. Taylor Small Batch 50% 0.75l&rdquo; s&#039;ha afegit a la vostra cistella\" title=\"Minimum qty is 1\">Afegeix a la cistella<\/a>\t<span id=\"woocommerce_loop_add_to_cart_link_describedby_78675\" class=\"screen-reader-text\">\n\t\t\t<\/span>\n<\/li>\n<\/ul>\n<\/div>[\/vc_column][\/vc_row]\n","protected":false},"excerpt":{"rendered":"<p>[vc_row type=&#8221;container&#8221; padding_top=&#8221;&#8221; padding_bottom=&#8221;&#8221;][vc_column width=&#8221;1\/2&#8243;][vc_column_text]La col\u00b7lecci\u00f3 E.H. Taylor, Jr. Collection presenta una oferta remarquable: Li Kentucky Straight Bourbon Whisky sota la forma d&#8217;E.H. Taylor, Jr. Lot petit. Considerat com un pioner en el domini del bourbon, el coronel Edmund Haynes Taylor, Jr. \u00e9s l&#8217;origen d&#8217;un patrimoni durador. S\u00f3n engagement cap a l&#8217;artisanat s&#8217;est manifestat peu [&hellip;]<\/p>\n","protected":false},"author":1,"featured_media":0,"parent":79267,"menu_order":0,"comment_status":"closed","ping_status":"closed","template":"page-full-width.php","meta":{"_acf_changed":false,"footnotes":""},"class_list":["post-79514","page","type-page","status-publish","hentry"],"acf":[],"aioseo_notices":[],"jetpack_sharing_enabled":true,"jetpack_shortlink":"https:\/\/wp.me\/PemYjf-kGu","_links":{"self":[{"href":"https:\/\/whisky.ad\/ca\/wp-json\/wp\/v2\/pages\/79514","targetHints":{"allow":["GET"]}}],"collection":[{"href":"https:\/\/whisky.ad\/ca\/wp-json\/wp\/v2\/pages"}],"about":[{"href":"https:\/\/whisky.ad\/ca\/wp-json\/wp\/v2\/types\/page"}],"author":[{"embeddable":true,"href":"https:\/\/whisky.ad\/ca\/wp-json\/wp\/v2\/users\/1"}],"replies":[{"embeddable":true,"href":"https:\/\/whisky.ad\/ca\/wp-json\/wp\/v2\/comments?post=79514"}],"version-history":[{"count":3,"href":"https:\/\/whisky.ad\/ca\/wp-json\/wp\/v2\/pages\/79514\/revisions"}],"predecessor-version":[{"id":79517,"href":"https:\/\/whisky.ad\/ca\/wp-json\/wp\/v2\/pages\/79514\/revisions\/79517"}],"up":[{"embeddable":true,"href":"https:\/\/whisky.ad\/ca\/wp-json\/wp\/v2\/pages\/79267"}],"wp:attachment":[{"href":"https:\/\/whisky.ad\/ca\/wp-json\/wp\/v2\/media?parent=79514"}],"curies":[{"name":"wp","href":"https:\/\/api.w.org\/{rel}","templated":true}]}}