{"id":79491,"date":"2022-12-16T11:15:43","date_gmt":"2022-12-16T10:15:43","guid":{"rendered":"https:\/\/whisky.ad\/whisky\/southern-comfort\/"},"modified":"2023-12-16T12:40:00","modified_gmt":"2023-12-16T11:40:00","slug":"southern-comfort","status":"publish","type":"page","link":"https:\/\/whisky.ad\/ca\/whisky\/southern-comfort\/","title":{"rendered":"Southern Comfort"},"content":{"rendered":"[vc_row type=&#8221;container&#8221; padding_top=&#8221;&#8221; padding_bottom=&#8221;&#8221;][vc_column width=&#8221;1\/2&#8243;][vc_column_text]\n<h2>EL WHISKY ORIGINAL PER A CADA OCASI\u00d3.<\/h2>\n<p>El 1874, Southern Comfort va cobrar vida per un visionari que va seguir el seu propi cam\u00ed. M.W. Heron va pensar per qu\u00e8 el whisky havia de ser dur i aclaparador. Va imaginar una alternativa m\u00e9s suau i deliciosa. Combinant fruites d&#8217;os i esp\u00e8cies, la seva recepta va donar a llum un ic\u00f2nic sabor americ\u00e0. Avui, gaireb\u00e9 150 anys despr\u00e9s, Southern Comfort continua sent tan distintiu com sempre. \u00c9s satisfactori per si sol i una addici\u00f3 deliciosa a qualsevol beguda combinada. Cap altre esperit s&#8217;adapta a les teves prefer\u00e8ncies com aquest, sense importar la manera en qu\u00e8 el gaudeixis o la companyia que facis.   <\/p>\n<p><strong>Es tracta d&#8217;un whisky que redefineix la seva pr\u00f2pia ess\u00e8ncia, elaborat per al vostre gaudi. VAM REDEFINIR LES NORMES DEL WHISKY. <\/strong><\/p>\n<p>Southern Comfort s&#8217;ha creat amb l&#8217;experi\u00e8ncia tradicional nord-americana des de 1874, i hem afegit els nostres propis girs \u00fanics. Tant si us atreuen el whisky, el bourbon, els licors o simplement les begudes delicioses, el vostre esperit troba el seu partit amb nosaltres. La nostra \u00e9s una hist\u00f2ria teixida amb hist\u00f2ria i intriga, una barreja perfecta de fets i contes. Aix\u00ed que agafa una ampolla i un company; aquesta hist\u00f2ria encara s&#8217;est\u00e0 desenvolupant.   <\/p>\n<p><strong>1950-AVUI.<\/strong><\/p>\n<p>1874.<br \/>\nThe Birth of a Legend.<br \/>\nM.W. Heron introduces the world to his signature blend of whiskey, fruits, and spices.<br \/>\nThe world of spirits is forever transformed.<br \/>\n1874-1898.<br \/>\nWhat&#8217;s in a Name?<br \/>\nRecords reveal that M.W. initially named his creation &#8220;Cuffs and Buttons.&#8221;<br \/>\nAs its popularity grows, he officially changes it to &#8220;Southern Comfort.&#8221; (A wise decision.)<br \/>\n1898-1900.<br \/>\nThe Golden Years.<br \/>\nSouthern Comfort earns a gold medal at the 1900 Paris Exposition.<br \/>\nM.W. opens a legendary drinking club in St. Louis that gains nationwide fame.<\/p>\n<p>1900-1945.<br \/>\nSouthern Comfort Makes History.<br \/>\n1920s-1934.<br \/>\nProhibition Challenges.<br \/>\nThe US enforces alcohol prohibition on January 17, 1920.<br \/>\nM.W. Heron passes away just months later, possibly due to a broken heart.<br \/>\nThe brand revives after the repeal.<br \/>\n1943-1945.<br \/>\nReaching New Heights.<br \/>\nSouthern Comfort supports freedom, as American B-17 bombers proudly bear its name during WWII.<br \/>\n1950s.<\/p>\n<p>M\u00e0ster en Hosting. L&#8217;Am\u00e8rica despr\u00e9s de la Segona Guerra Mundial adopta l&#8217;entreteniment, fet que va fer que Southern Comfort publici les seves emblem\u00e0tiques guies de receptes i festes, atenent els entusiastes del whisky a tot arreu. **1950-AVUI.** Southern Comfort \u00e9s un dels whiskies m\u00e9s reconeguts, una opci\u00f3 per a aquells que viuen la vida segons les seves condicions. D\u00e8cada de 1960-1970. Rock i confort. Icones del rock com Janis Joplin abracen Southern Comfort, introduint l&#8217;esperit a una nova generaci\u00f3. L&#8217;empresa expressa la seva gratitud amb un abric de pell. 2016. Llancen els RTD basats en esperits a Austr\u00e0lia, Nova Zelanda, el Regne Unit i altres parts d&#8217;Europa. Per diversificar la nostra oferta, hem introdu\u00eft onze expressions llestes per beure, adaptades a cada regi\u00f3 geogr\u00e0fica. Tot i que una l\u00ednia de RTD dels EUA encara no est\u00e0 disponible, el nostre comprom\u00eds amb la innovaci\u00f3 s&#8217;est\u00e9n a la creaci\u00f3 d&#8217;una RTD dels EUA. 2017. Retorn a casa. Southern Comfort torna a connectar amb el seu patrimoni de Nova Orleans, tornant la recepta a les seves arrels de whisky originals. 2021. Presentaci\u00f3 de l&#8217;oferta de proves Southern Comfort Malt 42. En resposta a la demanda de llocs de compres convenients que ofereixen Southern Comfort, incloses botigues limitades a cervesa, begudes de malta i vi, hem presentat un producte de malta de gust fant\u00e0stic i un producte a base de vi excepcional amb la marca Southern Comfort.[\/vc_column_text][\/vc_column][vc_column width=&#8221;1\/2&#8243;]<div class=\"woocommerce columns-4 \"><ul class=\"products columns-4\">\n<li class=\"product type-product post-79095 status-publish first instock product_cat-kentucky-ca has-post-thumbnail taxable shipping-taxable purchasable product-type-simple\">\n\t<a href=\"https:\/\/whisky.ad\/ca\/producte\/southern-comfort-black-40-1l\/\" class=\"woocommerce-LoopProduct-link woocommerce-loop-product__link\"><img loading=\"lazy\" decoding=\"async\" width=\"300\" height=\"300\" src=\"https:\/\/whisky.ad\/wp-content\/uploads\/2023\/08\/download-11-300x300.jpeg\" class=\"attachment-woocommerce_thumbnail size-woocommerce_thumbnail\" alt=\"Southern Comfort Black 40% 1l\" srcset=\"https:\/\/whisky.ad\/wp-content\/uploads\/2023\/08\/download-11-300x300.jpeg 300w, https:\/\/whisky.ad\/wp-content\/uploads\/2023\/08\/download-11-500x500.jpeg 500w, https:\/\/whisky.ad\/wp-content\/uploads\/2023\/08\/download-11-100x100.jpeg 100w, https:\/\/whisky.ad\/wp-content\/uploads\/2023\/08\/download-11-150x150.jpeg 150w, https:\/\/whisky.ad\/wp-content\/uploads\/2023\/08\/download-11-768x768.jpeg 768w, https:\/\/whisky.ad\/wp-content\/uploads\/2023\/08\/download-11-1024x1024.jpeg 1024w\" sizes=\"auto, (max-width: 300px) 100vw, 300px\" \/><h2 class=\"woocommerce-loop-product__title\">Southern Comfort Black 40% 1l<\/h2>\n\t<span class=\"price\"><span class=\"woocommerce-Price-amount amount\"><bdi><span class=\"woocommerce-Price-currencySymbol\">&euro;<\/span>9.49<\/bdi><\/span><\/span>\n<\/a><a href=\"\/ca\/wp-json\/wp\/v2\/pages\/79491?add-to-cart=79095\" aria-describedby=\"woocommerce_loop_add_to_cart_link_describedby_79095\" data-quantity=\"1\" class=\"button product_type_simple add_to_cart_button ajax_add_to_cart\" data-product_id=\"79095\" data-product_sku=\"\" aria-label=\"Afegeix a la cistella: &ldquo;Southern Comfort Black 40% 1l&rdquo;\" rel=\"nofollow\" data-success_message=\"&ldquo;Southern Comfort Black 40% 1l&rdquo; s&#039;ha afegit a la vostra cistella\" title=\"Minimum qty is 1\">Afegeix a la cistella<\/a>\t<span id=\"woocommerce_loop_add_to_cart_link_describedby_79095\" class=\"screen-reader-text\">\n\t\t\t<\/span>\n<\/li>\n<li class=\"product type-product post-79099 status-publish instock product_cat-kentucky-ca has-post-thumbnail taxable shipping-taxable purchasable product-type-simple\">\n\t<a href=\"https:\/\/whisky.ad\/ca\/producte\/southern-comfort-original-35-0-7l\/\" class=\"woocommerce-LoopProduct-link woocommerce-loop-product__link\"><img loading=\"lazy\" decoding=\"async\" width=\"300\" height=\"300\" src=\"https:\/\/whisky.ad\/wp-content\/uploads\/2023\/08\/download-10-300x300.jpeg\" class=\"attachment-woocommerce_thumbnail size-woocommerce_thumbnail\" alt=\"Southern Comfort Original 35% 0.7l\" srcset=\"https:\/\/whisky.ad\/wp-content\/uploads\/2023\/08\/download-10-300x300.jpeg 300w, https:\/\/whisky.ad\/wp-content\/uploads\/2023\/08\/download-10-500x500.jpeg 500w, https:\/\/whisky.ad\/wp-content\/uploads\/2023\/08\/download-10-100x100.jpeg 100w, https:\/\/whisky.ad\/wp-content\/uploads\/2023\/08\/download-10-150x150.jpeg 150w, https:\/\/whisky.ad\/wp-content\/uploads\/2023\/08\/download-10-768x768.jpeg 768w, https:\/\/whisky.ad\/wp-content\/uploads\/2023\/08\/download-10-1024x1024.jpeg 1024w\" sizes=\"auto, (max-width: 300px) 100vw, 300px\" \/><h2 class=\"woocommerce-loop-product__title\">Southern Comfort Original 35% 0.7l<\/h2>\n\t<span class=\"price\"><span class=\"woocommerce-Price-amount amount\"><bdi><span class=\"woocommerce-Price-currencySymbol\">&euro;<\/span>7.39<\/bdi><\/span><\/span>\n<\/a><a href=\"\/ca\/wp-json\/wp\/v2\/pages\/79491?add-to-cart=79099\" aria-describedby=\"woocommerce_loop_add_to_cart_link_describedby_79099\" data-quantity=\"1\" class=\"button product_type_simple add_to_cart_button ajax_add_to_cart\" data-product_id=\"79099\" data-product_sku=\"\" aria-label=\"Afegeix a la cistella: &ldquo;Southern Comfort Original 35% 0.7l&rdquo;\" rel=\"nofollow\" data-success_message=\"&ldquo;Southern Comfort Original 35% 0.7l&rdquo; s&#039;ha afegit a la vostra cistella\" title=\"Minimum qty is 1\">Afegeix a la cistella<\/a>\t<span id=\"woocommerce_loop_add_to_cart_link_describedby_79099\" class=\"screen-reader-text\">\n\t\t\t<\/span>\n<\/li>\n<\/ul>\n<\/div>[\/vc_column][\/vc_row]\n","protected":false},"excerpt":{"rendered":"<p>[vc_row type=&#8221;container&#8221; padding_top=&#8221;&#8221; padding_bottom=&#8221;&#8221;][vc_column width=&#8221;1\/2&#8243;][vc_column_text] EL WHISKY ORIGINAL PER A CADA OCASI\u00d3. El 1874, Southern Comfort va cobrar vida per un visionari que va seguir el seu propi cam\u00ed. M.W. Heron va pensar per qu\u00e8 el whisky havia de ser dur i aclaparador. Va imaginar una alternativa m\u00e9s suau i deliciosa. Combinant fruites d&#8217;os i [&hellip;]<\/p>\n","protected":false},"author":1,"featured_media":0,"parent":79267,"menu_order":0,"comment_status":"closed","ping_status":"closed","template":"page-full-width.php","meta":{"_acf_changed":false,"footnotes":""},"class_list":["post-79491","page","type-page","status-publish","hentry"],"acf":[],"aioseo_notices":[],"jetpack_sharing_enabled":true,"jetpack_shortlink":"https:\/\/wp.me\/PemYjf-kG7","_links":{"self":[{"href":"https:\/\/whisky.ad\/ca\/wp-json\/wp\/v2\/pages\/79491","targetHints":{"allow":["GET"]}}],"collection":[{"href":"https:\/\/whisky.ad\/ca\/wp-json\/wp\/v2\/pages"}],"about":[{"href":"https:\/\/whisky.ad\/ca\/wp-json\/wp\/v2\/types\/page"}],"author":[{"embeddable":true,"href":"https:\/\/whisky.ad\/ca\/wp-json\/wp\/v2\/users\/1"}],"replies":[{"embeddable":true,"href":"https:\/\/whisky.ad\/ca\/wp-json\/wp\/v2\/comments?post=79491"}],"version-history":[{"count":2,"href":"https:\/\/whisky.ad\/ca\/wp-json\/wp\/v2\/pages\/79491\/revisions"}],"predecessor-version":[{"id":79493,"href":"https:\/\/whisky.ad\/ca\/wp-json\/wp\/v2\/pages\/79491\/revisions\/79493"}],"up":[{"embeddable":true,"href":"https:\/\/whisky.ad\/ca\/wp-json\/wp\/v2\/pages\/79267"}],"wp:attachment":[{"href":"https:\/\/whisky.ad\/ca\/wp-json\/wp\/v2\/media?parent=79491"}],"curies":[{"name":"wp","href":"https:\/\/api.w.org\/{rel}","templated":true}]}}