{"id":79478,"date":"2022-12-16T11:19:06","date_gmt":"2022-12-16T10:19:06","guid":{"rendered":"https:\/\/whisky.ad\/whisky\/seagram\/"},"modified":"2023-12-16T12:05:26","modified_gmt":"2023-12-16T11:05:26","slug":"seagram","status":"publish","type":"page","link":"https:\/\/whisky.ad\/ca\/whisky\/seagram\/","title":{"rendered":"Seagram"},"content":{"rendered":"[vc_row type=&#8221;container&#8221; padding_top=&#8221;&#8221; padding_bottom=&#8221;&#8221;][vc_column width=&#8221;1\/2&#8243;][vc_column_text]Seagram Distillers EXPERTS DISTELLING I BLENDING El pr\u00f2sper bra\u00e7 de Seagram, el gegant canadenc de la destil\u00b7leria, especialitzat en l&#8217;art d&#8217;elaborar un whisky escoc\u00e8s excepcional. Seagram Distillers: una mirada m\u00e9s propera Com a filial de propietat total del reconegut tit\u00e0 canadenc de begudes Seagram, Seagram Distillers PLC es va establir per supervisar les empreses escoceses del conglomerat, incloses Chivas Brothers i Glenlivet Distillers. Procedent de la fam\u00edlia Bronfman, que va acumular la seva riquesa proporcionant alcohol als contrabandistes durant l&#8217;era de la prohibici\u00f3, aquesta empresa va tenir un paper fonamental en l&#8217;elevaci\u00f3 de la reputaci\u00f3 mundial del whisky escoc\u00e8s Chivas Regal. No obstant aix\u00f2, despr\u00e9s que una incursi\u00f3 en la ind\u00fastria de la m\u00fasica i l&#8217;entreteniment va suposar un important retroc\u00e9s, la firma es va dissoldre l&#8217;any 2001. Posteriorment, els seus valuosos actius de vins i licors van ser adquirits per Diageo i Pernod Ricard. Les arrels de Seagram Distillers La hist\u00f2ria de Seagram es remunta a l&#8217;any 1857 a Waterloo, Ontario, amb l&#8217;establiment de Joseph E. Seagram Co Ltd. M\u00e9s de mig segle despr\u00e9s, el 1928, els germans Bronfman, propietaris de Distillers Corporation Ltd, amb seu a Mont-real , va adquirir Seagram, transformant-la en una entitat reconeguda internacionalment. La Distillers Corporation, formada conjuntament per la fam\u00edlia Bronfman i Distillers Company Ltd (DCL), amb seu al Regne Unit, va gestionar la distribuci\u00f3 de les marques de whisky escoc\u00e8s de DCL al Canad\u00e0. Tamb\u00e9 va crear una separaci\u00f3 entre DCL i els contrabandistes que van adquirir legalment exist\u00e8ncies de whisky al Canad\u00e0, i despr\u00e9s els van introduir de contraban als EUA durant la Prohibici\u00f3. Despr\u00e9s que la prohibici\u00f3 va acabar el 1933, la fam\u00edlia Bronfman va adquirir les accions de DCL a la Distillers Corporation, buscant expandir el seu imperi de destil\u00b7leries. El 1935, sota el lideratge de Sam Bronfman, el gran dels germans Bronfman, Seagram Distillers Co. es va incorporar a Esc\u00f2cia. Aprofitant les connexions amb el corredor de whisky escoc\u00e8s Jimmy Barclay, la companyia va adquirir Robert Brown Ltd de Paisley, incl\u00f2s el seu important cach\u00e9 de whiskys madurs. L&#8217;any seg\u00fcent va ser testimoni de la incorporaci\u00f3 de Chivas Brothers a les participacions de Seagram, seguida de l&#8217;adquisici\u00f3 de la destil\u00b7leria Milton (anomenada Strathisla) i altres empreses amb valuoses accions de whisky. Per satisfer la creixent demanda de whisky, Seagram va construir Glen Keith, una destil\u00b7leria moderna adjacent a Strathisla, pionera en l&#8217;\u00fas del gas com a font de combustible. Paral\u00b7lelament, l&#8217;empresa va establir una nova seu, embotellament i complex d&#8217;emmagatzematge a prop de Paisley el 1949, complementat amb una altra instal\u00b7laci\u00f3 a Dalmuir, Clydebank, el 1970. Transici\u00f3 i expansi\u00f3 La mort de Sam Bronfman el 1971 va marcar la transfer\u00e8ncia del lideratge operatiu al seu fill, Edgar. . Aquesta \u00e8poca va ser testimoni de la planificaci\u00f3 i l&#8217;establiment final de la destil\u00b7leria Braes of Glenlivet (ara Braeval) el 1973, seguida de l&#8217;addici\u00f3 de la destil\u00b7leria Allt-a-Bhainne amb seu a Glenrinnes el 1975. El creixement va continuar el 1977 amb l&#8217;adquisici\u00f3 de Glenlivet Distillers. Ltd, un conglomerat format el 1970 a trav\u00e9s de la fusi\u00f3 de les destil\u00b7leries The Glenlivet, Glen Grant, Longmorn, Caperdonich i BenRiach, juntament amb el blender Hill, Thompson &amp; Co. d&#8217;Edimburg. Les marees canviants i la transformaci\u00f3 El juny de 1994, Edgar Bronfman Jr. va assumir el paper de CEO, aspirant a diversificar la cartera de Seagram aventurant-se a la ind\u00fastria del cinema i la televisi\u00f3. Aix\u00f2 va portar a l&#8217;adquisici\u00f3 de MCA, propietari d&#8217;Universal Pictures i parcs tem\u00e0tics, aix\u00ed com de Polygram i Deutsche Grammophon. L&#8217;any 2000, es va fer evident que l&#8217;incursi\u00f3 d&#8217;Edgar Jr. en l&#8217;entreteniment no havia donat els resultats esperats. Posteriorment, Seagram es va vendre al gegant franc\u00e8s de l&#8217;entreteniment Vivendi, la qual cosa va provocar la separaci\u00f3 de l&#8217;empresa. Els actius de vins i licors de Seagram van trobar noves llars amb Diageo i Pernod Ricard. L&#8217;oncle d&#8217;Edgar Jr. va caracteritzar la caiguda de Seagram com un &#8220;desastre i una trag\u00e8dia familiar&#8221;.[\/vc_column_text][\/vc_column][vc_column width=&#8221;1\/2&#8243;][vc_single_image image=&#8221;77181&#8243; img_size=&#8221;large&#8221;]<div class=\"woocommerce columns-4 \"><ul class=\"products columns-4\">\n<li class=\"product type-product post-80185 status-publish first instock product_cat-canada-ca product_cat-whisky-per-marca-ca product_cat-seagram-ca has-post-thumbnail taxable shipping-taxable purchasable product-type-simple\">\n\t<a href=\"https:\/\/whisky.ad\/ca\/producte\/seagrams-vo-whisky-0-7l-40\/\" class=\"woocommerce-LoopProduct-link woocommerce-loop-product__link\"><img loading=\"lazy\" decoding=\"async\" width=\"300\" height=\"300\" src=\"https:\/\/whisky.ad\/wp-content\/uploads\/2023\/07\/Seagram-VO-300x300.png\" class=\"attachment-woocommerce_thumbnail size-woocommerce_thumbnail\" alt=\"SEAGRAM\u00b4S VO WHISKY 0.7L 40%\" srcset=\"https:\/\/whisky.ad\/wp-content\/uploads\/2023\/07\/Seagram-VO-300x300.png 300w, https:\/\/whisky.ad\/wp-content\/uploads\/2023\/07\/Seagram-VO-500x500.png 500w, https:\/\/whisky.ad\/wp-content\/uploads\/2023\/07\/Seagram-VO-100x100.png 100w, https:\/\/whisky.ad\/wp-content\/uploads\/2023\/07\/Seagram-VO-150x150.png 150w, https:\/\/whisky.ad\/wp-content\/uploads\/2023\/07\/Seagram-VO-768x768.png 768w, https:\/\/whisky.ad\/wp-content\/uploads\/2023\/07\/Seagram-VO-1024x1024.png 1024w\" sizes=\"auto, (max-width: 300px) 100vw, 300px\" \/><h2 class=\"woocommerce-loop-product__title\">SEAGRAM\u00b4S VO WHISKY 0.7L 40%<\/h2>\n\t<span class=\"price\"><span class=\"woocommerce-Price-amount amount\"><bdi><span class=\"woocommerce-Price-currencySymbol\">&euro;<\/span>12.95<\/bdi><\/span><\/span>\n<\/a><a href=\"\/ca\/wp-json\/wp\/v2\/pages\/79478?add-to-cart=80185\" aria-describedby=\"woocommerce_loop_add_to_cart_link_describedby_80185\" data-quantity=\"1\" class=\"button product_type_simple add_to_cart_button ajax_add_to_cart\" data-product_id=\"80185\" data-product_sku=\"\" aria-label=\"Afegeix a la cistella: &ldquo;SEAGRAM\u00b4S VO WHISKY 0.7L 40%&rdquo;\" rel=\"nofollow\" data-success_message=\"&ldquo;SEAGRAM\u00b4S VO WHISKY 0.7L 40%&rdquo; s&#039;ha afegit a la vostra cistella\" title=\"Minimum qty is 1\">Afegeix a la cistella<\/a>\t<span id=\"woocommerce_loop_add_to_cart_link_describedby_80185\" class=\"screen-reader-text\">\n\t\t\t<\/span>\n<\/li>\n<\/ul>\n<\/div>[\/vc_column][\/vc_row]\n","protected":false},"excerpt":{"rendered":"<p>[vc_row type=&#8221;container&#8221; padding_top=&#8221;&#8221; padding_bottom=&#8221;&#8221;][vc_column width=&#8221;1\/2&#8243;][vc_column_text]Seagram Distillers EXPERTS DISTELLING I BLENDING El pr\u00f2sper bra\u00e7 de Seagram, el gegant canadenc de la destil\u00b7leria, especialitzat en l&#8217;art d&#8217;elaborar un whisky escoc\u00e8s excepcional. Seagram Distillers: una mirada m\u00e9s propera Com a filial de propietat total del reconegut tit\u00e0 canadenc de begudes Seagram, Seagram Distillers PLC es va establir per [&hellip;]<\/p>\n","protected":false},"author":1,"featured_media":0,"parent":79267,"menu_order":0,"comment_status":"closed","ping_status":"closed","template":"page-full-width.php","meta":{"_acf_changed":false,"footnotes":""},"class_list":["post-79478","page","type-page","status-publish","hentry"],"acf":[],"aioseo_notices":[],"jetpack_sharing_enabled":true,"jetpack_shortlink":"https:\/\/wp.me\/PemYjf-kFU","_links":{"self":[{"href":"https:\/\/whisky.ad\/ca\/wp-json\/wp\/v2\/pages\/79478","targetHints":{"allow":["GET"]}}],"collection":[{"href":"https:\/\/whisky.ad\/ca\/wp-json\/wp\/v2\/pages"}],"about":[{"href":"https:\/\/whisky.ad\/ca\/wp-json\/wp\/v2\/types\/page"}],"author":[{"embeddable":true,"href":"https:\/\/whisky.ad\/ca\/wp-json\/wp\/v2\/users\/1"}],"replies":[{"embeddable":true,"href":"https:\/\/whisky.ad\/ca\/wp-json\/wp\/v2\/comments?post=79478"}],"version-history":[{"count":3,"href":"https:\/\/whisky.ad\/ca\/wp-json\/wp\/v2\/pages\/79478\/revisions"}],"predecessor-version":[{"id":79481,"href":"https:\/\/whisky.ad\/ca\/wp-json\/wp\/v2\/pages\/79478\/revisions\/79481"}],"up":[{"embeddable":true,"href":"https:\/\/whisky.ad\/ca\/wp-json\/wp\/v2\/pages\/79267"}],"wp:attachment":[{"href":"https:\/\/whisky.ad\/ca\/wp-json\/wp\/v2\/media?parent=79478"}],"curies":[{"name":"wp","href":"https:\/\/api.w.org\/{rel}","templated":true}]}}