{"id":79466,"date":"2022-12-16T11:14:52","date_gmt":"2022-12-16T10:14:52","guid":{"rendered":"https:\/\/whisky.ad\/whisky\/sazerac\/"},"modified":"2023-12-16T11:49:08","modified_gmt":"2023-12-16T10:49:08","slug":"sazerac","status":"publish","type":"page","link":"https:\/\/whisky.ad\/ca\/whisky\/sazerac\/","title":{"rendered":"Sazerac"},"content":{"rendered":"[vc_row type=&#8221;container&#8221; padding_top=&#8221;&#8221; padding_bottom=&#8221;&#8221;][vc_column][vc_images_carousel images=&#8221;77454&#8243; img_size=&#8221;full&#8221;][vc_column_text]<strong>Un llegat que abasta gaireb\u00e9 400 anys: passat, present i m\u00e9s enll\u00e0<\/strong><\/p>\n<p>Amb una hist\u00f2ria enriquida per gaireb\u00e9 quatre segles, el nostre viatge encapsula un tap\u00eds de narracions notables, i la nostra traject\u00f2ria est\u00e0 preparada per a un futur encara m\u00e9s radiant. Des dels inicis, la nostra evoluci\u00f3 ha estat guiada per pedres fonamentals: un vigor emprenedor innat, una aspiraci\u00f3 a prosperar i una resili\u00e8ncia inquebrantable. Els nostres or\u00edgens estan profundament arrelats al regne Cognac de Fran\u00e7a, que posteriorment va obrir el cam\u00ed per a l&#8217;aparici\u00f3 de cafeteries i bars a Nova Orleans, l&#8217;ic\u00f2nic c\u00f2ctel Sazerac, i finalment va culminar amb la formaci\u00f3 de l&#8217;estimada entitat que ara coneixem com el Sazerac. Companyia. L&#8217;entusiasme pels nostres propers cap\u00edtols \u00e9s palpable, a mesura que ens embarquem en el nostre paper com a empresa global de begudes espirituoses principal compromesa a presentar les millors libaci\u00f3 del m\u00f3n als nostres valuosos mecenes. Al mateix temps, ens dediquem a fomentar un entorn de treball excepcional per al nostre equip i a mostrar una preocupaci\u00f3 sincera per les comunitats de les quals formem part integral. <\/p>\n<p><strong>1630 a 1800 &#8211; Regi\u00f3 de Cognac de Fran\u00e7a: els nostres or\u00edgens francesos<\/strong><\/p>\n<p>La nostra saga comen\u00e7a a la regi\u00f3 de Cognac a l&#8217;oest de Fran\u00e7a, on el nom de la fam\u00edlia Sazerac ha despertat admiraci\u00f3 i rever\u00e8ncia en el m\u00f3n dels esperits. L&#8217;hom\u00f2nim Sazerac de Forge et Fils va ser l&#8217;esperit original emprat en la creaci\u00f3 del c\u00f2ctel Sazerac i, posteriorment, es va convertir en sin\u00f2nim de la distingida cafeteria Sazerac. <\/p>\n<p><strong>1800 a 1850 &#8211; Nova Orleans: Sazerac arriba al Big Easy<\/strong><\/p>\n<p>El llegat de Sazerac s&#8217;est\u00e9n a Nova Orleans, on Sazerac De Forge Et Fils Cognac va trobar una llar i es va convertir r\u00e0pidament en un favorit local, donant lloc a diverses interpretacions de la Casa Sazerac. Situats al cor de la hist\u00f2rica Nova Orleans, aquests establiments, juntament amb els seus il\u00b7lustres propietaris i mecenes, van tenir un paper fonamental en la configuraci\u00f3 del paisatge de licors a l&#8217;engr\u00f2s que finalment es convertiria en la pr\u00f2spera Sazerac Company. <\/p>\n<p><strong>1900 a 1950 &#8211; Nova Orleans: la prohibici\u00f3 agita les coses<\/strong><\/p>\n<p>L&#8217;alba del segle XX va inaugurar l&#8217;era de creixement i expansi\u00f3, a mesura que la Companyia Sazerac va navegar pel paisatge din\u00e0mic de la ind\u00fastria dels begudes espirituoses. Aquest per\u00edode va veure el llan\u00e7ament de TAAKA Vodka, un entrant pioner al mercat nord-americ\u00e0, que es va convertir en una de les nostres marques m\u00e9s triomfals. <\/p>\n<p><strong>2000 a avui &#8211; Global: Sazerac Comes Full Circle<\/strong><\/p>\n<p>A mesura que ens endins\u00e0vem al segle XXI, la Companyia Sazerac es va embarcar en una traject\u00f2ria que va tancar el cercle, reconnectant amb les seves arrels alhora que s&#8217;embarcava en nous horitzons. Empreses com la compra de la destil\u00b7leria A. Smith Bowman, la introducci\u00f3 del whisky de s\u00e8gol Sazerac que recorda el seu hom\u00f2leg de la d\u00e8cada de 1880 i l&#8217;adquisici\u00f3 de marques i instal\u00b7lacions estimades van consolidar el nostre estatus com a pot\u00e8ncia global. A trav\u00e9s del seu viatge ric i divers, l&#8217;empresa Sazerac continua sent un testimoni de la resili\u00e8ncia, la innovaci\u00f3 i un llegat que abasta generacions. A mesura que ens embarcam en nous horitzons, portem endavant la torxa encesa fa gaireb\u00e9 400 anys, guiats per un comprom\u00eds inquebrantable amb l&#8217;excel\u00b7l\u00e8ncia, la comunitat i la recerca d&#8217;esperits excepcionals. El futur brilla m\u00e9s que mai mentre teixim el seg\u00fcent cap\u00edtol de la nostra narrativa perdurable.[\/vc_column_text]<div class=\"woocommerce columns-4 \"><ul class=\"products columns-4\">\n<li class=\"product type-product post-78675 status-publish first instock product_cat-kentucky-ca has-post-thumbnail taxable shipping-taxable purchasable product-type-simple\">\n\t<a href=\"https:\/\/whisky.ad\/ca\/producte\/e-h-taylor-small-batch-50-0-75l\/\" class=\"woocommerce-LoopProduct-link woocommerce-loop-product__link\"><img loading=\"lazy\" decoding=\"async\" width=\"300\" height=\"300\" src=\"https:\/\/whisky.ad\/wp-content\/uploads\/2023\/08\/eh-taylor-small-batch-desktop-bottle-1-300x300.png\" class=\"attachment-woocommerce_thumbnail size-woocommerce_thumbnail\" alt=\"E.H. Taylor Small Batch 50% 0.75l\" srcset=\"https:\/\/whisky.ad\/wp-content\/uploads\/2023\/08\/eh-taylor-small-batch-desktop-bottle-1-300x300.png 300w, https:\/\/whisky.ad\/wp-content\/uploads\/2023\/08\/eh-taylor-small-batch-desktop-bottle-1-500x500.png 500w, https:\/\/whisky.ad\/wp-content\/uploads\/2023\/08\/eh-taylor-small-batch-desktop-bottle-1-100x100.png 100w, https:\/\/whisky.ad\/wp-content\/uploads\/2023\/08\/eh-taylor-small-batch-desktop-bottle-1-150x150.png 150w, https:\/\/whisky.ad\/wp-content\/uploads\/2023\/08\/eh-taylor-small-batch-desktop-bottle-1-768x768.png 768w, https:\/\/whisky.ad\/wp-content\/uploads\/2023\/08\/eh-taylor-small-batch-desktop-bottle-1-1024x1024.png 1024w\" sizes=\"auto, (max-width: 300px) 100vw, 300px\" \/><h2 class=\"woocommerce-loop-product__title\">E.H. Taylor Small Batch 50% 0.75l<\/h2>\n\t<span class=\"price\"><span class=\"woocommerce-Price-amount amount\"><bdi><span class=\"woocommerce-Price-currencySymbol\">&euro;<\/span>69.95<\/bdi><\/span><\/span>\n<\/a><a href=\"\/ca\/wp-json\/wp\/v2\/pages\/79466?add-to-cart=78675\" aria-describedby=\"woocommerce_loop_add_to_cart_link_describedby_78675\" data-quantity=\"1\" class=\"button product_type_simple add_to_cart_button ajax_add_to_cart\" data-product_id=\"78675\" data-product_sku=\"\" aria-label=\"Afegeix a la cistella: &ldquo;E.H. Taylor Small Batch 50% 0.75l&rdquo;\" rel=\"nofollow\" data-success_message=\"&ldquo;E.H. Taylor Small Batch 50% 0.75l&rdquo; s&#039;ha afegit a la vostra cistella\" title=\"Minimum qty is 1\">Afegeix a la cistella<\/a>\t<span id=\"woocommerce_loop_add_to_cart_link_describedby_78675\" class=\"screen-reader-text\">\n\t\t\t<\/span>\n<\/li>\n<li class=\"product type-product post-79099 status-publish instock product_cat-kentucky-ca has-post-thumbnail taxable shipping-taxable purchasable product-type-simple\">\n\t<a href=\"https:\/\/whisky.ad\/ca\/producte\/southern-comfort-original-35-0-7l\/\" class=\"woocommerce-LoopProduct-link woocommerce-loop-product__link\"><img loading=\"lazy\" decoding=\"async\" width=\"300\" height=\"300\" src=\"https:\/\/whisky.ad\/wp-content\/uploads\/2023\/08\/download-10-300x300.jpeg\" class=\"attachment-woocommerce_thumbnail size-woocommerce_thumbnail\" alt=\"Southern Comfort Original 35% 0.7l\" srcset=\"https:\/\/whisky.ad\/wp-content\/uploads\/2023\/08\/download-10-300x300.jpeg 300w, https:\/\/whisky.ad\/wp-content\/uploads\/2023\/08\/download-10-500x500.jpeg 500w, https:\/\/whisky.ad\/wp-content\/uploads\/2023\/08\/download-10-100x100.jpeg 100w, https:\/\/whisky.ad\/wp-content\/uploads\/2023\/08\/download-10-150x150.jpeg 150w, https:\/\/whisky.ad\/wp-content\/uploads\/2023\/08\/download-10-768x768.jpeg 768w, https:\/\/whisky.ad\/wp-content\/uploads\/2023\/08\/download-10-1024x1024.jpeg 1024w\" sizes=\"auto, (max-width: 300px) 100vw, 300px\" \/><h2 class=\"woocommerce-loop-product__title\">Southern Comfort Original 35% 0.7l<\/h2>\n\t<span class=\"price\"><span class=\"woocommerce-Price-amount amount\"><bdi><span class=\"woocommerce-Price-currencySymbol\">&euro;<\/span>7.39<\/bdi><\/span><\/span>\n<\/a><a href=\"\/ca\/wp-json\/wp\/v2\/pages\/79466?add-to-cart=79099\" aria-describedby=\"woocommerce_loop_add_to_cart_link_describedby_79099\" data-quantity=\"1\" class=\"button product_type_simple add_to_cart_button ajax_add_to_cart\" data-product_id=\"79099\" data-product_sku=\"\" aria-label=\"Afegeix a la cistella: &ldquo;Southern Comfort Original 35% 0.7l&rdquo;\" rel=\"nofollow\" data-success_message=\"&ldquo;Southern Comfort Original 35% 0.7l&rdquo; s&#039;ha afegit a la vostra cistella\" title=\"Minimum qty is 1\">Afegeix a la cistella<\/a>\t<span id=\"woocommerce_loop_add_to_cart_link_describedby_79099\" class=\"screen-reader-text\">\n\t\t\t<\/span>\n<\/li>\n<li class=\"product type-product post-79095 status-publish instock product_cat-kentucky-ca has-post-thumbnail taxable shipping-taxable purchasable product-type-simple\">\n\t<a href=\"https:\/\/whisky.ad\/ca\/producte\/southern-comfort-black-40-1l\/\" class=\"woocommerce-LoopProduct-link woocommerce-loop-product__link\"><img loading=\"lazy\" decoding=\"async\" width=\"300\" height=\"300\" src=\"https:\/\/whisky.ad\/wp-content\/uploads\/2023\/08\/download-11-300x300.jpeg\" class=\"attachment-woocommerce_thumbnail size-woocommerce_thumbnail\" alt=\"Southern Comfort Black 40% 1l\" srcset=\"https:\/\/whisky.ad\/wp-content\/uploads\/2023\/08\/download-11-300x300.jpeg 300w, https:\/\/whisky.ad\/wp-content\/uploads\/2023\/08\/download-11-500x500.jpeg 500w, https:\/\/whisky.ad\/wp-content\/uploads\/2023\/08\/download-11-100x100.jpeg 100w, https:\/\/whisky.ad\/wp-content\/uploads\/2023\/08\/download-11-150x150.jpeg 150w, https:\/\/whisky.ad\/wp-content\/uploads\/2023\/08\/download-11-768x768.jpeg 768w, https:\/\/whisky.ad\/wp-content\/uploads\/2023\/08\/download-11-1024x1024.jpeg 1024w\" sizes=\"auto, (max-width: 300px) 100vw, 300px\" \/><h2 class=\"woocommerce-loop-product__title\">Southern Comfort Black 40% 1l<\/h2>\n\t<span class=\"price\"><span class=\"woocommerce-Price-amount amount\"><bdi><span class=\"woocommerce-Price-currencySymbol\">&euro;<\/span>9.49<\/bdi><\/span><\/span>\n<\/a><a href=\"\/ca\/wp-json\/wp\/v2\/pages\/79466?add-to-cart=79095\" aria-describedby=\"woocommerce_loop_add_to_cart_link_describedby_79095\" data-quantity=\"1\" class=\"button product_type_simple add_to_cart_button ajax_add_to_cart\" data-product_id=\"79095\" data-product_sku=\"\" aria-label=\"Afegeix a la cistella: &ldquo;Southern Comfort Black 40% 1l&rdquo;\" rel=\"nofollow\" data-success_message=\"&ldquo;Southern Comfort Black 40% 1l&rdquo; s&#039;ha afegit a la vostra cistella\" title=\"Minimum qty is 1\">Afegeix a la cistella<\/a>\t<span id=\"woocommerce_loop_add_to_cart_link_describedby_79095\" class=\"screen-reader-text\">\n\t\t\t<\/span>\n<\/li>\n<li class=\"product type-product post-79088 status-publish last instock product_cat-sazerac-ca product_cat-kentucky-ca has-post-thumbnail taxable shipping-taxable purchasable product-type-simple\">\n\t<a href=\"https:\/\/whisky.ad\/ca\/producte\/sazerac-rye-45-0-7l\/\" class=\"woocommerce-LoopProduct-link woocommerce-loop-product__link\"><img loading=\"lazy\" decoding=\"async\" width=\"300\" height=\"300\" src=\"https:\/\/whisky.ad\/wp-content\/uploads\/2023\/08\/download-8-1-300x300.jpeg\" class=\"attachment-woocommerce_thumbnail size-woocommerce_thumbnail\" alt=\"Sazerac Rye 45% 0.7l\" srcset=\"https:\/\/whisky.ad\/wp-content\/uploads\/2023\/08\/download-8-1-300x300.jpeg 300w, https:\/\/whisky.ad\/wp-content\/uploads\/2023\/08\/download-8-1-500x500.jpeg 500w, https:\/\/whisky.ad\/wp-content\/uploads\/2023\/08\/download-8-1-100x100.jpeg 100w, https:\/\/whisky.ad\/wp-content\/uploads\/2023\/08\/download-8-1-150x150.jpeg 150w, https:\/\/whisky.ad\/wp-content\/uploads\/2023\/08\/download-8-1-768x768.jpeg 768w, https:\/\/whisky.ad\/wp-content\/uploads\/2023\/08\/download-8-1-1024x1024.jpeg 1024w\" sizes=\"auto, (max-width: 300px) 100vw, 300px\" \/><h2 class=\"woocommerce-loop-product__title\">Sazerac Rye 45% 0.7l<\/h2>\n\t<span class=\"price\"><span class=\"woocommerce-Price-amount amount\"><bdi><span class=\"woocommerce-Price-currencySymbol\">&euro;<\/span>32.95<\/bdi><\/span><\/span>\n<\/a><a href=\"\/ca\/wp-json\/wp\/v2\/pages\/79466?add-to-cart=79088\" aria-describedby=\"woocommerce_loop_add_to_cart_link_describedby_79088\" data-quantity=\"1\" class=\"button product_type_simple add_to_cart_button ajax_add_to_cart\" data-product_id=\"79088\" data-product_sku=\"\" aria-label=\"Afegeix a la cistella: &ldquo;Sazerac Rye 45% 0.7l&rdquo;\" rel=\"nofollow\" data-success_message=\"&ldquo;Sazerac Rye 45% 0.7l&rdquo; s&#039;ha afegit a la vostra cistella\" title=\"Minimum qty is 1\">Afegeix a la cistella<\/a>\t<span id=\"woocommerce_loop_add_to_cart_link_describedby_79088\" class=\"screen-reader-text\">\n\t\t\t<\/span>\n<\/li>\n<li class=\"product type-product post-78678 status-publish first instock product_cat-kentucky-ca has-post-thumbnail taxable shipping-taxable purchasable product-type-simple\">\n\t<a href=\"https:\/\/whisky.ad\/ca\/producte\/eagle-rare-10yo-45-0-7l\/\" class=\"woocommerce-LoopProduct-link woocommerce-loop-product__link\"><img loading=\"lazy\" decoding=\"async\" width=\"300\" height=\"300\" src=\"https:\/\/whisky.ad\/wp-content\/uploads\/2023\/08\/download-12-300x300.jpeg\" class=\"attachment-woocommerce_thumbnail size-woocommerce_thumbnail\" alt=\"Eagle Rare 10yo 45% 0.7l\" srcset=\"https:\/\/whisky.ad\/wp-content\/uploads\/2023\/08\/download-12-300x300.jpeg 300w, https:\/\/whisky.ad\/wp-content\/uploads\/2023\/08\/download-12-500x500.jpeg 500w, https:\/\/whisky.ad\/wp-content\/uploads\/2023\/08\/download-12-100x100.jpeg 100w, https:\/\/whisky.ad\/wp-content\/uploads\/2023\/08\/download-12-150x150.jpeg 150w, https:\/\/whisky.ad\/wp-content\/uploads\/2023\/08\/download-12-768x768.jpeg 768w, https:\/\/whisky.ad\/wp-content\/uploads\/2023\/08\/download-12-1024x1024.jpeg 1024w\" sizes=\"auto, (max-width: 300px) 100vw, 300px\" \/><h2 class=\"woocommerce-loop-product__title\">Eagle Rare 10yo 45% 0.7l<\/h2>\n\t<span class=\"price\"><span class=\"woocommerce-Price-amount amount\"><bdi><span class=\"woocommerce-Price-currencySymbol\">&euro;<\/span>29.95<\/bdi><\/span><\/span>\n<\/a><a href=\"\/ca\/wp-json\/wp\/v2\/pages\/79466?add-to-cart=78678\" aria-describedby=\"woocommerce_loop_add_to_cart_link_describedby_78678\" data-quantity=\"1\" class=\"button product_type_simple add_to_cart_button ajax_add_to_cart\" data-product_id=\"78678\" data-product_sku=\"\" aria-label=\"Afegeix a la cistella: &ldquo;Eagle Rare 10yo 45% 0.7l&rdquo;\" rel=\"nofollow\" data-success_message=\"&ldquo;Eagle Rare 10yo 45% 0.7l&rdquo; s&#039;ha afegit a la vostra cistella\" title=\"Minimum qty is 1\">Afegeix a la cistella<\/a>\t<span id=\"woocommerce_loop_add_to_cart_link_describedby_78678\" class=\"screen-reader-text\">\n\t\t\t<\/span>\n<\/li>\n<li class=\"product type-product post-78535 status-publish instock product_cat-usa-ca product_cat-destacat product_cat-kentucky-ca has-post-thumbnail sale featured taxable shipping-taxable purchasable product-type-simple\">\n\t<a href=\"https:\/\/whisky.ad\/ca\/producte\/buffalo-trace-40-0-7l\/\" class=\"woocommerce-LoopProduct-link woocommerce-loop-product__link\">\n\t<span class=\"onsale\">Oferta!<\/span>\n\t<img loading=\"lazy\" decoding=\"async\" width=\"300\" height=\"300\" src=\"https:\/\/whisky.ad\/wp-content\/uploads\/2023\/08\/download-13-300x300.jpeg\" class=\"attachment-woocommerce_thumbnail size-woocommerce_thumbnail\" alt=\"Buffalo Trace 40% 0.7l\" srcset=\"https:\/\/whisky.ad\/wp-content\/uploads\/2023\/08\/download-13-300x300.jpeg 300w, https:\/\/whisky.ad\/wp-content\/uploads\/2023\/08\/download-13-500x500.jpeg 500w, https:\/\/whisky.ad\/wp-content\/uploads\/2023\/08\/download-13-100x100.jpeg 100w, https:\/\/whisky.ad\/wp-content\/uploads\/2023\/08\/download-13-150x150.jpeg 150w, https:\/\/whisky.ad\/wp-content\/uploads\/2023\/08\/download-13-768x768.jpeg 768w, https:\/\/whisky.ad\/wp-content\/uploads\/2023\/08\/download-13-1024x1024.jpeg 1024w\" sizes=\"auto, (max-width: 300px) 100vw, 300px\" \/><h2 class=\"woocommerce-loop-product__title\">Buffalo Trace 40% 0.7l<\/h2>\n\t<span class=\"price\"><del aria-hidden=\"true\"><span class=\"woocommerce-Price-amount amount\"><bdi><span class=\"woocommerce-Price-currencySymbol\">&euro;<\/span>17.95<\/bdi><\/span><\/del> <span class=\"screen-reader-text\">El preu original era: &euro;17.95.<\/span><ins aria-hidden=\"true\"><span class=\"woocommerce-Price-amount amount\"><bdi><span class=\"woocommerce-Price-currencySymbol\">&euro;<\/span>16.95<\/bdi><\/span><\/ins><span class=\"screen-reader-text\">El preu actual \u00e9s: &euro;16.95.<\/span><\/span>\n<\/a><a href=\"\/ca\/wp-json\/wp\/v2\/pages\/79466?add-to-cart=78535\" aria-describedby=\"woocommerce_loop_add_to_cart_link_describedby_78535\" data-quantity=\"1\" class=\"button product_type_simple add_to_cart_button ajax_add_to_cart\" data-product_id=\"78535\" data-product_sku=\"\" aria-label=\"Afegeix a la cistella: &ldquo;Buffalo Trace 40% 0.7l&rdquo;\" rel=\"nofollow\" data-success_message=\"&ldquo;Buffalo Trace 40% 0.7l&rdquo; s&#039;ha afegit a la vostra cistella\" title=\"Minimum qty is 1\">Afegeix a la cistella<\/a>\t<span id=\"woocommerce_loop_add_to_cart_link_describedby_78535\" class=\"screen-reader-text\">\n\t\t\t<\/span>\n<\/li>\n<\/ul>\n<\/div>[\/vc_column][\/vc_row]\n","protected":false},"excerpt":{"rendered":"<p>[vc_row type=&#8221;container&#8221; padding_top=&#8221;&#8221; padding_bottom=&#8221;&#8221;][vc_column][vc_images_carousel images=&#8221;77454&#8243; img_size=&#8221;full&#8221;][vc_column_text]Un llegat que abasta gaireb\u00e9 400 anys: passat, present i m\u00e9s enll\u00e0 Amb una hist\u00f2ria enriquida per gaireb\u00e9 quatre segles, el nostre viatge encapsula un tap\u00eds de narracions notables, i la nostra traject\u00f2ria est\u00e0 preparada per a un futur encara m\u00e9s radiant. Des dels inicis, la nostra evoluci\u00f3 ha estat [&hellip;]<\/p>\n","protected":false},"author":1,"featured_media":0,"parent":79267,"menu_order":0,"comment_status":"closed","ping_status":"closed","template":"page-full-width.php","meta":{"_acf_changed":false,"footnotes":""},"class_list":["post-79466","page","type-page","status-publish","hentry"],"acf":[],"aioseo_notices":[],"jetpack_sharing_enabled":true,"jetpack_shortlink":"https:\/\/wp.me\/PemYjf-kFI","_links":{"self":[{"href":"https:\/\/whisky.ad\/ca\/wp-json\/wp\/v2\/pages\/79466","targetHints":{"allow":["GET"]}}],"collection":[{"href":"https:\/\/whisky.ad\/ca\/wp-json\/wp\/v2\/pages"}],"about":[{"href":"https:\/\/whisky.ad\/ca\/wp-json\/wp\/v2\/types\/page"}],"author":[{"embeddable":true,"href":"https:\/\/whisky.ad\/ca\/wp-json\/wp\/v2\/users\/1"}],"replies":[{"embeddable":true,"href":"https:\/\/whisky.ad\/ca\/wp-json\/wp\/v2\/comments?post=79466"}],"version-history":[{"count":3,"href":"https:\/\/whisky.ad\/ca\/wp-json\/wp\/v2\/pages\/79466\/revisions"}],"predecessor-version":[{"id":79469,"href":"https:\/\/whisky.ad\/ca\/wp-json\/wp\/v2\/pages\/79466\/revisions\/79469"}],"up":[{"embeddable":true,"href":"https:\/\/whisky.ad\/ca\/wp-json\/wp\/v2\/pages\/79267"}],"wp:attachment":[{"href":"https:\/\/whisky.ad\/ca\/wp-json\/wp\/v2\/media?parent=79466"}],"curies":[{"name":"wp","href":"https:\/\/api.w.org\/{rel}","templated":true}]}}