{"id":79393,"date":"2022-12-04T11:33:23","date_gmt":"2022-12-04T10:33:23","guid":{"rendered":"https:\/\/whisky.ad\/whisky\/littlemill\/"},"modified":"2023-12-14T18:45:22","modified_gmt":"2023-12-14T17:45:22","slug":"littlemill","status":"publish","type":"page","link":"https:\/\/whisky.ad\/ca\/whisky\/littlemill\/","title":{"rendered":"LittleMill"},"content":{"rendered":"[vc_row type=&#8221;container&#8221; padding_top=&#8221;&#8221; padding_bottom=&#8221;&#8221;][vc_column width=&#8221;1\/2&#8243;][vc_column_text]<strong>La veritable hist\u00f2ria de Littlemill Distillery: un viatge a trav\u00e9s del temps<\/strong><\/p>\n<p><strong>Fa m\u00e9s de dos segles&#8230;<\/strong><\/p>\n<p>La hist\u00f2ria de Littlemill Distillery ens trasllada a una \u00e8poca de fa m\u00e9s de dos segles, l&#8217;any 1750, quan Archibald Buchanan va adquirir al seu germ\u00e0 Andrew la finca Auchentorlie situada a prop dels bancs de Loch Lomond. Juntament amb aquesta finca va venir una f\u00e0brica de cervesa coneguda com Littlemill. Aquesta adquisici\u00f3 va marcar l&#8217;inici d&#8217;un viatge extraordinari que donaria forma a la hist\u00f2ria del whisky escoc\u00e8s.  <\/p>\n<p><strong>La visi\u00f3 dels Buchanans<\/strong><\/p>\n<p>Al segle XV, la cervesa era una beguda popular i la cerveseria d&#8217;Auchentorlie subministrava begudes a diversos clients, inclosos els monjos de Paisley Abbey propers. Archibald i George Buchanan, per\u00f2, apuntaven m\u00e9s amunt. Aspiraven a crear quelcom m\u00e9s complex i valu\u00f3s. El 1772, van aconseguir establir la primera destil\u00b7leria de whisky amb llic\u00e8ncia d&#8217;Esc\u00f2cia, sent pioners en un llegat que perdura fins als nostres dies.   <\/p>\n<p><strong>El naixement de la destil\u00b7leria<\/strong><\/p>\n<p>El 1772, els Buchanan no nom\u00e9s havien aconseguit la seva visi\u00f3, sin\u00f3 que tamb\u00e9 havien erigit allotjaments per als oficials d&#8217;Excise al costat de la destil\u00b7leria. Aquests oficials asseguraven la documentaci\u00f3 adequada i la fiscalitat del proc\u00e9s de destil\u00b7laci\u00f3. Aix\u00f2 fa pensar que la destil\u00b7laci\u00f3 podria haver-se produ\u00eft de manera extraoficial al lloc fins i tot abans de l&#8217;establiment oficial de la destil\u00b7leria el 1772. La cerveseria associada al castell de Dunglass, a prop, podria haver estat produint licor des del segle XIV.   <\/p>\n<p><strong>La primera llic\u00e8ncia i m\u00e9s enll\u00e0<\/strong><\/p>\n<p>El 2 de novembre de 1773, Robert Muir de Littlemiln va rebre la llic\u00e8ncia inaugural pel govern del rei Jordi III per vendre al detall cervesa, cervesa i altres licors. Durant m\u00e9s de dos segles, la data &#8220;1772&#8221; va ser gravada amb orgull en un front\u00f3 d&#8217;un magatzem, simbolitzant la fundaci\u00f3 de Littlemill. Tanmateix, l&#8217;any 1994, la destil\u00b7leria va deixar de funcionar i els seus alambins van quedar en silenci. Les restes de la destil\u00b7leria van ser finalment destru\u00efdes per un incendi l&#8217;any 2004.   <\/p>\n<p><strong>Innovaci\u00f3 i evoluci\u00f3<\/strong><\/p>\n<p>El viatge de Littlemill va experimentar diversos canvis en la propietat i la innovaci\u00f3. En particular, l&#8217;empresari i qu\u00edmic nord-americ\u00e0 Duncan Thomas va revitalitzar la destil\u00b7leria el 1931, introduint nous enfocaments com ara alambins h\u00edbrids i diferents m\u00e8todes de destil\u00b7laci\u00f3. Littlemill es va convertir en un pioner en l&#8217;art de la destil\u00b7laci\u00f3, oferint tres estils diferents de malta: el tradicional whisky Littlemill Lowland, el Dumbuck de torba i el robust Dunglass.  <\/p>\n<p><strong>Llegat i Car\u00e0cter<\/strong><\/p>\n<p>Al llarg de la seva exist\u00e8ncia, Littlemill Distillery va ser coneguda per produir un whisky de malta de Lowland excepcional. Utilitzant aigua de Kilpatrick Hills i materials com la torba de Stornoway i la malta Perthshire, el whisky emanava sabors de vainilla, flors, mel i fruita. L&#8217;\u00faltim l\u00edquid de la destil\u00b7leria est\u00e0 ara protegit pel mestre batedor Michael Henry, que assegura que el llegat perdura en totes les expressions, portant l&#8217;ess\u00e8ncia de la destil\u00b7leria m\u00e9s antiga d&#8217;Esc\u00f2cia.  <\/p>\n<p><strong>L&#8217;Homenatge Final<\/strong><\/p>\n<p>De cara al futur, el llegat d&#8217;Archibald i George Buchanan continua. El mestre Blender Michael Henry seleccionar\u00e0 meticulosament les millors b\u00f3tes restants de whisky Littlemill per crear una s\u00e8rie limitada d&#8217;expressions, un homenatge al veritable car\u00e0cter de la destil\u00b7leria. Aquestes precioses ampolles ret homenatge al passat alhora que permeten a persones afortunats assaborir l&#8217;\u00faltim cap\u00edtol de la destil\u00b7leria m\u00e9s antiga d&#8217;Esc\u00f2cia. En aquestes \u00faltimes gotes de la destil\u00b7leria que va comen\u00e7ar fa segles, brindem pels Buchanan i la seva contribuci\u00f3 perdurable al m\u00f3n del whisky. Sl\u00e0inte mhath![\/vc_column_text][\/vc_column][vc_column width=&#8221;1\/2&#8243;][vc_single_image image=&#8221;76791&#8243; img_size=&#8221;medium&#8221;]<div class=\"woocommerce columns-4 \"><ul class=\"products columns-4\">\n<li class=\"product type-product post-78856 status-publish first instock product_cat-rar-i-colleccionable product_cat-whisky-per-marca-ca product_cat-escocia product_cat-littlemill-ca has-post-thumbnail purchasable product-type-simple\">\n\t<a href=\"https:\/\/whisky.ad\/ca\/producte\/littlemill-45yo-vanguard-collection-chapter-i\/\" class=\"woocommerce-LoopProduct-link woocommerce-loop-product__link\"><img loading=\"lazy\" decoding=\"async\" width=\"300\" height=\"300\" src=\"https:\/\/whisky.ad\/wp-content\/uploads\/2023\/08\/LM-VANGUARD-300x300.jpg\" class=\"attachment-woocommerce_thumbnail size-woocommerce_thumbnail\" alt=\"LittleMill 45yo Vanguard Collection Chapter I\" srcset=\"https:\/\/whisky.ad\/wp-content\/uploads\/2023\/08\/LM-VANGUARD-300x300.jpg 300w, https:\/\/whisky.ad\/wp-content\/uploads\/2023\/08\/LM-VANGUARD-500x500.jpg 500w, https:\/\/whisky.ad\/wp-content\/uploads\/2023\/08\/LM-VANGUARD-100x100.jpg 100w, https:\/\/whisky.ad\/wp-content\/uploads\/2023\/08\/LM-VANGUARD-150x150.jpg 150w, https:\/\/whisky.ad\/wp-content\/uploads\/2023\/08\/LM-VANGUARD-768x768.jpg 768w, https:\/\/whisky.ad\/wp-content\/uploads\/2023\/08\/LM-VANGUARD-1024x1024.jpg 1024w\" sizes=\"auto, (max-width: 300px) 100vw, 300px\" \/><h2 class=\"woocommerce-loop-product__title\">LittleMill 45yo Vanguard Collection Chapter I<\/h2>\n\t<span class=\"price\"><span class=\"woocommerce-Price-amount amount\"><bdi><span class=\"woocommerce-Price-currencySymbol\">&euro;<\/span>11,495.00<\/bdi><\/span><\/span>\n<\/a><a href=\"\/ca\/wp-json\/wp\/v2\/pages\/79393?add-to-cart=78856\" aria-describedby=\"woocommerce_loop_add_to_cart_link_describedby_78856\" data-quantity=\"1\" class=\"button product_type_simple add_to_cart_button ajax_add_to_cart\" data-product_id=\"78856\" data-product_sku=\"\" aria-label=\"Afegeix a la cistella: &ldquo;LittleMill 45yo Vanguard Collection Chapter I&rdquo;\" rel=\"nofollow\" data-success_message=\"&ldquo;LittleMill 45yo Vanguard Collection Chapter I&rdquo; s&#039;ha afegit a la vostra cistella\" title=\"Minimum qty is 1\">Afegeix a la cistella<\/a>\t<span id=\"woocommerce_loop_add_to_cart_link_describedby_78856\" class=\"screen-reader-text\">\n\t\t\t<\/span>\n<\/li>\n<li class=\"product type-product post-81124 status-publish instock product_cat-rar-i-colleccionable product_cat-escocia product_cat-littlemill-ca has-post-thumbnail taxable shipping-taxable purchasable product-type-simple\">\n\t<a href=\"https:\/\/whisky.ad\/ca\/producte\/littlemill-33-years-old-release-no-1-cask-reflections-0-7l-49-1\/\" class=\"woocommerce-LoopProduct-link woocommerce-loop-product__link\"><img loading=\"lazy\" decoding=\"async\" width=\"300\" height=\"300\" src=\"https:\/\/whisky.ad\/wp-content\/uploads\/2024\/12\/download-4-300x300.jpg\" class=\"attachment-woocommerce_thumbnail size-woocommerce_thumbnail\" alt=\"Littlemill 33 Years Old Release No.1 Cask Reflections  0.7l  49.1%\" srcset=\"https:\/\/whisky.ad\/wp-content\/uploads\/2024\/12\/download-4-300x300.jpg 300w, https:\/\/whisky.ad\/wp-content\/uploads\/2024\/12\/download-4-500x500.jpg 500w, https:\/\/whisky.ad\/wp-content\/uploads\/2024\/12\/download-4-100x100.jpg 100w, https:\/\/whisky.ad\/wp-content\/uploads\/2024\/12\/download-4-150x150.jpg 150w, https:\/\/whisky.ad\/wp-content\/uploads\/2024\/12\/download-4-768x768.jpg 768w, https:\/\/whisky.ad\/wp-content\/uploads\/2024\/12\/download-4-1024x1024.jpg 1024w\" sizes=\"auto, (max-width: 300px) 100vw, 300px\" \/><h2 class=\"woocommerce-loop-product__title\">Littlemill 33 Years Old Release No.1 Cask Reflections  0.7l  49.1%<\/h2>\n\t<span class=\"price\"><span class=\"woocommerce-Price-amount amount\"><bdi><span class=\"woocommerce-Price-currencySymbol\">&euro;<\/span>3,395.00<\/bdi><\/span><\/span>\n<\/a><a href=\"\/ca\/wp-json\/wp\/v2\/pages\/79393?add-to-cart=81124\" aria-describedby=\"woocommerce_loop_add_to_cart_link_describedby_81124\" data-quantity=\"1\" class=\"button product_type_simple add_to_cart_button ajax_add_to_cart\" data-product_id=\"81124\" data-product_sku=\"\" aria-label=\"Afegeix a la cistella: &ldquo;Littlemill 33 Years Old Release No.1 Cask Reflections  0.7l  49.1%&rdquo;\" rel=\"nofollow\" data-success_message=\"&ldquo;Littlemill 33 Years Old Release No.1 Cask Reflections  0.7l  49.1%&rdquo; s&#039;ha afegit a la vostra cistella\" title=\"Minimum qty is 1\">Afegeix a la cistella<\/a>\t<span id=\"woocommerce_loop_add_to_cart_link_describedby_81124\" class=\"screen-reader-text\">\n\t\t\t<\/span>\n<\/li>\n<\/ul>\n<\/div>[\/vc_column][\/vc_row]\n","protected":false},"excerpt":{"rendered":"<p>[vc_row type=&#8221;container&#8221; padding_top=&#8221;&#8221; padding_bottom=&#8221;&#8221;][vc_column width=&#8221;1\/2&#8243;][vc_column_text]La veritable hist\u00f2ria de Littlemill Distillery: un viatge a trav\u00e9s del temps Fa m\u00e9s de dos segles&#8230; La hist\u00f2ria de Littlemill Distillery ens trasllada a una \u00e8poca de fa m\u00e9s de dos segles, l&#8217;any 1750, quan Archibald Buchanan va adquirir al seu germ\u00e0 Andrew la finca Auchentorlie situada a prop dels [&hellip;]<\/p>\n","protected":false},"author":1,"featured_media":76791,"parent":79267,"menu_order":0,"comment_status":"closed","ping_status":"closed","template":"page-full-width.php","meta":{"_acf_changed":false,"footnotes":""},"class_list":["post-79393","page","type-page","status-publish","has-post-thumbnail","hentry"],"acf":[],"aioseo_notices":[],"jetpack_sharing_enabled":true,"jetpack_shortlink":"https:\/\/wp.me\/PemYjf-kEx","_links":{"self":[{"href":"https:\/\/whisky.ad\/ca\/wp-json\/wp\/v2\/pages\/79393","targetHints":{"allow":["GET"]}}],"collection":[{"href":"https:\/\/whisky.ad\/ca\/wp-json\/wp\/v2\/pages"}],"about":[{"href":"https:\/\/whisky.ad\/ca\/wp-json\/wp\/v2\/types\/page"}],"author":[{"embeddable":true,"href":"https:\/\/whisky.ad\/ca\/wp-json\/wp\/v2\/users\/1"}],"replies":[{"embeddable":true,"href":"https:\/\/whisky.ad\/ca\/wp-json\/wp\/v2\/comments?post=79393"}],"version-history":[{"count":3,"href":"https:\/\/whisky.ad\/ca\/wp-json\/wp\/v2\/pages\/79393\/revisions"}],"predecessor-version":[{"id":79396,"href":"https:\/\/whisky.ad\/ca\/wp-json\/wp\/v2\/pages\/79393\/revisions\/79396"}],"up":[{"embeddable":true,"href":"https:\/\/whisky.ad\/ca\/wp-json\/wp\/v2\/pages\/79267"}],"wp:featuredmedia":[{"embeddable":true,"href":"https:\/\/whisky.ad\/ca\/wp-json\/wp\/v2\/media\/76791"}],"wp:attachment":[{"href":"https:\/\/whisky.ad\/ca\/wp-json\/wp\/v2\/media?parent=79393"}],"curies":[{"name":"wp","href":"https:\/\/api.w.org\/{rel}","templated":true}]}}