{"id":79368,"date":"2022-12-04T11:32:05","date_gmt":"2022-12-04T10:32:05","guid":{"rendered":"https:\/\/whisky.ad\/whisky\/glen-kirk\/"},"modified":"2023-12-14T18:09:11","modified_gmt":"2023-12-14T17:09:11","slug":"glen-kirk","status":"publish","type":"page","link":"https:\/\/whisky.ad\/ca\/whisky\/glen-kirk\/","title":{"rendered":"Glen Kirk"},"content":{"rendered":"[vc_row type=&#8221;container&#8221; padding_top=&#8221;&#8221; padding_bottom=&#8221;&#8221;][vc_column width=&#8221;2\/3&#8243;][vc_column_text]\n<div class=\"flex flex-grow flex-col gap-3\">\n<div class=\"min-h-[20px] flex flex-col items-start gap-4 whitespace-pre-wrap break-words\">\n<div class=\"markdown prose w-full break-words dark:prose-invert light\">\n<p><strong>Glen Kirk Speyside Single Malt Whisky (Tomintoul Distillery)<br \/>\n<\/strong><\/p>\n<p>&nbsp;<\/p>\n<p>Glen Kirk s&#8217;enorgulleix de les seves arrels, ja que deriva el seu nom dels pintorescs vals situats a les Highlands d&#8217;Esc\u00f2cia. Aquestes valls s\u00f3n conegudes per la seva magn\u00edfica pesca de salm\u00f3 al llarg del riu Spey i la pres\u00e8ncia d&#8217;excepcionals destil\u00b7leries de malta. \u00c9s en aquestes valls on es poden trobar moltes esgl\u00e9sies o Kirks hist\u00f2riques. El terme &#8220;Kirk&#8221; prov\u00e9 del n\u00f2rdic antic i de l&#8217;angl\u00e8s antic, que significa un lloc de culte. Glen Kirk Speyside Single Malt Scotch Whisky Aged 12 Years abra\u00e7a aquest ric rerefons hist\u00f2ric, evocant l&#8217;ess\u00e8ncia de l&#8217;her\u00e8ncia tradicional de Speyside que est\u00e0 profundament arrelada en aquest exquisit whisky escoc\u00e8s single malt. Nota de tast: Glen Kirk Aged 12 Years sedueix el paladar amb els seus sabors exuberants de dol\u00e7or arrodonida, acompanyats d&#8217;atractius matisos especiats. El viatge culmina amb un final durador i crem\u00f3s, deixant una impressi\u00f3 duradora del seu car\u00e0cter refinat. Amb un alcohol per volum (ABV) del 40%, aquesta expressi\u00f3 de Tomintoul Distillery mostra l&#8217;artesania i l&#8217;experi\u00e8ncia per crear aquest whisky excepcional.   <\/p>\n<\/div>\n<\/div>\n<\/div>\n[\/vc_column_text][\/vc_column][vc_column width=&#8221;1\/3&#8243;][vc_single_image image=&#8221;75330&#8243; img_size=&#8221;medium&#8221; alignment=&#8221;right&#8221;][\/vc_column][\/vc_row]\n","protected":false},"excerpt":{"rendered":"<p>[vc_row type=&#8221;container&#8221; padding_top=&#8221;&#8221; padding_bottom=&#8221;&#8221;][vc_column width=&#8221;2\/3&#8243;][vc_column_text] Glen Kirk Speyside Single Malt Whisky (Tomintoul Distillery) &nbsp; Glen Kirk s&#8217;enorgulleix de les seves arrels, ja que deriva el seu nom dels pintorescs vals situats a les Highlands d&#8217;Esc\u00f2cia. Aquestes valls s\u00f3n conegudes per la seva magn\u00edfica pesca de salm\u00f3 al llarg del riu Spey i la pres\u00e8ncia d&#8217;excepcionals [&hellip;]<\/p>\n","protected":false},"author":1,"featured_media":75330,"parent":79267,"menu_order":0,"comment_status":"closed","ping_status":"closed","template":"","meta":{"_acf_changed":false,"footnotes":""},"class_list":["post-79368","page","type-page","status-publish","has-post-thumbnail","hentry"],"acf":[],"aioseo_notices":[],"jetpack_sharing_enabled":true,"jetpack_shortlink":"https:\/\/wp.me\/PemYjf-kE8","_links":{"self":[{"href":"https:\/\/whisky.ad\/ca\/wp-json\/wp\/v2\/pages\/79368","targetHints":{"allow":["GET"]}}],"collection":[{"href":"https:\/\/whisky.ad\/ca\/wp-json\/wp\/v2\/pages"}],"about":[{"href":"https:\/\/whisky.ad\/ca\/wp-json\/wp\/v2\/types\/page"}],"author":[{"embeddable":true,"href":"https:\/\/whisky.ad\/ca\/wp-json\/wp\/v2\/users\/1"}],"replies":[{"embeddable":true,"href":"https:\/\/whisky.ad\/ca\/wp-json\/wp\/v2\/comments?post=79368"}],"version-history":[{"count":3,"href":"https:\/\/whisky.ad\/ca\/wp-json\/wp\/v2\/pages\/79368\/revisions"}],"predecessor-version":[{"id":79371,"href":"https:\/\/whisky.ad\/ca\/wp-json\/wp\/v2\/pages\/79368\/revisions\/79371"}],"up":[{"embeddable":true,"href":"https:\/\/whisky.ad\/ca\/wp-json\/wp\/v2\/pages\/79267"}],"wp:featuredmedia":[{"embeddable":true,"href":"https:\/\/whisky.ad\/ca\/wp-json\/wp\/v2\/media\/75330"}],"wp:attachment":[{"href":"https:\/\/whisky.ad\/ca\/wp-json\/wp\/v2\/media?parent=79368"}],"curies":[{"name":"wp","href":"https:\/\/api.w.org\/{rel}","templated":true}]}}