{"id":79356,"date":"2022-12-04T11:31:12","date_gmt":"2022-12-04T10:31:12","guid":{"rendered":"https:\/\/whisky.ad\/whisky\/glencadam\/"},"modified":"2023-12-14T18:06:37","modified_gmt":"2023-12-14T17:06:37","slug":"glencadam","status":"publish","type":"page","link":"https:\/\/whisky.ad\/ca\/whisky\/glencadam\/","title":{"rendered":"Glencadam"},"content":{"rendered":"[vc_row type=&#8221;container&#8221; padding_top=&#8221;&#8221; padding_bottom=&#8221;&#8221;][vc_column][vc_single_image image=&#8221;77403&#8243; img_size=&#8221;full&#8221; alignment=&#8221;right&#8221;][vc_column_text]\n<div class=\"flex flex-grow flex-col gap-3\">\n<div class=\"min-h-[20px] flex flex-col items-start gap-4 whitespace-pre-wrap break-words\">\n<div class=\"markdown prose w-full break-words dark:prose-invert light\">\n<p><strong>Glencadam Highland Single Malt<\/strong><\/p>\n<p>&nbsp;<\/p>\n<p>La destil\u00b7leria Glencadam t\u00e9 una rica hist\u00f2ria que es remunta a la seva creaci\u00f3 l&#8217;any 1825, situada a l&#8217;antiga ciutat de Brechin. Aquest va ser un any transcendental que va veure esdeveniments significatius, com la introducci\u00f3 d&#8217;omnibusos tirats per cavalls a Londres, l&#8217;obertura del primer ferrocarril modern del m\u00f3n, el cultiu de pomes Cox&#8217;s Orange Pippin i Londres es va convertir en la ciutat m\u00e9s gran del m\u00f3n, superant Pequ\u00edn. Tamb\u00e9 va ser una \u00e8poca en qu\u00e8 la Llei d&#8217;Excise de 1823 va legalitzar la destil\u00b7laci\u00f3. Avui dia, Glencadam \u00e9s l&#8217;\u00fanica destil\u00b7leria del comtat d&#8217;Angus, situada a la regi\u00f3 de Highlands d&#8217;Esc\u00f2cia. El propietari inicial, conegut com &#8220;Mr. Cooper&#8221;, va vendre la destil\u00b7leria l&#8217;any 1827. El nom &#8220;Glencadam&#8221; prov\u00e9 de la zona anomenada &#8220;The Tenements of Caldhame&#8221;, que comprenia parcel\u00b7les de terra assignades als burgs de Brechin per a la producci\u00f3 d&#8217;aliments. Aquestes parcel\u00b7les estaven situades prop del Den Burn, on avui hi ha la destil\u00b7leria. Al llarg de la seva hist\u00f2ria, Glencadam va tenir diversos propietaris. De 1827 a 1891, va ser propietat de David Scott i els seus descendents, que van llogar la destil\u00b7leria a diferents destil\u00b7ladors durant aquest per\u00edode. La destil\u00b7leria va experimentar canvis de propietat durant les d\u00e8cades seg\u00fcents. Durant les dues guerres mundials, Glencadam es va tancar temporalment i els magatzems es van reutilitzar per acollir soldats. N&#8217;hi ha una prova encara avui, amb una marca a l&#8217;herba prop del Magatzem n\u00famero 2, on hi havia la comissaria dels soldats. A la d\u00e8cada de 1950, Hiram Walker, m\u00e9s tard conegut com a Allied Domeq, va comprar Glencadam, que finalment va tancar la destil\u00b7leria l&#8217;any 2000. El whisky Glencadam Single Malt sempre ha estat molt considerat per la seva qualitat excepcional i va ser buscat per barrejar-se amb alguns dels m\u00e9s grans del m\u00f3n. whiskys de prestigi. L&#8217;1 de juny de 2003, Glencadam va ser adquirida per Angus Dundee Distillers, una empresa escocesa independent. La producci\u00f3 a la destil\u00b7leria es va reprendre immediatament i el desembre de 2005, Glencadam va llan\u00e7ar el seu primer producte de malta individual, Glencadam Single Malt Scotch Whisky Aged 15 Years. El novembre de 2009, es va tornar a llan\u00e7ar amb nous envasos, juntament amb la introducci\u00f3 d&#8217;una expressi\u00f3 de 10 anys. La gamma de whiskies de Glencadam ha obtingut nombrosos premis i reconeixements. La col\u00b7lecci\u00f3 inclou les expressions 10, 15 i 21 Anys, aix\u00ed com acabats especials com l&#8217;Aged 12 Years Old Portwood i Aged 14 Years Oloroso cask. El comprom\u00eds de la destil\u00b7leria amb l&#8217;excel\u00b7l\u00e8ncia ha estat reconegut, amb \u00e8xits recents, com ara el guanyador de la categoria als World Whisky Awards per a l&#8217;expressi\u00f3 de 10 anys i un premi Masters per a l&#8217;excepcional jove de 17 anys.  <\/p>\n<\/div>\n<\/div>\n<\/div>\n[\/vc_column_text][\/vc_column][\/vc_row][vc_row type=&#8221;container&#8221; padding_top=&#8221;&#8221; padding_bottom=&#8221;&#8221;][vc_column]<div class=\"woocommerce columns-4 \"><ul class=\"products columns-4\">\n<li class=\"product type-product post-80132 status-publish first instock product_cat-rar-i-colleccionable product_cat-glencadam-ca product_cat-escocia has-post-thumbnail taxable shipping-taxable product-type-simple\">\n\t<a href=\"https:\/\/whisky.ad\/ca\/producte\/glencadam-25-years-old\/\" class=\"woocommerce-LoopProduct-link woocommerce-loop-product__link\"><img loading=\"lazy\" decoding=\"async\" width=\"300\" height=\"300\" src=\"https:\/\/whisky.ad\/wp-content\/uploads\/2023\/08\/GC25-300x300.webp\" class=\"attachment-woocommerce_thumbnail size-woocommerce_thumbnail\" alt=\"Glencadam 25 Years Old (contact us!)\" srcset=\"https:\/\/whisky.ad\/wp-content\/uploads\/2023\/08\/GC25-300x300.webp 300w, https:\/\/whisky.ad\/wp-content\/uploads\/2023\/08\/GC25-500x500.webp 500w, https:\/\/whisky.ad\/wp-content\/uploads\/2023\/08\/GC25-100x100.webp 100w, https:\/\/whisky.ad\/wp-content\/uploads\/2023\/08\/GC25-150x150.webp 150w, https:\/\/whisky.ad\/wp-content\/uploads\/2023\/08\/GC25-768x768.webp 768w, https:\/\/whisky.ad\/wp-content\/uploads\/2023\/08\/GC25-1024x1024.webp 1024w\" sizes=\"auto, (max-width: 300px) 100vw, 300px\" \/><h2 class=\"woocommerce-loop-product__title\">Glencadam 25 Years Old (contact us!)<\/h2>\n<\/a><a href=\"https:\/\/whisky.ad\/ca\/producte\/glencadam-25-years-old\/\" aria-describedby=\"woocommerce_loop_add_to_cart_link_describedby_80132\" data-quantity=\"1\" class=\"button product_type_simple\" data-product_id=\"80132\" data-product_sku=\"\" aria-label=\"M\u00e9s informaci\u00f3 sobre &ldquo;Glencadam 25 Years Old (contact us!)&rdquo;\" rel=\"nofollow\" data-success_message=\"\" title=\"Minimum qty is 1\">Llegeix m\u00e9s<\/a>\t<span id=\"woocommerce_loop_add_to_cart_link_describedby_80132\" class=\"screen-reader-text\">\n\t\t\t<\/span>\n<\/li>\n<\/ul>\n<\/div>[\/vc_column][\/vc_row]\n","protected":false},"excerpt":{"rendered":"<p>[vc_row type=&#8221;container&#8221; padding_top=&#8221;&#8221; padding_bottom=&#8221;&#8221;][vc_column][vc_single_image image=&#8221;77403&#8243; img_size=&#8221;full&#8221; alignment=&#8221;right&#8221;][vc_column_text] Glencadam Highland Single Malt &nbsp; La destil\u00b7leria Glencadam t\u00e9 una rica hist\u00f2ria que es remunta a la seva creaci\u00f3 l&#8217;any 1825, situada a l&#8217;antiga ciutat de Brechin. Aquest va ser un any transcendental que va veure esdeveniments significatius, com la introducci\u00f3 d&#8217;omnibusos tirats per cavalls a Londres, l&#8217;obertura [&hellip;]<\/p>\n","protected":false},"author":1,"featured_media":77403,"parent":79267,"menu_order":0,"comment_status":"closed","ping_status":"closed","template":"","meta":{"_acf_changed":false,"footnotes":""},"class_list":["post-79356","page","type-page","status-publish","has-post-thumbnail","hentry"],"acf":[],"aioseo_notices":[],"jetpack_sharing_enabled":true,"jetpack_shortlink":"https:\/\/wp.me\/PemYjf-kDW","_links":{"self":[{"href":"https:\/\/whisky.ad\/ca\/wp-json\/wp\/v2\/pages\/79356","targetHints":{"allow":["GET"]}}],"collection":[{"href":"https:\/\/whisky.ad\/ca\/wp-json\/wp\/v2\/pages"}],"about":[{"href":"https:\/\/whisky.ad\/ca\/wp-json\/wp\/v2\/types\/page"}],"author":[{"embeddable":true,"href":"https:\/\/whisky.ad\/ca\/wp-json\/wp\/v2\/users\/1"}],"replies":[{"embeddable":true,"href":"https:\/\/whisky.ad\/ca\/wp-json\/wp\/v2\/comments?post=79356"}],"version-history":[{"count":3,"href":"https:\/\/whisky.ad\/ca\/wp-json\/wp\/v2\/pages\/79356\/revisions"}],"predecessor-version":[{"id":79359,"href":"https:\/\/whisky.ad\/ca\/wp-json\/wp\/v2\/pages\/79356\/revisions\/79359"}],"up":[{"embeddable":true,"href":"https:\/\/whisky.ad\/ca\/wp-json\/wp\/v2\/pages\/79267"}],"wp:featuredmedia":[{"embeddable":true,"href":"https:\/\/whisky.ad\/ca\/wp-json\/wp\/v2\/media\/77403"}],"wp:attachment":[{"href":"https:\/\/whisky.ad\/ca\/wp-json\/wp\/v2\/media?parent=79356"}],"curies":[{"name":"wp","href":"https:\/\/api.w.org\/{rel}","templated":true}]}}