{"id":79344,"date":"2022-12-04T11:30:27","date_gmt":"2022-12-04T10:30:27","guid":{"rendered":"https:\/\/whisky.ad\/whisky\/fireball\/"},"modified":"2023-12-14T17:58:48","modified_gmt":"2023-12-14T16:58:48","slug":"fireball","status":"publish","type":"page","link":"https:\/\/whisky.ad\/ca\/whisky\/fireball\/","title":{"rendered":"Fireball"},"content":{"rendered":"[vc_row type=&#8221;container&#8221; padding_top=&#8221;&#8221; padding_bottom=&#8221;&#8221;][vc_column width=&#8221;2\/3&#8243;][vc_column_text]\n<div class=\"flex flex-grow flex-col gap-3\">\n<div class=\"min-h-[20px] flex flex-col items-start gap-4 whitespace-pre-wrap break-words\">\n<div class=\"markdown prose w-full break-words dark:prose-invert light\">\n<p><strong>Fireball Whisky<\/strong><\/p>\n<p>&nbsp;<\/p>\n<p>Fireball Whisky \u00e9s un licor notable barrejat amb canyella i whisky, que ofereix una experi\u00e8ncia de gust \u00fanica i estimulant. La seva base suau de whisky est\u00e0 impregnada d&#8217;una punta de canyella vermella, creant un equilibri perfecte de sabors. Es gaudeix millor directament del congelador com un xut gelat, el whisky Fireball \u00e9s una addici\u00f3 sensacional a qualsevol reuni\u00f3, donant esp\u00e8cies i alegria a cada ambient de festa. Prepareu-vos per trobar l&#8217;ess\u00e8ncia d&#8217;un drac que respira foc que acaba de devorar un barril de whisky picant amb infusi\u00f3 de canyella. Per a aquells que busquen una opci\u00f3 m\u00e9s llarga i refrescant, el Fireball Whisky harmonitza espl\u00e8ndidament amb el suc de poma ennuvolat, produint un c\u00f2ctel delici\u00f3s amb gust de past\u00eds de poma. Simplement aboqueu 50 ml o 5 cl de Fireball en un got alt ple de gel i, a continuaci\u00f3, ompliu-lo amb suc de poma t\u00e8rbol. Per obtenir un toc extra, guarniu amb una rodanxa de poma. Aquesta deliciosa barreja \u00e9s una beguda d&#8217;estiu perfecta. Fireball Whisky \u00e9s un licor barrejat amb whisky canadenc i sabors naturals de canyella, dissenyat espec\u00edficament per encendre les festes i crear l&#8217;ambient per a una ocasi\u00f3 memorable. Tant si es consumeix directament, a les roques o s&#8217;utilitza per afegir car\u00e0cter a una beguda o c\u00f2ctel combinat, el whisky Fireball ofereix un sabor ardent i robust. Amb un alcohol en volum (ABV) del 33%, \u00e9s important gaudir d&#8217;aquesta beguda espirituosa de manera responsable. Nota: Fireball Cinnamon Whisky va guanyar la medalla de bronze distingida a la competici\u00f3 del millor licor de whisky de San Francisco de 2010, consolidant la seva reputaci\u00f3 com una opci\u00f3 excepcional per als entusiastes del whisky. <\/p>\n<\/div>\n<\/div>\n<\/div>\n<div class=\"flex justify-between lg:block\">\n<div class=\"text-gray-400 flex self-end lg:self-center justify-center mt-2 gap-2 md:gap-3 lg:gap-1 lg:absolute lg:top-0 lg:translate-x-full lg:right-0 lg:mt-0 lg:pl-2 visible\"><\/div>\n<\/div>\n[\/vc_column_text][\/vc_column][vc_column width=&#8221;1\/3&#8243;][vc_single_image image=&#8221;77577&#8243; img_size=&#8221;large&#8221;][\/vc_column][\/vc_row]\n","protected":false},"excerpt":{"rendered":"<p>[vc_row type=&#8221;container&#8221; padding_top=&#8221;&#8221; padding_bottom=&#8221;&#8221;][vc_column width=&#8221;2\/3&#8243;][vc_column_text] Fireball Whisky &nbsp; Fireball Whisky \u00e9s un licor notable barrejat amb canyella i whisky, que ofereix una experi\u00e8ncia de gust \u00fanica i estimulant. La seva base suau de whisky est\u00e0 impregnada d&#8217;una punta de canyella vermella, creant un equilibri perfecte de sabors. Es gaudeix millor directament del congelador com un [&hellip;]<\/p>\n","protected":false},"author":1,"featured_media":76275,"parent":79267,"menu_order":0,"comment_status":"closed","ping_status":"closed","template":"","meta":{"_acf_changed":false,"footnotes":""},"class_list":["post-79344","page","type-page","status-publish","has-post-thumbnail","hentry"],"acf":[],"aioseo_notices":[],"jetpack_sharing_enabled":true,"jetpack_shortlink":"https:\/\/wp.me\/PemYjf-kDK","_links":{"self":[{"href":"https:\/\/whisky.ad\/ca\/wp-json\/wp\/v2\/pages\/79344","targetHints":{"allow":["GET"]}}],"collection":[{"href":"https:\/\/whisky.ad\/ca\/wp-json\/wp\/v2\/pages"}],"about":[{"href":"https:\/\/whisky.ad\/ca\/wp-json\/wp\/v2\/types\/page"}],"author":[{"embeddable":true,"href":"https:\/\/whisky.ad\/ca\/wp-json\/wp\/v2\/users\/1"}],"replies":[{"embeddable":true,"href":"https:\/\/whisky.ad\/ca\/wp-json\/wp\/v2\/comments?post=79344"}],"version-history":[{"count":3,"href":"https:\/\/whisky.ad\/ca\/wp-json\/wp\/v2\/pages\/79344\/revisions"}],"predecessor-version":[{"id":79347,"href":"https:\/\/whisky.ad\/ca\/wp-json\/wp\/v2\/pages\/79344\/revisions\/79347"}],"up":[{"embeddable":true,"href":"https:\/\/whisky.ad\/ca\/wp-json\/wp\/v2\/pages\/79267"}],"wp:featuredmedia":[{"embeddable":true,"href":"https:\/\/whisky.ad\/ca\/wp-json\/wp\/v2\/media\/76275"}],"wp:attachment":[{"href":"https:\/\/whisky.ad\/ca\/wp-json\/wp\/v2\/media?parent=79344"}],"curies":[{"name":"wp","href":"https:\/\/api.w.org\/{rel}","templated":true}]}}