{"id":79332,"date":"2022-12-04T11:29:43","date_gmt":"2022-12-04T10:29:43","guid":{"rendered":"https:\/\/whisky.ad\/whisky\/eagle-rare\/"},"modified":"2023-12-14T17:37:45","modified_gmt":"2023-12-14T16:37:45","slug":"eagle-rare","status":"publish","type":"page","link":"https:\/\/whisky.ad\/ca\/whisky\/eagle-rare\/","title":{"rendered":"Eagle Rare"},"content":{"rendered":"[vc_row type=&#8221;container&#8221; padding_top=&#8221;&#8221; padding_bottom=&#8221;&#8221;][vc_column][vc_images_carousel images=&#8221;77418&#8243; img_size=&#8221;full&#8221;][vc_column_text]<strong>Eagle Rare 10 Year Kentucky Straight Bourbon Whiskey<\/strong><\/p>\n<p>&nbsp;<\/p>\n<p><strong>Eagle Rare 10 Years Kentucky Straight Bourbon Whisky<\/strong>, una obra mestra d&#8217;artesania i experi\u00e8ncia. Envellit minuciosament durant un m\u00ednim de deu anys, aquest bourbon exemplifica la raresa i la distinci\u00f3. Prepareu-vos per embarcar-vos en un viatge d&#8217;aromes complexes i un sabor suau i persistent que distingeix Eagle Rare. Submergeix els teus sentits en les notes intricades que es desenvolupen amb cada glop. El nas revela una combinaci\u00f3 captivadora de toffee, subtils tocs de pell de taronja, matisos d&#8217;herbes, mel, cuir i roure. Al paladar, emergeixen sabors atrevits i secs, que mostren una deliciosa interacci\u00f3 d&#8217;ametlles confitades i cacau decadent. El final deixa una impressi\u00f3 duradora, caracteritzada pel seu car\u00e0cter sec i persistent. Eagle Rare fa honor al seu nom i ofereix una experi\u00e8ncia gustativa que assoleix cotes notables. El reconegut cr\u00edtic de begudes espirituoses Paul Pacult de The Spirit Journal ho descriu com: &#8220;F\u00e0cilment un dels bourbons m\u00e9s t\u00e0ctils per\u00f2 assertius i expressius que he tastat en els darrers dos anys; corba&#8217;t el cintur\u00f3 de seguretat&#8221;. Abra\u00e7a l&#8217;extrao[\/vc_column_text]<div class=\"woocommerce \"><ul class=\"products columns-3\">\n<li class=\"product type-product post-78678 status-publish first instock product_cat-kentucky-ca has-post-thumbnail taxable shipping-taxable purchasable product-type-simple\">\n\t<a href=\"https:\/\/whisky.ad\/ca\/producte\/eagle-rare-10yo-45-0-7l\/\" class=\"woocommerce-LoopProduct-link woocommerce-loop-product__link\"><img loading=\"lazy\" decoding=\"async\" width=\"300\" height=\"300\" src=\"https:\/\/whisky.ad\/wp-content\/uploads\/2023\/08\/download-12-300x300.jpeg\" class=\"attachment-woocommerce_thumbnail size-woocommerce_thumbnail\" alt=\"Eagle Rare 10yo 45% 0.7l\" srcset=\"https:\/\/whisky.ad\/wp-content\/uploads\/2023\/08\/download-12-300x300.jpeg 300w, https:\/\/whisky.ad\/wp-content\/uploads\/2023\/08\/download-12-500x500.jpeg 500w, https:\/\/whisky.ad\/wp-content\/uploads\/2023\/08\/download-12-100x100.jpeg 100w, https:\/\/whisky.ad\/wp-content\/uploads\/2023\/08\/download-12-150x150.jpeg 150w, https:\/\/whisky.ad\/wp-content\/uploads\/2023\/08\/download-12-768x768.jpeg 768w, https:\/\/whisky.ad\/wp-content\/uploads\/2023\/08\/download-12-1024x1024.jpeg 1024w\" sizes=\"auto, (max-width: 300px) 100vw, 300px\" \/><h2 class=\"woocommerce-loop-product__title\">Eagle Rare 10yo 45% 0.7l<\/h2>\n\t<span class=\"price\"><span class=\"woocommerce-Price-amount amount\"><bdi><span class=\"woocommerce-Price-currencySymbol\">&euro;<\/span>29.95<\/bdi><\/span><\/span>\n<\/a><a href=\"\/ca\/wp-json\/wp\/v2\/pages\/79332?add-to-cart=78678\" aria-describedby=\"woocommerce_loop_add_to_cart_link_describedby_78678\" data-quantity=\"1\" class=\"button product_type_simple add_to_cart_button ajax_add_to_cart\" data-product_id=\"78678\" data-product_sku=\"\" aria-label=\"Afegeix a la cistella: &ldquo;Eagle Rare 10yo 45% 0.7l&rdquo;\" rel=\"nofollow\" data-success_message=\"&ldquo;Eagle Rare 10yo 45% 0.7l&rdquo; s&#039;ha afegit a la vostra cistella\" title=\"Minimum qty is 1\">Afegeix a la cistella<\/a>\t<span id=\"woocommerce_loop_add_to_cart_link_describedby_78678\" class=\"screen-reader-text\">\n\t\t\t<\/span>\n<\/li>\n<\/ul>\n<\/div>[\/vc_column][\/vc_row]\n","protected":false},"excerpt":{"rendered":"<p>[vc_row type=&#8221;container&#8221; padding_top=&#8221;&#8221; padding_bottom=&#8221;&#8221;][vc_column][vc_images_carousel images=&#8221;77418&#8243; img_size=&#8221;full&#8221;][vc_column_text]Eagle Rare 10 Year Kentucky Straight Bourbon Whiskey &nbsp; Eagle Rare 10 Years Kentucky Straight Bourbon Whisky, una obra mestra d&#8217;artesania i experi\u00e8ncia. Envellit minuciosament durant un m\u00ednim de deu anys, aquest bourbon exemplifica la raresa i la distinci\u00f3. Prepareu-vos per embarcar-vos en un viatge d&#8217;aromes complexes i un sabor [&hellip;]<\/p>\n","protected":false},"author":1,"featured_media":77244,"parent":79267,"menu_order":0,"comment_status":"closed","ping_status":"closed","template":"","meta":{"_acf_changed":false,"footnotes":""},"class_list":["post-79332","page","type-page","status-publish","has-post-thumbnail","hentry"],"acf":[],"aioseo_notices":[],"jetpack_sharing_enabled":true,"jetpack_shortlink":"https:\/\/wp.me\/PemYjf-kDy","_links":{"self":[{"href":"https:\/\/whisky.ad\/ca\/wp-json\/wp\/v2\/pages\/79332","targetHints":{"allow":["GET"]}}],"collection":[{"href":"https:\/\/whisky.ad\/ca\/wp-json\/wp\/v2\/pages"}],"about":[{"href":"https:\/\/whisky.ad\/ca\/wp-json\/wp\/v2\/types\/page"}],"author":[{"embeddable":true,"href":"https:\/\/whisky.ad\/ca\/wp-json\/wp\/v2\/users\/1"}],"replies":[{"embeddable":true,"href":"https:\/\/whisky.ad\/ca\/wp-json\/wp\/v2\/comments?post=79332"}],"version-history":[{"count":3,"href":"https:\/\/whisky.ad\/ca\/wp-json\/wp\/v2\/pages\/79332\/revisions"}],"predecessor-version":[{"id":79335,"href":"https:\/\/whisky.ad\/ca\/wp-json\/wp\/v2\/pages\/79332\/revisions\/79335"}],"up":[{"embeddable":true,"href":"https:\/\/whisky.ad\/ca\/wp-json\/wp\/v2\/pages\/79267"}],"wp:featuredmedia":[{"embeddable":true,"href":"https:\/\/whisky.ad\/ca\/wp-json\/wp\/v2\/media\/77244"}],"wp:attachment":[{"href":"https:\/\/whisky.ad\/ca\/wp-json\/wp\/v2\/media?parent=79332"}],"curies":[{"name":"wp","href":"https:\/\/api.w.org\/{rel}","templated":true}]}}