{"id":79320,"date":"2022-12-04T11:28:45","date_gmt":"2022-12-04T10:28:45","guid":{"rendered":"https:\/\/whisky.ad\/whisky\/buffalo-trace\/"},"modified":"2023-12-14T17:29:05","modified_gmt":"2023-12-14T16:29:05","slug":"buffalo-trace","status":"publish","type":"page","link":"https:\/\/whisky.ad\/ca\/whisky\/buffalo-trace\/","title":{"rendered":"Buffalo Trace"},"content":{"rendered":"[vc_row type=&#8221;container&#8221; padding_top=&#8221;&#8221; padding_bottom=&#8221;&#8221;][vc_column][vc_images_carousel images=&#8221;77421&#8243; img_size=&#8221;full&#8221;][vc_column_text]<strong>Buffalo Trace Kentucky Straight Bourbon Whiskey<\/strong><\/p>\n<p>&nbsp;<\/p>\n<p>Gaudeix de l&#8217;art de la destil\u00b7leria m\u00e9s estimada del m\u00f3n. Elaborat amb una cura meticulosa, el <strong>Buffalo Trace Kentucky Straight Bourbon Whisky<\/strong> se sotmet a un prec\u00eds proc\u00e9s de destil\u00b7laci\u00f3, envelliment i embotellament a la reconeguda i decorada destil\u00b7leria. Nom\u00e9s la millor malta de blat de moro, s\u00e8gol i ordi es selecciona meticulosament per formar la base d&#8217;aquest whisky excepcional. Envellit pacientment en b\u00f3tes noves de roure dins de magatzems centenaris, es nodreix fins arribar al cim de la maduresa. Prepara les teves papil\u00b7les gustatives per a un viatge de riquesa i complexitat. Delicades notes de vainilla, toffee i fruita confitada s&#8217;entrellacen, creant una simfonia de sabors que balla al paladar. L&#8217;experi\u00e8ncia culmina amb un acabat suau i vellutat que perdura, deixant una impressi\u00f3 duradora. Estigueu segurs, el comprom\u00eds inquebrantable amb l&#8217;excel\u00b7l\u00e8ncia i la qualitat seguir\u00e0 sent per sempre una pedra angular de Buffalo Trace Kentucky Straight Bourbon Whisky. Assaboreix l&#8217;ess\u00e8ncia atemporal d&#8217;aquesta extraordin\u00e0ria creaci\u00f3, un testimoni del llegat perdurable de l&#8217;artesania i el refinament.[\/vc_column_text]<div class=\"woocommerce \"><ul class=\"products columns-3\">\n<li class=\"product type-product post-78535 status-publish first instock product_cat-usa-ca product_cat-destacat product_cat-kentucky-ca has-post-thumbnail sale featured taxable shipping-taxable purchasable product-type-simple\">\n\t<a href=\"https:\/\/whisky.ad\/ca\/producte\/buffalo-trace-40-0-7l\/\" class=\"woocommerce-LoopProduct-link woocommerce-loop-product__link\">\n\t<span class=\"onsale\">Oferta!<\/span>\n\t<img loading=\"lazy\" decoding=\"async\" width=\"300\" height=\"300\" src=\"https:\/\/whisky.ad\/wp-content\/uploads\/2023\/08\/download-13-300x300.jpeg\" class=\"attachment-woocommerce_thumbnail size-woocommerce_thumbnail\" alt=\"Buffalo Trace 40% 0.7l\" srcset=\"https:\/\/whisky.ad\/wp-content\/uploads\/2023\/08\/download-13-300x300.jpeg 300w, https:\/\/whisky.ad\/wp-content\/uploads\/2023\/08\/download-13-500x500.jpeg 500w, https:\/\/whisky.ad\/wp-content\/uploads\/2023\/08\/download-13-100x100.jpeg 100w, https:\/\/whisky.ad\/wp-content\/uploads\/2023\/08\/download-13-150x150.jpeg 150w, https:\/\/whisky.ad\/wp-content\/uploads\/2023\/08\/download-13-768x768.jpeg 768w, https:\/\/whisky.ad\/wp-content\/uploads\/2023\/08\/download-13-1024x1024.jpeg 1024w\" sizes=\"auto, (max-width: 300px) 100vw, 300px\" \/><h2 class=\"woocommerce-loop-product__title\">Buffalo Trace 40% 0.7l<\/h2>\n\t<span class=\"price\"><del aria-hidden=\"true\"><span class=\"woocommerce-Price-amount amount\"><bdi><span class=\"woocommerce-Price-currencySymbol\">&euro;<\/span>17.95<\/bdi><\/span><\/del> <span class=\"screen-reader-text\">El preu original era: &euro;17.95.<\/span><ins aria-hidden=\"true\"><span class=\"woocommerce-Price-amount amount\"><bdi><span class=\"woocommerce-Price-currencySymbol\">&euro;<\/span>16.95<\/bdi><\/span><\/ins><span class=\"screen-reader-text\">El preu actual \u00e9s: &euro;16.95.<\/span><\/span>\n<\/a><a href=\"\/ca\/wp-json\/wp\/v2\/pages\/79320?add-to-cart=78535\" aria-describedby=\"woocommerce_loop_add_to_cart_link_describedby_78535\" data-quantity=\"1\" class=\"button product_type_simple add_to_cart_button ajax_add_to_cart\" data-product_id=\"78535\" data-product_sku=\"\" aria-label=\"Afegeix a la cistella: &ldquo;Buffalo Trace 40% 0.7l&rdquo;\" rel=\"nofollow\" data-success_message=\"&ldquo;Buffalo Trace 40% 0.7l&rdquo; s&#039;ha afegit a la vostra cistella\" title=\"Minimum qty is 1\">Afegeix a la cistella<\/a>\t<span id=\"woocommerce_loop_add_to_cart_link_describedby_78535\" class=\"screen-reader-text\">\n\t\t\t<\/span>\n<\/li>\n<\/ul>\n<\/div>[\/vc_column][\/vc_row]\n","protected":false},"excerpt":{"rendered":"<p>[vc_row type=&#8221;container&#8221; padding_top=&#8221;&#8221; padding_bottom=&#8221;&#8221;][vc_column][vc_images_carousel images=&#8221;77421&#8243; img_size=&#8221;full&#8221;][vc_column_text]Buffalo Trace Kentucky Straight Bourbon Whiskey &nbsp; Gaudeix de l&#8217;art de la destil\u00b7leria m\u00e9s estimada del m\u00f3n. Elaborat amb una cura meticulosa, el Buffalo Trace Kentucky Straight Bourbon Whisky se sotmet a un prec\u00eds proc\u00e9s de destil\u00b7laci\u00f3, envelliment i embotellament a la reconeguda i decorada destil\u00b7leria. Nom\u00e9s la millor malta [&hellip;]<\/p>\n","protected":false},"author":1,"featured_media":76284,"parent":79267,"menu_order":0,"comment_status":"closed","ping_status":"closed","template":"","meta":{"_acf_changed":false,"footnotes":""},"class_list":["post-79320","page","type-page","status-publish","has-post-thumbnail","hentry"],"acf":[],"aioseo_notices":[],"jetpack_sharing_enabled":true,"jetpack_shortlink":"https:\/\/wp.me\/PemYjf-kDm","_links":{"self":[{"href":"https:\/\/whisky.ad\/ca\/wp-json\/wp\/v2\/pages\/79320","targetHints":{"allow":["GET"]}}],"collection":[{"href":"https:\/\/whisky.ad\/ca\/wp-json\/wp\/v2\/pages"}],"about":[{"href":"https:\/\/whisky.ad\/ca\/wp-json\/wp\/v2\/types\/page"}],"author":[{"embeddable":true,"href":"https:\/\/whisky.ad\/ca\/wp-json\/wp\/v2\/users\/1"}],"replies":[{"embeddable":true,"href":"https:\/\/whisky.ad\/ca\/wp-json\/wp\/v2\/comments?post=79320"}],"version-history":[{"count":3,"href":"https:\/\/whisky.ad\/ca\/wp-json\/wp\/v2\/pages\/79320\/revisions"}],"predecessor-version":[{"id":79323,"href":"https:\/\/whisky.ad\/ca\/wp-json\/wp\/v2\/pages\/79320\/revisions\/79323"}],"up":[{"embeddable":true,"href":"https:\/\/whisky.ad\/ca\/wp-json\/wp\/v2\/pages\/79267"}],"wp:featuredmedia":[{"embeddable":true,"href":"https:\/\/whisky.ad\/ca\/wp-json\/wp\/v2\/media\/76284"}],"wp:attachment":[{"href":"https:\/\/whisky.ad\/ca\/wp-json\/wp\/v2\/media?parent=79320"}],"curies":[{"name":"wp","href":"https:\/\/api.w.org\/{rel}","templated":true}]}}