{"id":79295,"date":"2022-12-16T10:01:26","date_gmt":"2022-12-16T09:01:26","guid":{"rendered":"https:\/\/whisky.ad\/whisky\/1792-2\/"},"modified":"2023-12-14T16:46:07","modified_gmt":"2023-12-14T15:46:07","slug":"1792-2","status":"publish","type":"page","link":"https:\/\/whisky.ad\/ca\/whisky\/1792-2\/","title":{"rendered":"1792"},"content":{"rendered":"[vc_row type=&#8221;container&#8221; padding_top=&#8221;&#8221; padding_bottom=&#8221;&#8221;][vc_column width=&#8221;2\/3&#8243;][vc_column_text]\n<div class=\"flex flex-grow flex-col gap-3\">\n<div class=\"min-h-[20px] flex flex-col items-start gap-4 whitespace-pre-wrap break-words\">\n<div class=\"markdown prose w-full break-words dark:prose-invert light\">\n<p><strong>1792 Small Batch Bourbon<\/strong><\/p>\n<p>&nbsp;<\/p>\n<p>Experimenta el sabor exquisit de <strong>1792 Small Batch Bourbon<\/strong>, un esperit que traspua sofisticaci\u00f3 i complexitat. Amb la seva artesania precisa, aquest bourbon es destaca com una creaci\u00f3 realment \u00fanica. Elaborat meticulosament amb la nostra recepta de &#8220;segol alt&#8221; i el matrimoni art\u00edstic de b\u00f3tes selectes escollides personalment pel nostre Master Distiller, 1792 Bourbon ofereix una experi\u00e8ncia de beguda inigualable. Prepara el teu paladar per a un perfil de sabor expressiu i elegant que delecti els sentits. La pres\u00e8ncia inconfusible de les esp\u00e8cies s&#8217;entrella\u00e7a amb gr\u00e0cia amb les notes indulgents de caramel dol\u00e7 i vainilla suau. El resultat \u00e9s un bourbon que \u00e9s alhora atrevit i auda\u00e7, alhora que mant\u00e9 un nivell notable de suavitat i equilibri. Elevant el m\u00f3n del whisky a altures extraordin\u00e0ries, 1792 Bourbon \u00e9s estimat i venerat pels coneixedors de tot el m\u00f3n. Gaudeix d&#8217;aquest esperit excepcional i descobreix la veritable ess\u00e8ncia de l&#8217;artesania i el refinament.  <\/p>\n<\/div>\n<\/div>\n<\/div>\n[\/vc_column_text][\/vc_column][vc_column width=&#8221;1\/3&#8243;][vc_single_image image=&#8221;76248&#8243; img_size=&#8221;medium&#8221; alignment=&#8221;right&#8221;][\/vc_column][\/vc_row]\n","protected":false},"excerpt":{"rendered":"<p>[vc_row type=&#8221;container&#8221; padding_top=&#8221;&#8221; padding_bottom=&#8221;&#8221;][vc_column width=&#8221;2\/3&#8243;][vc_column_text] 1792 Small Batch Bourbon &nbsp; Experimenta el sabor exquisit de 1792 Small Batch Bourbon, un esperit que traspua sofisticaci\u00f3 i complexitat. Amb la seva artesania precisa, aquest bourbon es destaca com una creaci\u00f3 realment \u00fanica. Elaborat meticulosament amb la nostra recepta de &#8220;segol alt&#8221; i el matrimoni art\u00edstic de b\u00f3tes [&hellip;]<\/p>\n","protected":false},"author":1,"featured_media":76248,"parent":79267,"menu_order":1,"comment_status":"closed","ping_status":"closed","template":"","meta":{"_acf_changed":false,"footnotes":""},"class_list":["post-79295","page","type-page","status-publish","has-post-thumbnail","hentry"],"acf":[],"aioseo_notices":[],"jetpack_sharing_enabled":true,"jetpack_shortlink":"https:\/\/wp.me\/PemYjf-kCX","_links":{"self":[{"href":"https:\/\/whisky.ad\/ca\/wp-json\/wp\/v2\/pages\/79295","targetHints":{"allow":["GET"]}}],"collection":[{"href":"https:\/\/whisky.ad\/ca\/wp-json\/wp\/v2\/pages"}],"about":[{"href":"https:\/\/whisky.ad\/ca\/wp-json\/wp\/v2\/types\/page"}],"author":[{"embeddable":true,"href":"https:\/\/whisky.ad\/ca\/wp-json\/wp\/v2\/users\/1"}],"replies":[{"embeddable":true,"href":"https:\/\/whisky.ad\/ca\/wp-json\/wp\/v2\/comments?post=79295"}],"version-history":[{"count":3,"href":"https:\/\/whisky.ad\/ca\/wp-json\/wp\/v2\/pages\/79295\/revisions"}],"predecessor-version":[{"id":79298,"href":"https:\/\/whisky.ad\/ca\/wp-json\/wp\/v2\/pages\/79295\/revisions\/79298"}],"up":[{"embeddable":true,"href":"https:\/\/whisky.ad\/ca\/wp-json\/wp\/v2\/pages\/79267"}],"wp:featuredmedia":[{"embeddable":true,"href":"https:\/\/whisky.ad\/ca\/wp-json\/wp\/v2\/media\/76248"}],"wp:attachment":[{"href":"https:\/\/whisky.ad\/ca\/wp-json\/wp\/v2\/media?parent=79295"}],"curies":[{"name":"wp","href":"https:\/\/api.w.org\/{rel}","templated":true}]}}