{"id":79267,"date":"2019-10-09T21:04:30","date_gmt":"2019-10-09T20:04:30","guid":{"rendered":"https:\/\/whisky.ad\/whisky\/"},"modified":"2023-12-14T16:42:07","modified_gmt":"2023-12-14T15:42:07","slug":"whisky","status":"publish","type":"page","link":"https:\/\/whisky.ad\/ca\/whisky\/","title":{"rendered":"WHISKY"},"content":{"rendered":"[vc_row type=&#8221;full_page_width&#8221; padding_top=&#8221;&#8221; padding_bottom=&#8221;&#8221; css=&#8221;.vc_custom_1570977994765{margin-bottom: -15px !important;}&#8221;][vc_column][layerslider_vc id=&#8221;8&#8243;][\/vc_column][\/vc_row][vc_row type=&#8221;container&#8221; padding_top=&#8221;&#8221; padding_bottom=&#8221;&#8221;][vc_column css=&#8221;.vc_custom_1570987703890{margin-top: 25px !important;}&#8221;][vc_column_text]<strong>Qu\u00e8 \u00e9s exactament un &#8220;Single malt&#8221;, un &#8220;single grain&#8221; o un &#8220;blended&#8221;?<\/strong><\/p>\n<p>El whisky \u00e9s un esperit complex. El ventall de diferents classificacions i normes que ha de complir cada tipus de whisky fa que dues ampolles mai siguin id\u00e8ntiques. El whisky es pot convertir en un single malt, un sol gra i, m\u00e9s sovint, un blended. Sovint poden ser confusos, aix\u00ed que en aquest post descobrirem qu\u00e8 fa exactament un &#8220;single malt&#8221;, &#8220;un gra&#8221; o un &#8220;blended&#8221;.   <\/p>\n<p><strong>Single Malt<\/strong><br \/>\nEl primer pas per entendre el terme &#8220;single malt&#8221; \u00e9s establir a quina part del proc\u00e9s d&#8217;elaboraci\u00f3 del whisky s&#8217;aplica cada paraula del terme. Primer, mirem el terme &#8220;solter&#8221;. Aquesta \u00e9s la part m\u00e9s confusa del terme, ja que es pot aplicar a diversos factors relacionats amb el whisky. Per exemple, una idea err\u00f2nia comuna sobre el whisky single malt \u00e9s que la paraula &#8220;\u00fanic&#8221; vol dir que el whisky ha de ser el producte d&#8217;un sol lot, o un sol barril, de whisky. No obstant aix\u00f2, aquest no \u00e9s el cas. De fet, gaireb\u00e9 tots els whiskies single malt s\u00f3n mescles. Quan diem &#8220;mescla&#8221;, ens referim al proc\u00e9s de combinar whisky de diferents b\u00f3tes i diferents edats per formar el producte final. Les diferents b\u00f3tes aporten sabors al whisky de diferents maneres, de manera que les destil\u00b7leries combinen el whisky per trobar un equilibri de sabors per formar el seu single malt. si la paraula &#8220;\u00fanic&#8221; no fa refer\u00e8ncia al barril o al lot, a qu\u00e8 es refereix? &#8220;Single malt&#8221; significa simplement que el whisky \u00e9s el producte d&#8217;una destil\u00b7leria \u00fanica. Aix\u00ed, mentre que un single malt pot contenir whisky de moltes b\u00f3tes diferents, tot aquest whisky ha d&#8217;haver estat produ\u00eft per una \u00fanica (una) destil\u00b7leria. A continuaci\u00f3, mirem el terme &#8220;malta&#8221;. Aix\u00f2 \u00e9s menys conf\u00fas entre ambd\u00f3s, ja que no hi ha molt m\u00e9s a qu\u00e8 aquesta paraula es pugui referir a part del gra utilitzat per fer whisky. En el cas del &#8220;single malt&#8221;, aquest gra \u00e9s exclusivament ordi. Per tant, &#8220;single malt&#8221; es refereix al fet que el whisky nom\u00e9s s&#8217;ha de produir amb aigua i malt d&#8217;ordi.       <\/p>\n<p><strong>Single grain<\/strong><br \/>\nTot i que aquest terme es pot confondre f\u00e0cilment amb &#8220;single malt&#8221; per la seva similitud, \u00e9s important no confondre els dos, ja que s\u00f3n for\u00e7a diferents. Un dels factors que tenen en com\u00fa \u00e9s que el &#8220;\u00fanic&#8221; en ambd\u00f3s termes fa refer\u00e8ncia a la decisi\u00f3 que cada whisky s&#8217;ha de produir en una \u00fanica destil\u00b7leria. No obstant aix\u00f2, la difer\u00e8ncia principal \u00e9s que els whiskies de gra \u00fanic no s&#8217;han d&#8217;elaborar amb ordi arrebossat. De fet, es podrien utilitzar altres grans com el blat, el blat de moro o el s\u00e8gol, i es poden barrejar o no. Com a resultat, els whiskies &#8220;single grain&#8221; solen oferir notes m\u00e9s dolces en aromes fumats. Els whiskies &#8220;single grain&#8221; tamb\u00e9 es diferencien dels mals que tenen com a destil\u00b7laci\u00f3. Els single malts es destil\u00b7len amb alambins tradicionals, mentre que el &#8220;single grain&#8221; es destil\u00b7la amb alambins de columna. Es treballa per lots i s&#8217;utilitzen principalment per crear un producte sabor\u00f3s.    <\/p>\n<p><strong>Whisky escoc\u00e8s barrejat<\/strong><br \/>\nCom s&#8217;ha esmentat anteriorment, sovint es combinen diferents whiskys. Va sorgir la necessitat de barrejar perqu\u00e8, en aquella \u00e8poca, el \u201csingle malt\u201d tenia un gust molt fort i cru que no tothom agradava. A trav\u00e9s de la combinaci\u00f3, Usher va poder crear un whisky amb un sabor m\u00e9s suau i que atreia a un mercat m\u00e9s ampli. Avui en dia, aproximadament nou de cada deu ampolles de scotch venudes a tot el m\u00f3n es venen com a &#8220;Blended scotch whisky&#8221;. Abans del 2009, qualsevol barreja de whisky escoc\u00e8s podia qualificar-se com a barreja escoc\u00e8s. No obstant aix\u00f2, el Reglament del whisky escoc\u00e8s ara estableix que el whisky escoc\u00e8s barrejat ha de contenir una combinaci\u00f3 d&#8217;un o m\u00e9s whisky escoc\u00e8s de malta i un o m\u00e9s whisky escoc\u00e8s &#8220;de gra \u00fanic&#8221;. La proporci\u00f3 de gra a malta de la barreja varia d&#8217;ampolla a ampolla. El gra forma el cos del whisky, mentre que la malta li d\u00f3na sabors addicionals. Com a resultat, els whiskies escocesos mesclats m\u00e9s cars tendiran a utilitzar un percentatge m\u00e9s alt de malta a la seva barreja. Al costat d&#8217;aquesta nova legislaci\u00f3, hi havia dues noves categories de blended whisky: &#8220;low-malt whisky&#8221; i &#8220;blended scotch whisky&#8221;. Tot i que el &#8220;whisky escoc\u00e8s barrejat&#8221; cobria tots aquests termes, el canvi al que definia exactament un whisky escoc\u00e8s barrejat va requerir la introducci\u00f3 d&#8217;aquestes dues noves classificacions. El whisky escoc\u00e8s de malta mixta vol dir que est\u00e0 elaborat a partir d&#8217;una barreja de dos o m\u00e9s whiskys de malta de malla de diferents destil\u00b7leries. De la mateixa manera, un whisky escoc\u00e8s de gra barrejat \u00e9s la barreja de dos o m\u00e9s whiskys escoc\u00e8s de gra \u00fanic de diferents destil\u00b7leries. L&#8217;escombrat de malta mixta \u00e9s el m\u00e9s com\u00fa dels dos, per\u00f2 hi ha algunes destil\u00b7leries que venen escot barrejat per als coneixedors del whisky realment curiosos.<\/p>\n[\/vc_column_text][\/vc_column][\/vc_row][vc_row type=&#8221;container&#8221; padding_top=&#8221;&#8221; padding_bottom=&#8221;&#8221;][vc_column][vc_separator color=&#8221;#000000&#8243; type=&#8221;normal&#8221; thickness=&#8221;1&#8243; up=&#8221;&#8221; down=&#8221;&#8221;][vc_separator color=&#8221;&#8221; type=&#8221;normal&#8221; thickness=&#8221;&#8221; up=&#8221;&#8221; down=&#8221;&#8221;][\/vc_column][\/vc_row]\n","protected":false},"excerpt":{"rendered":"<p>[vc_row type=&#8221;full_page_width&#8221; padding_top=&#8221;&#8221; padding_bottom=&#8221;&#8221; css=&#8221;.vc_custom_1570977994765{margin-bottom: -15px !important;}&#8221;][vc_column][layerslider_vc id=&#8221;8&#8243;][\/vc_column][\/vc_row][vc_row type=&#8221;container&#8221; padding_top=&#8221;&#8221; padding_bottom=&#8221;&#8221;][vc_column css=&#8221;.vc_custom_1570987703890{margin-top: 25px !important;}&#8221;][vc_column_text]Qu\u00e8 \u00e9s exactament un &#8220;Single malt&#8221;, un &#8220;single grain&#8221; o un &#8220;blended&#8221;? El whisky \u00e9s un esperit complex. El ventall de diferents classificacions i normes que ha de complir cada tipus de whisky fa que dues ampolles mai siguin id\u00e8ntiques. El whisky [&hellip;]<\/p>\n","protected":false},"author":1,"featured_media":0,"parent":0,"menu_order":0,"comment_status":"closed","ping_status":"closed","template":"page-full-width.php","meta":{"_acf_changed":false,"footnotes":""},"class_list":["post-79267","page","type-page","status-publish","hentry"],"acf":[],"aioseo_notices":[],"jetpack_sharing_enabled":true,"jetpack_shortlink":"https:\/\/wp.me\/PemYjf-kCv","_links":{"self":[{"href":"https:\/\/whisky.ad\/ca\/wp-json\/wp\/v2\/pages\/79267","targetHints":{"allow":["GET"]}}],"collection":[{"href":"https:\/\/whisky.ad\/ca\/wp-json\/wp\/v2\/pages"}],"about":[{"href":"https:\/\/whisky.ad\/ca\/wp-json\/wp\/v2\/types\/page"}],"author":[{"embeddable":true,"href":"https:\/\/whisky.ad\/ca\/wp-json\/wp\/v2\/users\/1"}],"replies":[{"embeddable":true,"href":"https:\/\/whisky.ad\/ca\/wp-json\/wp\/v2\/comments?post=79267"}],"version-history":[{"count":2,"href":"https:\/\/whisky.ad\/ca\/wp-json\/wp\/v2\/pages\/79267\/revisions"}],"predecessor-version":[{"id":79285,"href":"https:\/\/whisky.ad\/ca\/wp-json\/wp\/v2\/pages\/79267\/revisions\/79285"}],"wp:attachment":[{"href":"https:\/\/whisky.ad\/ca\/wp-json\/wp\/v2\/media?parent=79267"}],"curies":[{"name":"wp","href":"https:\/\/api.w.org\/{rel}","templated":true}]}}