{"id":78371,"date":"2023-08-28T08:43:09","date_gmt":"2023-08-28T07:43:09","guid":{"rendered":"https:\/\/whisky.ad\/calvados-i-brandy-de-poma\/"},"modified":"2023-12-05T11:56:31","modified_gmt":"2023-12-05T10:56:31","slug":"calvados-i-brandy-de-poma","status":"publish","type":"page","link":"https:\/\/whisky.ad\/ca\/calvados-i-brandy-de-poma\/","title":{"rendered":"CALVADOS i BRANDY DE POMA"},"content":{"rendered":"[vc_row type=&#8221;full_page_width&#8221; padding_top=&#8221;&#8221; padding_bottom=&#8221;&#8221;][vc_column][layerslider_vc id=&#8221;16&#8243;][\/vc_column][\/vc_row][vc_row type=&#8221;full_page_width_inner_container&#8221; padding_top=&#8221;&#8221; padding_bottom=&#8221;&#8221;][vc_column][vc_column_text]\n<div class=\"flex flex-grow flex-col gap-3 max-w-full\">\n<div class=\"min-h-[20px] flex flex-col items-start gap-3 overflow-x-auto whitespace-pre-wrap break-words\">\n<div class=\"markdown prose w-full break-words dark:prose-invert light\">\n<p><strong>Qu\u00e8 \u00e9s Calvados i Brandy de poma?<\/strong><\/p>\n<p>El Calvados \u00e9s un tipus d&#8217;aiguardent que es produeix exclusivament a la regi\u00f3 francesa de Normandia. S&#8217;elabora a partir de la destil\u00b7laci\u00f3 de sidra de poma o pera fermentada, i sovint se&#8217;l coneix com &#8220;aiguardent de poma&#8221; a causa del seu \u00fas principal de pomes en el proc\u00e9s de producci\u00f3. Calvados \u00e9s conegut pels seus sabors rics i complexos, que estan influenciats per la fruita utilitzada, el m\u00e8tode de destil\u00b7laci\u00f3 i el proc\u00e9s d&#8217;envelliment. Aquestes s\u00f3n algunes de les caracter\u00edstiques clau de Calvados:  <\/p>\n<ol>\n<li><strong>Elaboraci\u00f3:<\/strong> El Calvados es produeix mitjan\u00e7ant la destil\u00b7laci\u00f3 de sidra de poma o pera. La fruita es premsa per extreure el suc, que despr\u00e9s es fermenta en sidra. A continuaci\u00f3, aquesta sidra es destil\u00b7la per crear un alcohol d&#8217;alta prova, que s&#8217;envelleix en b\u00f3tes de roure. El proc\u00e9s d&#8217;envelliment permet que Calvados desenvolupi els seus sabors, aromes i color.   <\/li>\n<li><strong>Varietats de poma:<\/strong> l&#8217;elecci\u00f3 de varietats de poma utilitzades en la producci\u00f3 de Calvados pot afectar molt el perfil final del sabor. Diferents tipus de pomes, cadascuna amb el seu propi nivell de dol\u00e7or, acidesa i tanins, contribueixen a la complexitat de l&#8217;esperit. <\/li>\n<li><strong>Aging:<\/strong> Calvados is aged in oak barrels for a period that varies depending on the desired style and quality. Calvados labeled as &#8220;VS&#8221; (Very Special) must be aged for a minimum of two years, &#8220;VSOP&#8221; (Very Superior Old Pale) for at least four years, and &#8220;XO&#8221; (Extra Old) for at least six years. Longer aging periods can result in more developed and nuanced flavors.  <\/li>\n<li><strong>Perfil de sabor:<\/strong> Calvados ofereix una varietat de sabors, incloses notes de poma i pera, juntament amb tocs d&#8217;esp\u00e8cies, caramel, vainilla i, de vegades, fins i tot matisos florals o de nou. El proc\u00e9s d&#8217;envelliment tamb\u00e9 introdueix caracter\u00edstiques del roure. <\/li>\n<li><strong>Usos:<\/strong> el Calvados es pot gaudir sol com a esperit per beure, per\u00f2 tamb\u00e9 s&#8217;utilitza habitualment en c\u00f2ctels i com a ingredient culinari a la cuina i al forn.<\/li>\n<li><strong>Indicaci\u00f3 Geogr\u00e0fica:<\/strong> Com molts productes tradicionals europeus, Calvados est\u00e0 protegit per la normativa d&#8217;indicaci\u00f3 geogr\u00e0fica. Aix\u00f2 vol dir que nom\u00e9s els aiguardents produ\u00efts a la regi\u00f3 francesa de Normandia designada es poden etiquetar com a Calvados. <\/li>\n<\/ol>\n<p>Indicaci\u00f3 Geogr\u00e0fica: Com molts productes tradicionals europeus, Calvados est\u00e0 protegit per la normativa d&#8217;indicaci\u00f3 geogr\u00e0fica. Aix\u00f2 vol dir que nom\u00e9s els aiguardents produ\u00efts a la regi\u00f3 francesa de Normandia designada es poden etiquetar com a Calvados. <\/p>\n<\/div>\n<\/div>\n<\/div>\n[\/vc_column_text][\/vc_column][\/vc_row][vc_row type=&#8221;container&#8221; padding_top=&#8221;&#8221; padding_bottom=&#8221;&#8221;][vc_column]<div class=\"woocommerce columns-3 \"><ul class=\"products columns-3\">\n<li class=\"product type-product post-78416 status-publish first instock product_cat-calvados-ca-2 product_cat-begudes-alcoholiques-ca has-post-thumbnail taxable shipping-taxable purchasable product-type-simple\">\n\t<a href=\"https:\/\/whisky.ad\/ca\/producte\/aoc-calvados-dupont-15-yo-0-7l-42\/\" class=\"woocommerce-LoopProduct-link woocommerce-loop-product__link\"><img loading=\"lazy\" decoding=\"async\" width=\"300\" height=\"300\" src=\"https:\/\/whisky.ad\/wp-content\/uploads\/2023\/12\/calvados-dupont-15-y-768x768-1-300x300.png\" class=\"attachment-woocommerce_thumbnail size-woocommerce_thumbnail\" alt=\"AOC Calvados Dupont 15 yo 0.7l 42%\" srcset=\"https:\/\/whisky.ad\/wp-content\/uploads\/2023\/12\/calvados-dupont-15-y-768x768-1-300x300.png 300w, https:\/\/whisky.ad\/wp-content\/uploads\/2023\/12\/calvados-dupont-15-y-768x768-1-500x500.png 500w, https:\/\/whisky.ad\/wp-content\/uploads\/2023\/12\/calvados-dupont-15-y-768x768-1-100x100.png 100w, https:\/\/whisky.ad\/wp-content\/uploads\/2023\/12\/calvados-dupont-15-y-768x768-1-150x150.png 150w, https:\/\/whisky.ad\/wp-content\/uploads\/2023\/12\/calvados-dupont-15-y-768x768-1-1024x1024.png 1024w\" sizes=\"auto, (max-width: 300px) 100vw, 300px\" \/><h2 class=\"woocommerce-loop-product__title\">AOC Calvados Dupont 15 yo 0.7l 42%<\/h2>\n\t<span class=\"price\"><span class=\"woocommerce-Price-amount amount\"><bdi><span class=\"woocommerce-Price-currencySymbol\">&euro;<\/span>59.95<\/bdi><\/span><\/span>\n<\/a><a href=\"\/ca\/wp-json\/wp\/v2\/pages\/78371?add-to-cart=78416\" aria-describedby=\"woocommerce_loop_add_to_cart_link_describedby_78416\" data-quantity=\"1\" class=\"button product_type_simple add_to_cart_button ajax_add_to_cart\" data-product_id=\"78416\" data-product_sku=\"\" aria-label=\"Afegeix a la cistella: &ldquo;AOC Calvados Dupont 15 yo 0.7l 42%&rdquo;\" rel=\"nofollow\" data-success_message=\"&ldquo;AOC Calvados Dupont 15 yo 0.7l 42%&rdquo; s&#039;ha afegit a la vostra cistella\" title=\"Minimum qty is 1\">Afegeix a la cistella<\/a>\t<span id=\"woocommerce_loop_add_to_cart_link_describedby_78416\" class=\"screen-reader-text\">\n\t\t\t<\/span>\n<\/li>\n<li class=\"product type-product post-78419 status-publish instock product_cat-calvados-ca-2 product_cat-begudes-alcoholiques-ca has-post-thumbnail taxable shipping-taxable purchasable product-type-simple\">\n\t<a href=\"https:\/\/whisky.ad\/ca\/producte\/aoc-calvados-dupont-30yo-0-7l-41\/\" class=\"woocommerce-LoopProduct-link woocommerce-loop-product__link\"><img loading=\"lazy\" decoding=\"async\" width=\"300\" height=\"300\" src=\"https:\/\/whisky.ad\/wp-content\/uploads\/2023\/08\/calvados-dupont-30y-500x500-1-300x300.png\" class=\"attachment-woocommerce_thumbnail size-woocommerce_thumbnail\" alt=\"AOC Calvados Dupont 30yo 0.7l. 41%\" srcset=\"https:\/\/whisky.ad\/wp-content\/uploads\/2023\/08\/calvados-dupont-30y-500x500-1-300x300.png 300w, https:\/\/whisky.ad\/wp-content\/uploads\/2023\/08\/calvados-dupont-30y-500x500-1-100x100.png 100w, https:\/\/whisky.ad\/wp-content\/uploads\/2023\/08\/calvados-dupont-30y-500x500-1-150x150.png 150w, https:\/\/whisky.ad\/wp-content\/uploads\/2023\/08\/calvados-dupont-30y-500x500-1-768x768.png 768w, https:\/\/whisky.ad\/wp-content\/uploads\/2023\/08\/calvados-dupont-30y-500x500-1-1024x1024.png 1024w\" sizes=\"auto, (max-width: 300px) 100vw, 300px\" \/><h2 class=\"woocommerce-loop-product__title\">AOC Calvados Dupont 30yo 0.7l. 41%<\/h2>\n\t<span class=\"price\"><span class=\"woocommerce-Price-amount amount\"><bdi><span class=\"woocommerce-Price-currencySymbol\">&euro;<\/span>99.95<\/bdi><\/span><\/span>\n<\/a><a href=\"\/ca\/wp-json\/wp\/v2\/pages\/78371?add-to-cart=78419\" aria-describedby=\"woocommerce_loop_add_to_cart_link_describedby_78419\" data-quantity=\"1\" class=\"button product_type_simple add_to_cart_button ajax_add_to_cart\" data-product_id=\"78419\" data-product_sku=\"\" aria-label=\"Afegeix a la cistella: &ldquo;AOC Calvados Dupont 30yo 0.7l. 41%&rdquo;\" rel=\"nofollow\" data-success_message=\"&ldquo;AOC Calvados Dupont 30yo 0.7l. 41%&rdquo; s&#039;ha afegit a la vostra cistella\" title=\"Minimum qty is 1\">Afegeix a la cistella<\/a>\t<span id=\"woocommerce_loop_add_to_cart_link_describedby_78419\" class=\"screen-reader-text\">\n\t\t\t<\/span>\n<\/li>\n<li class=\"product type-product post-78422 status-publish last instock product_cat-calvados-ca-2 product_cat-begudes-alcoholiques-ca has-post-thumbnail taxable shipping-taxable purchasable product-type-simple\">\n\t<a href=\"https:\/\/whisky.ad\/ca\/producte\/aoc-fine-bretagne-cuvee-etoile-0-7l-43\/\" class=\"woocommerce-LoopProduct-link woocommerce-loop-product__link\"><img loading=\"lazy\" decoding=\"async\" width=\"300\" height=\"300\" src=\"https:\/\/whisky.ad\/wp-content\/uploads\/2023\/08\/Fine-ETOILE--300x300.jpg\" class=\"attachment-woocommerce_thumbnail size-woocommerce_thumbnail\" alt=\"AOC Fine Bretagne Cuv\u00e9e \u00e9toile 0.7l 43%\" srcset=\"https:\/\/whisky.ad\/wp-content\/uploads\/2023\/08\/Fine-ETOILE--300x300.jpg 300w, https:\/\/whisky.ad\/wp-content\/uploads\/2023\/08\/Fine-ETOILE--500x500.jpg 500w, https:\/\/whisky.ad\/wp-content\/uploads\/2023\/08\/Fine-ETOILE--100x100.jpg 100w, https:\/\/whisky.ad\/wp-content\/uploads\/2023\/08\/Fine-ETOILE--150x150.jpg 150w, https:\/\/whisky.ad\/wp-content\/uploads\/2023\/08\/Fine-ETOILE--768x768.jpg 768w, https:\/\/whisky.ad\/wp-content\/uploads\/2023\/08\/Fine-ETOILE--1024x1024.jpg 1024w\" sizes=\"auto, (max-width: 300px) 100vw, 300px\" \/><h2 class=\"woocommerce-loop-product__title\">AOC Fine Bretagne Cuv\u00e9e \u00e9toile 0.7l 43%<\/h2>\n\t<span class=\"price\"><span class=\"woocommerce-Price-amount amount\"><bdi><span class=\"woocommerce-Price-currencySymbol\">&euro;<\/span>28.95<\/bdi><\/span><\/span>\n<\/a><a href=\"\/ca\/wp-json\/wp\/v2\/pages\/78371?add-to-cart=78422\" aria-describedby=\"woocommerce_loop_add_to_cart_link_describedby_78422\" data-quantity=\"1\" class=\"button product_type_simple add_to_cart_button ajax_add_to_cart\" data-product_id=\"78422\" data-product_sku=\"\" aria-label=\"Afegeix a la cistella: &ldquo;AOC Fine Bretagne Cuv\u00e9e \u00e9toile 0.7l 43%&rdquo;\" rel=\"nofollow\" data-success_message=\"&ldquo;AOC Fine Bretagne Cuv\u00e9e \u00e9toile 0.7l 43%&rdquo; s&#039;ha afegit a la vostra cistella\" title=\"Minimum qty is 1\">Afegeix a la cistella<\/a>\t<span id=\"woocommerce_loop_add_to_cart_link_describedby_78422\" class=\"screen-reader-text\">\n\t\t\t<\/span>\n<\/li>\n<li class=\"product type-product post-78425 status-publish first instock product_cat-calvados-ca-2 product_cat-begudes-alcoholiques-ca has-post-thumbnail taxable shipping-taxable purchasable product-type-simple\">\n\t<a href=\"https:\/\/whisky.ad\/ca\/producte\/aoc-fine-bretagne-cuvee-glycine-0-7l-40\/\" class=\"woocommerce-LoopProduct-link woocommerce-loop-product__link\"><img loading=\"lazy\" decoding=\"async\" width=\"300\" height=\"300\" src=\"https:\/\/whisky.ad\/wp-content\/uploads\/2023\/08\/Fine-Lambig_Glycine-300x300.jpg\" class=\"attachment-woocommerce_thumbnail size-woocommerce_thumbnail\" alt=\"AOC Fine Bretagne cuv\u00e9e Glycine 0.7l 40%\" srcset=\"https:\/\/whisky.ad\/wp-content\/uploads\/2023\/08\/Fine-Lambig_Glycine-300x300.jpg 300w, https:\/\/whisky.ad\/wp-content\/uploads\/2023\/08\/Fine-Lambig_Glycine-500x500.jpg 500w, https:\/\/whisky.ad\/wp-content\/uploads\/2023\/08\/Fine-Lambig_Glycine-100x100.jpg 100w, https:\/\/whisky.ad\/wp-content\/uploads\/2023\/08\/Fine-Lambig_Glycine-150x150.jpg 150w, https:\/\/whisky.ad\/wp-content\/uploads\/2023\/08\/Fine-Lambig_Glycine-768x768.jpg 768w, https:\/\/whisky.ad\/wp-content\/uploads\/2023\/08\/Fine-Lambig_Glycine-1024x1024.jpg 1024w\" sizes=\"auto, (max-width: 300px) 100vw, 300px\" \/><h2 class=\"woocommerce-loop-product__title\">AOC Fine Bretagne cuv\u00e9e Glycine 0.7l 40%<\/h2>\n\t<span class=\"price\"><span class=\"woocommerce-Price-amount amount\"><bdi><span class=\"woocommerce-Price-currencySymbol\">&euro;<\/span>20.95<\/bdi><\/span><\/span>\n<\/a><a href=\"\/ca\/wp-json\/wp\/v2\/pages\/78371?add-to-cart=78425\" aria-describedby=\"woocommerce_loop_add_to_cart_link_describedby_78425\" data-quantity=\"1\" class=\"button product_type_simple add_to_cart_button ajax_add_to_cart\" data-product_id=\"78425\" data-product_sku=\"\" aria-label=\"Afegeix a la cistella: &ldquo;AOC Fine Bretagne cuv\u00e9e Glycine 0.7l 40%&rdquo;\" rel=\"nofollow\" data-success_message=\"&ldquo;AOC Fine Bretagne cuv\u00e9e Glycine 0.7l 40%&rdquo; s&#039;ha afegit a la vostra cistella\" title=\"Minimum qty is 1\">Afegeix a la cistella<\/a>\t<span id=\"woocommerce_loop_add_to_cart_link_describedby_78425\" class=\"screen-reader-text\">\n\t\t\t<\/span>\n<\/li>\n<\/ul>\n<\/div>[\/vc_column][\/vc_row]\n","protected":false},"excerpt":{"rendered":"<p>[vc_row type=&#8221;full_page_width&#8221; padding_top=&#8221;&#8221; padding_bottom=&#8221;&#8221;][vc_column][layerslider_vc id=&#8221;16&#8243;][\/vc_column][\/vc_row][vc_row type=&#8221;full_page_width_inner_container&#8221; padding_top=&#8221;&#8221; padding_bottom=&#8221;&#8221;][vc_column][vc_column_text] Qu\u00e8 \u00e9s Calvados i Brandy de poma? El Calvados \u00e9s un tipus d&#8217;aiguardent que es produeix exclusivament a la regi\u00f3 francesa de Normandia. S&#8217;elabora a partir de la destil\u00b7laci\u00f3 de sidra de poma o pera fermentada, i sovint se&#8217;l coneix com &#8220;aiguardent de poma&#8221; a causa del [&hellip;]<\/p>\n","protected":false},"author":1,"featured_media":0,"parent":0,"menu_order":0,"comment_status":"closed","ping_status":"closed","template":"page-full-width.php","meta":{"_acf_changed":false,"footnotes":""},"class_list":["post-78371","page","type-page","status-publish","hentry"],"acf":[],"aioseo_notices":[],"jetpack_sharing_enabled":true,"jetpack_shortlink":"https:\/\/wp.me\/PemYjf-ko3","_links":{"self":[{"href":"https:\/\/whisky.ad\/ca\/wp-json\/wp\/v2\/pages\/78371","targetHints":{"allow":["GET"]}}],"collection":[{"href":"https:\/\/whisky.ad\/ca\/wp-json\/wp\/v2\/pages"}],"about":[{"href":"https:\/\/whisky.ad\/ca\/wp-json\/wp\/v2\/types\/page"}],"author":[{"embeddable":true,"href":"https:\/\/whisky.ad\/ca\/wp-json\/wp\/v2\/users\/1"}],"replies":[{"embeddable":true,"href":"https:\/\/whisky.ad\/ca\/wp-json\/wp\/v2\/comments?post=78371"}],"version-history":[{"count":5,"href":"https:\/\/whisky.ad\/ca\/wp-json\/wp\/v2\/pages\/78371\/revisions"}],"predecessor-version":[{"id":78392,"href":"https:\/\/whisky.ad\/ca\/wp-json\/wp\/v2\/pages\/78371\/revisions\/78392"}],"wp:attachment":[{"href":"https:\/\/whisky.ad\/ca\/wp-json\/wp\/v2\/media?parent=78371"}],"curies":[{"name":"wp","href":"https:\/\/api.w.org\/{rel}","templated":true}]}}