{"id":78314,"date":"2023-08-28T08:22:25","date_gmt":"2023-08-28T07:22:25","guid":{"rendered":"https:\/\/whisky.ad\/amarg\/"},"modified":"2023-12-05T11:03:57","modified_gmt":"2023-12-05T10:03:57","slug":"amarg","status":"publish","type":"page","link":"https:\/\/whisky.ad\/ca\/amarg\/","title":{"rendered":"AMARG"},"content":{"rendered":"[vc_row type=&#8221;full_page_width&#8221; padding_top=&#8221;&#8221; padding_bottom=&#8221;&#8221;][\/vc_row][vc_row type=&#8221;full_page_width&#8221; padding_top=&#8221;&#8221; padding_bottom=&#8221;&#8221;][vc_column][layerslider_vc id=&#8221;15&#8243;][\/vc_column][\/vc_row][vc_row type=&#8221;container&#8221; padding_top=&#8221;&#8221; padding_bottom=&#8221;&#8221;][vc_column][vc_column_text]\n<div class=\"flex flex-grow flex-col gap-3 max-w-full\">\n<div class=\"min-h-[20px] flex flex-col items-start gap-3 overflow-x-auto whitespace-pre-wrap break-words\">\n<div class=\"markdown prose w-full break-words dark:prose-invert light\">\n<p><strong>Qu\u00e8 s\u00f3n els amargs?<\/strong><\/p>\n<p>Els amargs no es consumeixen per si sols com a beguda aut\u00f2noma, sin\u00f3 que s&#8217;utilitzen com a agents aromatitzants en c\u00f2ctels i begudes combinades. S\u00f3n l\u00edquids arom\u00e0tics altament concentrats que s&#8217;infusionen amb una varietat d&#8217;herbes, esp\u00e8cies, arrels i altres ingredients bot\u00e0nics. Els amargs s&#8217;utilitzen en petites quantitats per afegir complexitat, profunditat i equilibri als c\u00f2ctels, donant un perfil de sabor espec\u00edfic i millorant l&#8217;experi\u00e8ncia del gust general. Poden tenir una varietat de sabors, d&#8217;amarg a dol\u00e7 i tot el que hi ha entremig, i sovint s&#8217;utilitzen per complementar i millorar els sabors d&#8217;altres ingredients en un c\u00f2ctel. Alguns tipus d&#8217;amarg coneguts inclouen: <\/p>\n<ol>\n<li><strong>Bitters d&#8217;Angostura:<\/strong> potser el tipus d&#8217;amarg m\u00e9s fam\u00f3s i utilitzat, els amargs d&#8217;Angostura es van originar a Vene\u00e7uela i s\u00f3n coneguts pel seu sabor distintiu, que inclou notes d&#8217;esp\u00e8cies, c\u00edtrics i un fort element amarg. S\u00f3n un ingredient clau en molts c\u00f2ctels cl\u00e0ssics com el Old Fashioned i el Manhattan. <\/li>\n<li><strong>Bitters de taronja:<\/strong> aquests amargs estan impregnats de pell de taronja i altres bot\u00e0nics, proporcionant un sabor c\u00edtric i lleugerament amarg. Sovint s&#8217;utilitzen en c\u00f2ctels que requereixen un toc d&#8217;ess\u00e8ncia de taronja. <\/li>\n<li><strong>Amargs arom\u00e0tics:<\/strong> aquesta categoria inclou els amargs que s&#8217;utilitzen generalment per afegir profunditat i complexitat als c\u00f2ctels. Poden variar molt en sabor, incorporant una barreja d&#8217;esp\u00e8cies i herbes. <\/li>\n<li><strong>Bitters d&#8217;herbes:<\/strong> Aquests amargs emfatitzen els sabors de diverses herbes i es poden utilitzar per afegir un element terr\u00f3s i herbaci als c\u00f2ctels.<\/li>\n<li><strong>Bitters de fruites:<\/strong> aquests amargs s&#8217;infusionen amb l&#8217;ess\u00e8ncia de fruites espec\u00edfiques, afegint un sabor afruitat i, de vegades, lleugerament \u00e0cid als c\u00f2ctels.<\/li>\n<\/ol>\n<p>\u00c9s important tenir en compte que els amargs tenen un sabor for\u00e7a fort, per la qual cosa s&#8217;acostumen a utilitzar en ratlles o gotes, segons la recepta. Tenen un paper fonamental en el m\u00f3n de la mixologia, permetent als barmans i als entusiastes dels c\u00f2ctels elaborar begudes amb una \u00e0mplia gamma de sabors i aromes. <\/p><\/div>\n<\/div>\n<\/div>\n<div class=\"flex justify-between lg:block\">\n<div class=\"text-gray-400 flex self-end lg:self-center justify-center mt-2 gap-2 md:gap-3 lg:gap-1 lg:absolute lg:top-0 lg:translate-x-full lg:right-0 lg:mt-0 lg:pl-2 visible\"><\/div>\n<\/div>\n[\/vc_column_text][\/vc_column][\/vc_row][vc_row type=&#8221;container&#8221; padding_top=&#8221;&#8221; padding_bottom=&#8221;&#8221;][vc_column]<div class=\"woocommerce columns-3 \"><ul class=\"products columns-3\">\n<li class=\"product type-product post-78684 status-publish first instock product_cat-aquavit-ca product_cat-bitter-ca product_cat-begudes-alcoholiques-ca has-post-thumbnail taxable shipping-taxable purchasable product-type-simple\">\n\t<a href=\"https:\/\/whisky.ad\/ca\/producte\/gammel-dansk-bitter-0-7l-38\/\" class=\"woocommerce-LoopProduct-link woocommerce-loop-product__link\"><img loading=\"lazy\" decoding=\"async\" width=\"300\" height=\"300\" src=\"https:\/\/whisky.ad\/wp-content\/uploads\/2023\/08\/gammel-dansk-300x300.jpg\" class=\"attachment-woocommerce_thumbnail size-woocommerce_thumbnail\" alt=\"Gammel Dansk Bitter 0.7l 38%\" srcset=\"https:\/\/whisky.ad\/wp-content\/uploads\/2023\/08\/gammel-dansk-300x300.jpg 300w, https:\/\/whisky.ad\/wp-content\/uploads\/2023\/08\/gammel-dansk-100x100.jpg 100w, https:\/\/whisky.ad\/wp-content\/uploads\/2023\/08\/gammel-dansk-150x150.jpg 150w, https:\/\/whisky.ad\/wp-content\/uploads\/2023\/08\/gammel-dansk-768x768.jpg 768w, https:\/\/whisky.ad\/wp-content\/uploads\/2023\/08\/gammel-dansk-1024x1024.jpg 1024w\" sizes=\"auto, (max-width: 300px) 100vw, 300px\" \/><h2 class=\"woocommerce-loop-product__title\">Gammel Dansk Bitter 0.7l 38%<\/h2>\n\t<span class=\"price\"><span class=\"woocommerce-Price-amount amount\"><bdi><span class=\"woocommerce-Price-currencySymbol\">&euro;<\/span>16.95<\/bdi><\/span><\/span>\n<\/a><a href=\"\/ca\/wp-json\/wp\/v2\/pages\/78314?add-to-cart=78684\" aria-describedby=\"woocommerce_loop_add_to_cart_link_describedby_78684\" data-quantity=\"1\" class=\"button product_type_simple add_to_cart_button ajax_add_to_cart\" data-product_id=\"78684\" data-product_sku=\"\" aria-label=\"Afegeix a la cistella: &ldquo;Gammel Dansk Bitter 0.7l 38%&rdquo;\" rel=\"nofollow\" data-success_message=\"&ldquo;Gammel Dansk Bitter 0.7l 38%&rdquo; s&#039;ha afegit a la vostra cistella\" title=\"Minimum qty is 1\">Afegeix a la cistella<\/a>\t<span id=\"woocommerce_loop_add_to_cart_link_describedby_78684\" class=\"screen-reader-text\">\n\t\t\t<\/span>\n<\/li>\n<li class=\"product type-product post-78936 status-publish instock product_cat-aquavit-ca product_cat-bitter-ca product_cat-begudes-alcoholiques-ca has-post-thumbnail taxable shipping-taxable purchasable product-type-simple\">\n\t<a href=\"https:\/\/whisky.ad\/ca\/producte\/malteser-aquavit-bitter-0-7l-40\/\" class=\"woocommerce-LoopProduct-link woocommerce-loop-product__link\"><img loading=\"lazy\" decoding=\"async\" width=\"300\" height=\"300\" src=\"https:\/\/whisky.ad\/wp-content\/uploads\/2023\/08\/malteser-1-300x300.webp\" class=\"attachment-woocommerce_thumbnail size-woocommerce_thumbnail\" alt=\"Malteser Aquavit-Bitter 0.7l 40%\" srcset=\"https:\/\/whisky.ad\/wp-content\/uploads\/2023\/08\/malteser-1-300x300.webp 300w, https:\/\/whisky.ad\/wp-content\/uploads\/2023\/08\/malteser-1-500x500.webp 500w, https:\/\/whisky.ad\/wp-content\/uploads\/2023\/08\/malteser-1-100x100.webp 100w, https:\/\/whisky.ad\/wp-content\/uploads\/2023\/08\/malteser-1-150x150.webp 150w, https:\/\/whisky.ad\/wp-content\/uploads\/2023\/08\/malteser-1-768x768.webp 768w, https:\/\/whisky.ad\/wp-content\/uploads\/2023\/08\/malteser-1-1024x1024.webp 1024w\" sizes=\"auto, (max-width: 300px) 100vw, 300px\" \/><h2 class=\"woocommerce-loop-product__title\">Malteser Aquavit-Bitter 0.7l 40%<\/h2>\n\t<span class=\"price\"><span class=\"woocommerce-Price-amount amount\"><bdi><span class=\"woocommerce-Price-currencySymbol\">&euro;<\/span>16.65<\/bdi><\/span><\/span>\n<\/a><a href=\"\/ca\/wp-json\/wp\/v2\/pages\/78314?add-to-cart=78936\" aria-describedby=\"woocommerce_loop_add_to_cart_link_describedby_78936\" data-quantity=\"1\" class=\"button product_type_simple add_to_cart_button ajax_add_to_cart\" data-product_id=\"78936\" data-product_sku=\"\" aria-label=\"Afegeix a la cistella: &ldquo;Malteser Aquavit-Bitter 0.7l 40%&rdquo;\" rel=\"nofollow\" data-success_message=\"&ldquo;Malteser Aquavit-Bitter 0.7l 40%&rdquo; s&#039;ha afegit a la vostra cistella\" title=\"Minimum qty is 1\">Afegeix a la cistella<\/a>\t<span id=\"woocommerce_loop_add_to_cart_link_describedby_78936\" class=\"screen-reader-text\">\n\t\t\t<\/span>\n<\/li>\n<li class=\"product type-product post-79004 status-publish last outofstock product_cat-bitter-ca product_cat-begudes-alcoholiques-ca has-post-thumbnail taxable shipping-taxable product-type-simple\">\n\t<a href=\"https:\/\/whisky.ad\/ca\/producte\/peychauds-bitter-296ml-35\/\" class=\"woocommerce-LoopProduct-link woocommerce-loop-product__link\"><img loading=\"lazy\" decoding=\"async\" width=\"300\" height=\"300\" src=\"https:\/\/whisky.ad\/wp-content\/uploads\/2023\/08\/peychauds-300x300.png\" class=\"attachment-woocommerce_thumbnail size-woocommerce_thumbnail\" alt=\"Peychaud\u00b4s Bitter 296ml. 35%\" srcset=\"https:\/\/whisky.ad\/wp-content\/uploads\/2023\/08\/peychauds-300x300.png 300w, https:\/\/whisky.ad\/wp-content\/uploads\/2023\/08\/peychauds-500x500.png 500w, https:\/\/whisky.ad\/wp-content\/uploads\/2023\/08\/peychauds-100x100.png 100w, https:\/\/whisky.ad\/wp-content\/uploads\/2023\/08\/peychauds-150x150.png 150w, https:\/\/whisky.ad\/wp-content\/uploads\/2023\/08\/peychauds-768x768.png 768w, https:\/\/whisky.ad\/wp-content\/uploads\/2023\/08\/peychauds-1024x1024.png 1024w\" sizes=\"auto, (max-width: 300px) 100vw, 300px\" \/><span class=\"out-of-stock-label\" style=\"color:red; font-weight:bold; margin-left:10px;\">Out of stock<\/span><h2 class=\"woocommerce-loop-product__title\">Peychaud\u00b4s Bitter 296ml. 35%<\/h2>\n<\/a><a href=\"https:\/\/whisky.ad\/ca\/producte\/peychauds-bitter-296ml-35\/\" aria-describedby=\"woocommerce_loop_add_to_cart_link_describedby_79004\" data-quantity=\"1\" class=\"button product_type_simple\" data-product_id=\"79004\" data-product_sku=\"\" aria-label=\"M\u00e9s informaci\u00f3 sobre &ldquo;Peychaud\u00b4s Bitter 296ml. 35%&rdquo;\" rel=\"nofollow\" data-success_message=\"\" title=\"Minimum qty is 1\">Llegeix m\u00e9s<\/a>\t<span id=\"woocommerce_loop_add_to_cart_link_describedby_79004\" class=\"screen-reader-text\">\n\t\t\t<\/span>\n<\/li>\n<\/ul>\n<\/div>[\/vc_column][\/vc_row]\n","protected":false},"excerpt":{"rendered":"<p>[vc_row type=&#8221;full_page_width&#8221; padding_top=&#8221;&#8221; padding_bottom=&#8221;&#8221;][\/vc_row][vc_row type=&#8221;full_page_width&#8221; padding_top=&#8221;&#8221; padding_bottom=&#8221;&#8221;][vc_column][layerslider_vc id=&#8221;15&#8243;][\/vc_column][\/vc_row][vc_row type=&#8221;container&#8221; padding_top=&#8221;&#8221; padding_bottom=&#8221;&#8221;][vc_column][vc_column_text] Qu\u00e8 s\u00f3n els amargs? Els amargs no es consumeixen per si sols com a beguda aut\u00f2noma, sin\u00f3 que s&#8217;utilitzen com a agents aromatitzants en c\u00f2ctels i begudes combinades. S\u00f3n l\u00edquids arom\u00e0tics altament concentrats que s&#8217;infusionen amb una varietat d&#8217;herbes, esp\u00e8cies, arrels i altres ingredients [&hellip;]<\/p>\n","protected":false},"author":1,"featured_media":0,"parent":0,"menu_order":0,"comment_status":"closed","ping_status":"closed","template":"page-full-width.php","meta":{"_acf_changed":false,"footnotes":""},"class_list":["post-78314","page","type-page","status-publish","hentry"],"acf":[],"aioseo_notices":[],"jetpack_sharing_enabled":true,"jetpack_shortlink":"https:\/\/wp.me\/PemYjf-kn8","_links":{"self":[{"href":"https:\/\/whisky.ad\/ca\/wp-json\/wp\/v2\/pages\/78314","targetHints":{"allow":["GET"]}}],"collection":[{"href":"https:\/\/whisky.ad\/ca\/wp-json\/wp\/v2\/pages"}],"about":[{"href":"https:\/\/whisky.ad\/ca\/wp-json\/wp\/v2\/types\/page"}],"author":[{"embeddable":true,"href":"https:\/\/whisky.ad\/ca\/wp-json\/wp\/v2\/users\/1"}],"replies":[{"embeddable":true,"href":"https:\/\/whisky.ad\/ca\/wp-json\/wp\/v2\/comments?post=78314"}],"version-history":[{"count":2,"href":"https:\/\/whisky.ad\/ca\/wp-json\/wp\/v2\/pages\/78314\/revisions"}],"predecessor-version":[{"id":78332,"href":"https:\/\/whisky.ad\/ca\/wp-json\/wp\/v2\/pages\/78314\/revisions\/78332"}],"wp:attachment":[{"href":"https:\/\/whisky.ad\/ca\/wp-json\/wp\/v2\/media?parent=78314"}],"curies":[{"name":"wp","href":"https:\/\/api.w.org\/{rel}","templated":true}]}}