{"id":78257,"date":"2019-10-13T18:14:30","date_gmt":"2019-10-13T17:14:30","guid":{"rendered":"https:\/\/whisky.ad\/aquavit\/"},"modified":"2023-12-05T10:54:25","modified_gmt":"2023-12-05T09:54:25","slug":"aquavit","status":"publish","type":"page","link":"https:\/\/whisky.ad\/ca\/aquavit\/","title":{"rendered":"AQUAVIT"},"content":{"rendered":"[vc_row type=&#8221;full_page_width&#8221; padding_top=&#8221;&#8221; padding_bottom=&#8221;&#8221;][vc_column][layerslider_vc id=&#8221;12&#8243;][\/vc_column][\/vc_row][vc_row type=&#8221;container&#8221; padding_top=&#8221;&#8221; padding_bottom=&#8221;&#8221; css=&#8221;.vc_custom_1570987386070{margin-top: -15px !important;}&#8221;][vc_column][vc_column_text]<strong>\u00bfC\u00f3mo se fabrica el Aquavit?<\/strong><\/p>\n<div class=\"flex flex-grow flex-col gap-3 max-w-full\">\n<div class=\"min-h-[20px] flex flex-col items-start gap-3 overflow-x-auto whitespace-pre-wrap break-words\">\n<div class=\"markdown prose w-full break-words dark:prose-invert light\">\n<p>La producci\u00f3 d&#8217;Aquavit s&#8217;assembla molt a la de vodka o ginebra, utilitzant un destil\u00b7lat de gra neutre o, en el cas de Noruega, patates. L&#8217;esperit est\u00e0 impregnat de diversos components aromatitzants. Tot i que la nota diferent de com\u00ed \u00e9s la quintaess\u00e8ncia de l&#8217;aquavit, l&#8217;anet tamb\u00e9 t\u00e9 un paper prevalent. Les regulacions de la Uni\u00f3 Europea (UE) estipulen la inclusi\u00f3 de com\u00ed i\/o anet, per\u00f2 tamb\u00e9 s&#8217;adopta una barreja d&#8217;altres herbes, esp\u00e8cies i frag\u00e0ncies c\u00edtriques. Aquest conjunt inclou an\u00eds, cardamom, c\u00edtrics (sobretot taronja, ocasionalment llimona), clau, coriandre, com\u00ed i fonoll. A difer\u00e8ncia de moltes begudes alcoh\u00f2liques, l&#8217;aquavit generalment es deixa sense envelliment en b\u00f3ta, la qual cosa li d\u00f3na una tonalitat p\u00e0l\u00b7lida, la qual cosa permet que l&#8217;aut\u00e8ntica ess\u00e8ncia de les esp\u00e8cies emprades brilli inalterada. Noruega, de la seva manera caracter\u00edstica, ofereix una desviaci\u00f3 d&#8217;aquesta norma en madurar sovint l&#8217;aquavit en b\u00f3tes de xer\u00e8s reutilitzades, donant una pell daurada radiant. Entre les antigues marques d&#8217;aquavit de Noruega cal destacar Linie Aquavit, considerada com l&#8217;aquavit m\u00e9s antiga del m\u00f3n. La seva hist\u00f2ria es remunta a l&#8217;any 1807 quan un vaixell que transportava aiguardent de patates va tornar de les \u00cdndies Orientals sense trobar comprador al seu dest\u00ed. Sense voler, aix\u00f2 va donar lloc a una tradici\u00f3 que perdura avui en dia: envellir l&#8217;aquavit en viatges mar\u00edtims. Els esperits travessen els oceans durant un viatge d&#8217;anada i tornada de quatre mesos des de Noruega a Austr\u00e0lia despr\u00e9s d&#8217;un any de maduraci\u00f3 a terra. Es creu que el suau balanceig de les ones oce\u00e0niques aporta un car\u00e0cter incomparable a l&#8217;aquavit envellit. Pel que fa a la seva pot\u00e8ncia, l&#8217;aquavit s&#8217;ha d&#8217;embotellar a un m\u00ednim del 37,5%, encara que m\u00e9s sovint assoleix nivells del 42 al 45%.    <\/p>\n<\/div>\n<\/div>\n<\/div>\n[\/vc_column_text][\/vc_column][\/vc_row][vc_row type=&#8221;container&#8221; padding_top=&#8221;&#8221; padding_bottom=&#8221;&#8221;][vc_column][vc_separator color=&#8221;#000000&#8243; type=&#8221;normal&#8221; thickness=&#8221;1&#8243; up=&#8221;&#8221; down=&#8221;&#8221;][\/vc_column][\/vc_row][vc_row type=&#8221;container&#8221; padding_top=&#8221;&#8221; padding_bottom=&#8221;&#8221;][vc_column]<div class=\"woocommerce columns-3 \"><ul class=\"products columns-3\">\n<li class=\"product type-product post-78412 status-publish first instock product_cat-aquavit-ca product_cat-begudes-alcoholiques-ca has-post-thumbnail taxable shipping-taxable purchasable product-type-simple\">\n\t<a href=\"https:\/\/whisky.ad\/ca\/producte\/aalborg-taffel-aqvavit-0-7l-45\/\" class=\"woocommerce-LoopProduct-link woocommerce-loop-product__link\"><img loading=\"lazy\" decoding=\"async\" width=\"300\" height=\"300\" src=\"https:\/\/whisky.ad\/wp-content\/uploads\/2023\/08\/Allborg-taffel-300x300.webp\" class=\"attachment-woocommerce_thumbnail size-woocommerce_thumbnail\" alt=\"Aalborg Taffel Aqvavit 0.7l 45%\" srcset=\"https:\/\/whisky.ad\/wp-content\/uploads\/2023\/08\/Allborg-taffel-300x300.webp 300w, https:\/\/whisky.ad\/wp-content\/uploads\/2023\/08\/Allborg-taffel-500x500.webp 500w, https:\/\/whisky.ad\/wp-content\/uploads\/2023\/08\/Allborg-taffel-100x100.webp 100w, https:\/\/whisky.ad\/wp-content\/uploads\/2023\/08\/Allborg-taffel-150x150.webp 150w, https:\/\/whisky.ad\/wp-content\/uploads\/2023\/08\/Allborg-taffel-768x768.webp 768w, https:\/\/whisky.ad\/wp-content\/uploads\/2023\/08\/Allborg-taffel-1024x1024.webp 1024w\" sizes=\"auto, (max-width: 300px) 100vw, 300px\" \/><h2 class=\"woocommerce-loop-product__title\">Aalborg Taffel Aqvavit 0.7l 45%<\/h2>\n\t<span class=\"price\"><span class=\"woocommerce-Price-amount amount\"><bdi><span class=\"woocommerce-Price-currencySymbol\">&euro;<\/span>14.95<\/bdi><\/span><\/span>\n<\/a><a href=\"\/ca\/wp-json\/wp\/v2\/pages\/78257?add-to-cart=78412\" aria-describedby=\"woocommerce_loop_add_to_cart_link_describedby_78412\" data-quantity=\"1\" class=\"button product_type_simple add_to_cart_button ajax_add_to_cart\" data-product_id=\"78412\" data-product_sku=\"\" aria-label=\"Afegeix a la cistella: &ldquo;Aalborg Taffel Aqvavit 0.7l 45%&rdquo;\" rel=\"nofollow\" data-success_message=\"&ldquo;Aalborg Taffel Aqvavit 0.7l 45%&rdquo; s&#039;ha afegit a la vostra cistella\" title=\"Minimum qty is 1\">Afegeix a la cistella<\/a>\t<span id=\"woocommerce_loop_add_to_cart_link_describedby_78412\" class=\"screen-reader-text\">\n\t\t\t<\/span>\n<\/li>\n<li class=\"product type-product post-78684 status-publish instock product_cat-aquavit-ca product_cat-bitter-ca product_cat-begudes-alcoholiques-ca has-post-thumbnail taxable shipping-taxable purchasable product-type-simple\">\n\t<a href=\"https:\/\/whisky.ad\/ca\/producte\/gammel-dansk-bitter-0-7l-38\/\" class=\"woocommerce-LoopProduct-link woocommerce-loop-product__link\"><img loading=\"lazy\" decoding=\"async\" width=\"300\" height=\"300\" src=\"https:\/\/whisky.ad\/wp-content\/uploads\/2023\/08\/gammel-dansk-300x300.jpg\" class=\"attachment-woocommerce_thumbnail size-woocommerce_thumbnail\" alt=\"Gammel Dansk Bitter 0.7l 38%\" srcset=\"https:\/\/whisky.ad\/wp-content\/uploads\/2023\/08\/gammel-dansk-300x300.jpg 300w, https:\/\/whisky.ad\/wp-content\/uploads\/2023\/08\/gammel-dansk-100x100.jpg 100w, https:\/\/whisky.ad\/wp-content\/uploads\/2023\/08\/gammel-dansk-150x150.jpg 150w, https:\/\/whisky.ad\/wp-content\/uploads\/2023\/08\/gammel-dansk-768x768.jpg 768w, https:\/\/whisky.ad\/wp-content\/uploads\/2023\/08\/gammel-dansk-1024x1024.jpg 1024w\" sizes=\"auto, (max-width: 300px) 100vw, 300px\" \/><h2 class=\"woocommerce-loop-product__title\">Gammel Dansk Bitter 0.7l 38%<\/h2>\n\t<span class=\"price\"><span class=\"woocommerce-Price-amount amount\"><bdi><span class=\"woocommerce-Price-currencySymbol\">&euro;<\/span>16.95<\/bdi><\/span><\/span>\n<\/a><a href=\"\/ca\/wp-json\/wp\/v2\/pages\/78257?add-to-cart=78684\" aria-describedby=\"woocommerce_loop_add_to_cart_link_describedby_78684\" data-quantity=\"1\" class=\"button product_type_simple add_to_cart_button ajax_add_to_cart\" data-product_id=\"78684\" data-product_sku=\"\" aria-label=\"Afegeix a la cistella: &ldquo;Gammel Dansk Bitter 0.7l 38%&rdquo;\" rel=\"nofollow\" data-success_message=\"&ldquo;Gammel Dansk Bitter 0.7l 38%&rdquo; s&#039;ha afegit a la vostra cistella\" title=\"Minimum qty is 1\">Afegeix a la cistella<\/a>\t<span id=\"woocommerce_loop_add_to_cart_link_describedby_78684\" class=\"screen-reader-text\">\n\t\t\t<\/span>\n<\/li>\n<li class=\"product type-product post-78688 status-publish last instock product_cat-aquavit-ca product_cat-begudes-alcoholiques-ca has-post-thumbnail taxable shipping-taxable purchasable product-type-simple\">\n\t<a href=\"https:\/\/whisky.ad\/ca\/producte\/gammel-opland-aquavit-0-7l-41-5\/\" class=\"woocommerce-LoopProduct-link woocommerce-loop-product__link\"><img loading=\"lazy\" decoding=\"async\" width=\"300\" height=\"300\" src=\"https:\/\/whisky.ad\/wp-content\/uploads\/2023\/08\/gammel-opland-aquavit-300x300.jpg\" class=\"attachment-woocommerce_thumbnail size-woocommerce_thumbnail\" alt=\"Gammel Opland Aquavit 0.7l 41.5%\" srcset=\"https:\/\/whisky.ad\/wp-content\/uploads\/2023\/08\/gammel-opland-aquavit-300x300.jpg 300w, https:\/\/whisky.ad\/wp-content\/uploads\/2023\/08\/gammel-opland-aquavit-500x500.jpg 500w, https:\/\/whisky.ad\/wp-content\/uploads\/2023\/08\/gammel-opland-aquavit-100x100.jpg 100w, https:\/\/whisky.ad\/wp-content\/uploads\/2023\/08\/gammel-opland-aquavit-150x150.jpg 150w, https:\/\/whisky.ad\/wp-content\/uploads\/2023\/08\/gammel-opland-aquavit-768x768.jpg 768w, https:\/\/whisky.ad\/wp-content\/uploads\/2023\/08\/gammel-opland-aquavit-1024x1024.jpg 1024w\" sizes=\"auto, (max-width: 300px) 100vw, 300px\" \/><h2 class=\"woocommerce-loop-product__title\">Gammel Opland Aquavit 0.7l 41.5%<\/h2>\n\t<span class=\"price\"><span class=\"woocommerce-Price-amount amount\"><bdi><span class=\"woocommerce-Price-currencySymbol\">&euro;<\/span>25.95<\/bdi><\/span><\/span>\n<\/a><a href=\"\/ca\/wp-json\/wp\/v2\/pages\/78257?add-to-cart=78688\" aria-describedby=\"woocommerce_loop_add_to_cart_link_describedby_78688\" data-quantity=\"1\" class=\"button product_type_simple add_to_cart_button ajax_add_to_cart\" data-product_id=\"78688\" data-product_sku=\"\" aria-label=\"Afegeix a la cistella: &ldquo;Gammel Opland Aquavit 0.7l 41.5%&rdquo;\" rel=\"nofollow\" data-success_message=\"&ldquo;Gammel Opland Aquavit 0.7l 41.5%&rdquo; s&#039;ha afegit a la vostra cistella\" title=\"Minimum qty is 1\">Afegeix a la cistella<\/a>\t<span id=\"woocommerce_loop_add_to_cart_link_describedby_78688\" class=\"screen-reader-text\">\n\t\t\t<\/span>\n<\/li>\n<li class=\"product type-product post-78906 status-publish first instock product_cat-aquavit-ca product_cat-begudes-alcoholiques-ca has-post-thumbnail taxable shipping-taxable purchasable product-type-simple\">\n\t<a href=\"https:\/\/whisky.ad\/ca\/producte\/loiten-aquavit-0-7l-40\/\" class=\"woocommerce-LoopProduct-link woocommerce-loop-product__link\"><img loading=\"lazy\" decoding=\"async\" width=\"300\" height=\"300\" src=\"https:\/\/whisky.ad\/wp-content\/uploads\/2023\/08\/loitens-aquavit-three-star-300x300.webp\" class=\"attachment-woocommerce_thumbnail size-woocommerce_thumbnail\" alt=\"Loiten Aquavit 0.7l 40%\" srcset=\"https:\/\/whisky.ad\/wp-content\/uploads\/2023\/08\/loitens-aquavit-three-star-300x300.webp 300w, https:\/\/whisky.ad\/wp-content\/uploads\/2023\/08\/loitens-aquavit-three-star-500x500.webp 500w, https:\/\/whisky.ad\/wp-content\/uploads\/2023\/08\/loitens-aquavit-three-star-100x100.webp 100w, https:\/\/whisky.ad\/wp-content\/uploads\/2023\/08\/loitens-aquavit-three-star-150x150.webp 150w, https:\/\/whisky.ad\/wp-content\/uploads\/2023\/08\/loitens-aquavit-three-star-768x768.webp 768w, https:\/\/whisky.ad\/wp-content\/uploads\/2023\/08\/loitens-aquavit-three-star-1024x1024.webp 1024w\" sizes=\"auto, (max-width: 300px) 100vw, 300px\" \/><h2 class=\"woocommerce-loop-product__title\">Loiten Aquavit 0.7l 40%<\/h2>\n\t<span class=\"price\"><span class=\"woocommerce-Price-amount amount\"><bdi><span class=\"woocommerce-Price-currencySymbol\">&euro;<\/span>16.95<\/bdi><\/span><\/span>\n<\/a><a href=\"\/ca\/wp-json\/wp\/v2\/pages\/78257?add-to-cart=78906\" aria-describedby=\"woocommerce_loop_add_to_cart_link_describedby_78906\" data-quantity=\"1\" class=\"button product_type_simple add_to_cart_button ajax_add_to_cart\" data-product_id=\"78906\" data-product_sku=\"\" aria-label=\"Afegeix a la cistella: &ldquo;Loiten Aquavit 0.7l 40%&rdquo;\" rel=\"nofollow\" data-success_message=\"&ldquo;Loiten Aquavit 0.7l 40%&rdquo; s&#039;ha afegit a la vostra cistella\" title=\"Minimum qty is 1\">Afegeix a la cistella<\/a>\t<span id=\"woocommerce_loop_add_to_cart_link_describedby_78906\" class=\"screen-reader-text\">\n\t\t\t<\/span>\n<\/li>\n<li class=\"product type-product post-78936 status-publish instock product_cat-aquavit-ca product_cat-bitter-ca product_cat-begudes-alcoholiques-ca has-post-thumbnail taxable shipping-taxable purchasable product-type-simple\">\n\t<a href=\"https:\/\/whisky.ad\/ca\/producte\/malteser-aquavit-bitter-0-7l-40\/\" class=\"woocommerce-LoopProduct-link woocommerce-loop-product__link\"><img loading=\"lazy\" decoding=\"async\" width=\"300\" height=\"300\" src=\"https:\/\/whisky.ad\/wp-content\/uploads\/2023\/08\/malteser-1-300x300.webp\" class=\"attachment-woocommerce_thumbnail size-woocommerce_thumbnail\" alt=\"Malteser Aquavit-Bitter 0.7l 40%\" srcset=\"https:\/\/whisky.ad\/wp-content\/uploads\/2023\/08\/malteser-1-300x300.webp 300w, https:\/\/whisky.ad\/wp-content\/uploads\/2023\/08\/malteser-1-500x500.webp 500w, https:\/\/whisky.ad\/wp-content\/uploads\/2023\/08\/malteser-1-100x100.webp 100w, https:\/\/whisky.ad\/wp-content\/uploads\/2023\/08\/malteser-1-150x150.webp 150w, https:\/\/whisky.ad\/wp-content\/uploads\/2023\/08\/malteser-1-768x768.webp 768w, https:\/\/whisky.ad\/wp-content\/uploads\/2023\/08\/malteser-1-1024x1024.webp 1024w\" sizes=\"auto, (max-width: 300px) 100vw, 300px\" \/><h2 class=\"woocommerce-loop-product__title\">Malteser Aquavit-Bitter 0.7l 40%<\/h2>\n\t<span class=\"price\"><span class=\"woocommerce-Price-amount amount\"><bdi><span class=\"woocommerce-Price-currencySymbol\">&euro;<\/span>16.65<\/bdi><\/span><\/span>\n<\/a><a href=\"\/ca\/wp-json\/wp\/v2\/pages\/78257?add-to-cart=78936\" aria-describedby=\"woocommerce_loop_add_to_cart_link_describedby_78936\" data-quantity=\"1\" class=\"button product_type_simple add_to_cart_button ajax_add_to_cart\" data-product_id=\"78936\" data-product_sku=\"\" aria-label=\"Afegeix a la cistella: &ldquo;Malteser Aquavit-Bitter 0.7l 40%&rdquo;\" rel=\"nofollow\" data-success_message=\"&ldquo;Malteser Aquavit-Bitter 0.7l 40%&rdquo; s&#039;ha afegit a la vostra cistella\" title=\"Minimum qty is 1\">Afegeix a la cistella<\/a>\t<span id=\"woocommerce_loop_add_to_cart_link_describedby_78936\" class=\"screen-reader-text\">\n\t\t\t<\/span>\n<\/li>\n<\/ul>\n<\/div>[\/vc_column][\/vc_row]\n","protected":false},"excerpt":{"rendered":"<p>[vc_row type=&#8221;full_page_width&#8221; padding_top=&#8221;&#8221; padding_bottom=&#8221;&#8221;][vc_column][layerslider_vc id=&#8221;12&#8243;][\/vc_column][\/vc_row][vc_row type=&#8221;container&#8221; padding_top=&#8221;&#8221; padding_bottom=&#8221;&#8221; css=&#8221;.vc_custom_1570987386070{margin-top: -15px !important;}&#8221;][vc_column][vc_column_text]\u00bfC\u00f3mo se fabrica el Aquavit? La producci\u00f3 d&#8217;Aquavit s&#8217;assembla molt a la de vodka o ginebra, utilitzant un destil\u00b7lat de gra neutre o, en el cas de Noruega, patates. L&#8217;esperit est\u00e0 impregnat de diversos components aromatitzants. Tot i que la nota diferent de com\u00ed \u00e9s [&hellip;]<\/p>\n","protected":false},"author":1,"featured_media":0,"parent":0,"menu_order":0,"comment_status":"closed","ping_status":"closed","template":"page-full-width.php","meta":{"_acf_changed":false,"footnotes":""},"class_list":["post-78257","page","type-page","status-publish","hentry"],"acf":[],"aioseo_notices":[],"jetpack_sharing_enabled":true,"jetpack_shortlink":"https:\/\/wp.me\/PemYjf-kmd","_links":{"self":[{"href":"https:\/\/whisky.ad\/ca\/wp-json\/wp\/v2\/pages\/78257","targetHints":{"allow":["GET"]}}],"collection":[{"href":"https:\/\/whisky.ad\/ca\/wp-json\/wp\/v2\/pages"}],"about":[{"href":"https:\/\/whisky.ad\/ca\/wp-json\/wp\/v2\/types\/page"}],"author":[{"embeddable":true,"href":"https:\/\/whisky.ad\/ca\/wp-json\/wp\/v2\/users\/1"}],"replies":[{"embeddable":true,"href":"https:\/\/whisky.ad\/ca\/wp-json\/wp\/v2\/comments?post=78257"}],"version-history":[{"count":2,"href":"https:\/\/whisky.ad\/ca\/wp-json\/wp\/v2\/pages\/78257\/revisions"}],"predecessor-version":[{"id":78275,"href":"https:\/\/whisky.ad\/ca\/wp-json\/wp\/v2\/pages\/78257\/revisions\/78275"}],"wp:attachment":[{"href":"https:\/\/whisky.ad\/ca\/wp-json\/wp\/v2\/media?parent=78257"}],"curies":[{"name":"wp","href":"https:\/\/api.w.org\/{rel}","templated":true}]}}