{"id":77892,"date":"2023-08-27T13:28:02","date_gmt":"2023-08-27T12:28:02","guid":{"rendered":"https:\/\/whisky.ad\/altres-esperits\/"},"modified":"2023-12-04T16:17:13","modified_gmt":"2023-12-04T15:17:13","slug":"altres-esperits","status":"publish","type":"page","link":"https:\/\/whisky.ad\/ca\/altres-esperits\/","title":{"rendered":"ALTRES ESPERITS"},"content":{"rendered":"[vc_row type=&#8221;full_page_width&#8221; padding_top=&#8221;&#8221; padding_bottom=&#8221;&#8221;][vc_column][layerslider_vc id=&#8221;20&#8243;][\/vc_column][\/vc_row][vc_row type=&#8221;full_page_width_inner_container&#8221; padding_top=&#8221;&#8221; padding_bottom=&#8221;&#8221;][vc_column][vc_column_text]Aquavit, bitter, calvados, conyac, arma\u00f1ac, brandy, ginebra y tequila tienen en com\u00fan que son bebidas alcoh\u00f3licas destiladas. He aqu\u00ed un desglossament m\u00e9s exhaustiu dels seus atributs comunes: <\/p>\n<ol>\n<li><strong>Destilaci\u00f3:<\/strong> Totes aquestes begudes espirituoses es creen a trav\u00e9s d&#8217;un proc\u00e9s de fermentaci\u00f3 seguit de destil\u00b7laci\u00f3. Aquest proc\u00e9s de destilaci\u00f3 consisteix en escalfar el l\u00edquid fermentat per separar l&#8217;alcohol dels altres components. <\/li>\n<li><strong>Base alcoh\u00f2lica:<\/strong> la majoria d&#8217;aquestes begudes alcoh\u00f2liques s&#8217;elaboren a partir d&#8217;una base fermentada, que pot incloure diversos ingredients com ara grans, sucs de fruites o n\u00e8ctar d&#8217;atzavara, segons el tipus d&#8217;alcohol.ebida espirituosa.<\/li>\n<li><strong>Aromatitzaci\u00f3:<\/strong> molts d&#8217;aquests licors estan aromatitzats o influ\u00efts per ingredients addicionals. Per exemple, l&#8217;aquavit est\u00e0 aromatitzat amb herbes i esp\u00e8cies, la ginebra s&#8217;aroma amb ginebre i altres bot\u00e0nics, i el calvados \u00e9s aromatitzat a poma per la seva producci\u00f3 a partir de sidra de poma. <\/li>\n<li><strong>ENVELLIMENT:<\/strong> Diversos d&#8217;aquests aiguardents, com ara el co\u00f1ac, l&#8217;armagnac, el brandi i alguns tipus de tequila, s&#8217;envelleixen en b\u00f3tes de roure per desenvolupar els seus sabors i caracter\u00edstiques amb el pas del temps.<\/li>\n<li><strong>Indicacions geogr\u00e0fiques:<\/strong> algunes d&#8217;aquestes begudes alcoh\u00f2liques, com el co\u00f1ac i l&#8217;armagnac, tenen indicacions geogr\u00e0fiques espec\u00edfiques que dicten on es poden produir. Per exemple, el conyac prov\u00e9 exclusivament de la regi\u00f3 del Cognac a Fran\u00e7a, i l&#8217;armagnac prov\u00e9 de la regi\u00f3 de Gascunya a Fran\u00e7a. <\/li>\n<li><strong>Import\u00e0ncia cultural:<\/strong> molts d&#8217;aquests esperits tenen un significat cultural als seus pa\u00efsos d&#8217;origen. Per exemple, el tequila est\u00e0 molt lligat a la cultura mexicana, mentre que el cognac i l&#8217;armagnac tenen arrels profundes en les tradicions franceses. <\/li>\n<li><strong>Varietat d&#8217;estils:<\/strong> cadascun d&#8217;aquests licors t\u00e9 diversos estils i tipus que poden variar en termes d&#8217;envelliment, perfils de sabor i m\u00e8todes de producci\u00f3. Per exemple, el conyac t\u00e9 designacions com VS, VSOP i XO que indiquen diferents nivells d&#8217;envelliment. <\/li>\n<\/ol>\n<p>Tot i que aquests begudes alcoh\u00f2liques tenen elements comuns, cadascun t\u00e9 les seves caracter\u00edstiques \u00faniques que els fan diferents i apreciats dins del m\u00f3n de les begudes alcoh\u00f2liques.[\/vc_column_text][\/vc_column][\/vc_row]\n","protected":false},"excerpt":{"rendered":"<p>[vc_row type=&#8221;full_page_width&#8221; padding_top=&#8221;&#8221; padding_bottom=&#8221;&#8221;][vc_column][layerslider_vc id=&#8221;20&#8243;][\/vc_column][\/vc_row][vc_row type=&#8221;full_page_width_inner_container&#8221; padding_top=&#8221;&#8221; padding_bottom=&#8221;&#8221;][vc_column][vc_column_text]Aquavit, bitter, calvados, conyac, arma\u00f1ac, brandy, ginebra y tequila tienen en com\u00fan que son bebidas alcoh\u00f3licas destiladas. He aqu\u00ed un desglossament m\u00e9s exhaustiu dels seus atributs comunes: Destilaci\u00f3: Totes aquestes begudes espirituoses es creen a trav\u00e9s d&#8217;un proc\u00e9s de fermentaci\u00f3 seguit de destil\u00b7laci\u00f3. Aquest proc\u00e9s de destilaci\u00f3 consisteix [&hellip;]<\/p>\n","protected":false},"author":1,"featured_media":0,"parent":0,"menu_order":0,"comment_status":"closed","ping_status":"closed","template":"page-full-width.php","meta":{"_acf_changed":false,"footnotes":""},"class_list":["post-77892","page","type-page","status-publish","hentry"],"acf":[],"aioseo_notices":[],"jetpack_sharing_enabled":true,"jetpack_shortlink":"https:\/\/wp.me\/PemYjf-kgk","_links":{"self":[{"href":"https:\/\/whisky.ad\/ca\/wp-json\/wp\/v2\/pages\/77892","targetHints":{"allow":["GET"]}}],"collection":[{"href":"https:\/\/whisky.ad\/ca\/wp-json\/wp\/v2\/pages"}],"about":[{"href":"https:\/\/whisky.ad\/ca\/wp-json\/wp\/v2\/types\/page"}],"author":[{"embeddable":true,"href":"https:\/\/whisky.ad\/ca\/wp-json\/wp\/v2\/users\/1"}],"replies":[{"embeddable":true,"href":"https:\/\/whisky.ad\/ca\/wp-json\/wp\/v2\/comments?post=77892"}],"version-history":[{"count":2,"href":"https:\/\/whisky.ad\/ca\/wp-json\/wp\/v2\/pages\/77892\/revisions"}],"predecessor-version":[{"id":77898,"href":"https:\/\/whisky.ad\/ca\/wp-json\/wp\/v2\/pages\/77892\/revisions\/77898"}],"wp:attachment":[{"href":"https:\/\/whisky.ad\/ca\/wp-json\/wp\/v2\/media?parent=77892"}],"curies":[{"name":"wp","href":"https:\/\/api.w.org\/{rel}","templated":true}]}}